{"id":8263,"date":"2022-08-15T12:45:54","date_gmt":"2022-08-15T10:45:54","guid":{"rendered":"https:\/\/hove-as.com\/support\/patente\/"},"modified":"2023-11-07T13:47:29","modified_gmt":"2023-11-07T12:47:29","slug":"patente","status":"publish","type":"page","link":"https:\/\/hove-as.com\/de\/support\/patente\/","title":{"rendered":"Patente"},"content":{"rendered":"\n<div class=\"wp-block-cover alignfull is-style-hero\"><span aria-hidden=\"true\" class=\"wp-block-cover__background has-red-1-background-color has-background-dim-0 has-background-dim\"><\/span><img loading=\"lazy\" decoding=\"async\" width=\"1438\" height=\"979\" class=\"wp-block-cover__image-background wp-image-523\" alt=\"\" src=\"https:\/\/hove-as.com\/wp-content\/uploads\/2021\/09\/5-hero-1.jpg\" data-object-fit=\"cover\" srcset=\"https:\/\/hove-as.com\/wp-content\/uploads\/2021\/09\/5-hero-1.jpg 1438w, https:\/\/hove-as.com\/wp-content\/uploads\/2021\/09\/5-hero-1-300x204.jpg 300w, https:\/\/hove-as.com\/wp-content\/uploads\/2021\/09\/5-hero-1-1024x697.jpg 1024w, https:\/\/hove-as.com\/wp-content\/uploads\/2021\/09\/5-hero-1-768x523.jpg 768w\" sizes=\"auto, (max-width: 1438px) 100vw, 1438px\" \/><div class=\"wp-block-cover__inner-container is-layout-flow wp-block-cover-is-layout-flow\">\n<div class=\"wp-block-group alignwide\"><div class=\"wp-block-group__inner-container is-layout-flow wp-block-group-is-layout-flow\">\n<h1 class=\"wp-block-heading\">Patente<\/h1>\n\n\n\n<p>Informationen \u00fcber die Patente von Hove finden Sie hier.<\/p>\n<\/div><\/div>\n<\/div><\/div>\n\n<div class=\"wp-block-group alignfull has-white-background-color has-background\"><div class=\"wp-block-group__inner-container is-layout-flow wp-block-group-is-layout-flow\">\n<div class=\"wp-block-group alignwide\"><div class=\"wp-block-group__inner-container is-layout-flow wp-block-group-is-layout-flow\">\n<h2 class=\"has-blue-1-color has-text-color wp-block-heading\">\u00dcbersicht \u00fcber Patente<\/h2>\n\n\n\n<h3 class=\"has-blue-2-color has-text-color wp-block-heading\"><span class=\"uppercase\"><strong>Durch Patente gesch\u00fctzte Produkte<\/strong><\/span><\/h3>\n\n\n\n<div class=\"wp-block-buttons is-style-download is-layout-flex wp-block-buttons-is-layout-flex\">\n<div class=\"wp-block-button is-style-outline is-style-outline--1\"><a class=\"wp-block-button__link has-blue-1-color has-text-color\" href=\"https:\/\/hove-as.com\/wp-content\/uploads\/2022\/08\/Hove-Patents_August-2022.pdf\" target=\"_blank\" rel=\"noreferrer noopener\">Jetzt herunterladen<\/a><\/div>\n<\/div>\n<\/div><\/div>\n<\/div><\/div>\n\n<div class=\"wp-block-group alignfull has-blue-3-background-color has-background\" id=\"get-in-touch\"><div class=\"wp-block-group__inner-container is-layout-flow wp-block-group-is-layout-flow\">\n<div class=\"wp-block-group alignwide\"><div class=\"wp-block-group__inner-container is-layout-flow wp-block-group-is-layout-flow\">\n<div class=\"wp-block-columns is-layout-flex wp-container-core-columns-is-layout-9d6595d7 wp-block-columns-is-layout-flex\">\n<div class=\"wp-block-column is-layout-flow wp-block-column-is-layout-flow\" style=\"flex-basis:65%\">\n<h2 class=\"wp-block-heading has-blue-1-color has-text-color\" id=\"get-in-touch\">Kontakt aufnehmen<\/h2>\n\n\n\n<p class=\"is-style-lead has-blue-1-color has-text-color\">Wenn Sie Fragen zu den Produkten, Angeboten und Dienstleistungen von Hove haben oder mehr dar\u00fcber erfahren m\u00f6chten, wie Ihr Unternehmen von Hove profitieren kann, z\u00f6gern Sie bitte nicht, uns zu kontaktieren. Wir sind hier, um zu helfen.<\/p>\n<\/div>\n\n\n\n<div class=\"wp-block-column is-layout-flow wp-block-column-is-layout-flow\"><\/div>\n<\/div>\n\n\n\n<div class=\"wpcf7 no-js\" id=\"wpcf7-f8495-o1\" lang=\"de-DE\" dir=\"ltr\" data-wpcf7-id=\"8495\">\n<div class=\"screen-reader-response\"><p role=\"status\" aria-live=\"polite\" aria-atomic=\"true\"><\/p> <ul><\/ul><\/div>\n<form action=\"\/de\/wp-json\/wp\/v2\/pages\/8263#wpcf7-f8495-o1\" method=\"post\" class=\"wpcf7-form init\" aria-label=\"Kontaktformular\" novalidate=\"novalidate\" data-status=\"init\">\n<fieldset class=\"hidden-fields-container\"><input type=\"hidden\" name=\"_wpcf7\" value=\"8495\" \/><input type=\"hidden\" name=\"_wpcf7_version\" value=\"6.1.1\" \/><input type=\"hidden\" name=\"_wpcf7_locale\" value=\"de_DE\" \/><input type=\"hidden\" name=\"_wpcf7_unit_tag\" value=\"wpcf7-f8495-o1\" \/><input type=\"hidden\" name=\"_wpcf7_container_post\" value=\"0\" \/><input type=\"hidden\" name=\"_wpcf7_posted_data_hash\" value=\"\" \/><input type=\"hidden\" name=\"_wpcf7cf_hidden_group_fields\" value=\"[]\" \/><input type=\"hidden\" name=\"_wpcf7cf_hidden_groups\" value=\"[]\" \/><input type=\"hidden\" name=\"_wpcf7cf_visible_groups\" value=\"[]\" \/><input type=\"hidden\" name=\"_wpcf7cf_repeaters\" value=\"[]\" \/><input type=\"hidden\" name=\"_wpcf7cf_steps\" value=\"{}\" \/><input type=\"hidden\" name=\"_wpcf7cf_options\" value=\"{&quot;form_id&quot;:8495,&quot;conditions&quot;:[],&quot;settings&quot;:{&quot;animation&quot;:&quot;yes&quot;,&quot;animation_intime&quot;:200,&quot;animation_outtime&quot;:200,&quot;conditions_ui&quot;:&quot;normal&quot;,&quot;notice_dismissed&quot;:false,&quot;notice_dismissed_update-cf7-5.7.3&quot;:true}}\" \/><input type=\"hidden\" name=\"_wpcf7_recaptcha_response\" value=\"\" \/>\n<\/fieldset>\n<div class=\"row\">\n\t<div class=\"col-md-4\">\n\t\t<p><span class=\"wpcf7-form-control-wrap\" data-name=\"your-name\"><input size=\"40\" maxlength=\"400\" class=\"wpcf7-form-control wpcf7-text wpcf7-validates-as-required\" aria-required=\"true\" aria-invalid=\"false\" placeholder=\"Name*\" value=\"\" type=\"text\" name=\"your-name\" \/><\/span><br \/>\n<span class=\"wpcf7-form-control-wrap\" data-name=\"your-job\"><input size=\"40\" maxlength=\"400\" class=\"wpcf7-form-control wpcf7-text\" aria-invalid=\"false\" placeholder=\"Stellenbezeichnung\" value=\"\" type=\"text\" name=\"your-job\" \/><\/span><br \/>\n<span id=\"wpcf7-69dc2eb512453-wrapper\" class=\"wpcf7-form-control-wrap website-wrap\" ><input type=\"hidden\" name=\"website-time-start\" value=\"1776037557\"><input type=\"hidden\" name=\"website-time-check\" value=\"7\"><label for=\"wpcf7-69dc2eb512453-field\" class=\"hp-message\">Bitte lasse dieses Feld leer.<\/label><input id=\"wpcf7-69dc2eb512453-field\"  placeholder=\"http:\/\/example.com\"  class=\"wpcf7-form-control wpcf7-text\" type=\"text\" name=\"website\" value=\"\" size=\"40\" tabindex=\"-1\" autocomplete=\"new-password\" \/><\/span>\n\t\t<\/p>\n\t<\/div>\n\t<div class=\"col-md-4 pb-3\">\n\t\t<p><span class=\"wpcf7-form-control-wrap\" data-name=\"your-email\"><input size=\"40\" maxlength=\"400\" class=\"wpcf7-form-control wpcf7-email wpcf7-validates-as-required wpcf7-text wpcf7-validates-as-email\" aria-required=\"true\" aria-invalid=\"false\" placeholder=\"E-mail*\" value=\"\" type=\"email\" name=\"your-email\" \/><\/span><br \/>\n<span class=\"wpcf7-form-control-wrap\" data-name=\"region\"><select class=\"wpcf7-form-control wpcf7-select wpcf7-validates-as-required bg-white\" aria-required=\"true\" aria-invalid=\"false\" name=\"region\"><option value=\"\">&#8211; Bitte ausw\u00e4hlen &#8211;<\/option><option value=\"Europa\">Europa<\/option><option value=\"Asia\">Asia<\/option><option value=\"Nahen Osten (und T\u00fcrkei)\">Nahen Osten (und T\u00fcrkei)<\/option><option value=\"Nordamerika und Kanada\">Nordamerika und Kanada<\/option><option value=\"S\u00fcdamerika\">S\u00fcdamerika<\/option><\/select><\/span>\n\t\t<\/p>\n\t<\/div>\n\t<div class=\"col-md-4\">\n\t\t<p><span class=\"wpcf7-form-control-wrap\" data-name=\"your-message\"><textarea cols=\"40\" rows=\"4\" maxlength=\"2000\" class=\"wpcf7-form-control wpcf7-textarea wpcf7-validates-as-required\" aria-required=\"true\" aria-invalid=\"false\" placeholder=\"Nachricht*\" name=\"your-message\"><\/textarea><\/span>\n\t\t<\/p>\n\t<\/div>\n<\/div>\n<div class=\"row\">\n\t<div class=\"col-md-4\">\n\t\t<div class=\"wp-block-buttons\">\n\t\t\t<div class=\"wp-block-button is-style-outline\">\n\t\t\t\t<p><label class=\"wp-block-button__link has-text-color has-blue-1-color\"><input class=\"wpcf7-form-control wpcf7-submit has-spinner\" type=\"submit\" value=\"Senden\" \/><\/label>\n\t\t\t\t<\/p>\n\t\t\t<\/div>\n\t\t<\/div>\n\t<\/div>\n<\/div><div class=\"wpcf7-response-output\" aria-hidden=\"true\"><\/div>\n<\/form>\n<\/div>\n\n<\/div><\/div>\n<\/div><\/div>\n","protected":false},"excerpt":{"rendered":"<p>\u00dcbersicht \u00fcber Patente Durch Patente gesch\u00fctzte Produkte<\/p>\n","protected":false},"author":1,"featured_media":0,"parent":8211,"menu_order":15,"comment_status":"closed","ping_status":"closed","template":"","meta":{"_acf_changed":false,"_editorskit_title_hidden":false,"_editorskit_reading_time":0,"_editorskit_is_block_options_detached":false,"_editorskit_block_options_position":"{}","footnotes":""},"class_list":["post-8263","page","type-page","status-publish","hentry","entry"],"acf":{"color":null},"yoast_head":"<!-- This site is optimized with the Yoast SEO plugin v25.7 - https:\/\/yoast.com\/wordpress\/plugins\/seo\/ -->\n<title>Patente - Hove A\/S<\/title>\n<meta name=\"robots\" content=\"index, follow, max-snippet:-1, max-image-preview:large, max-video-preview:-1\" \/>\n<link rel=\"canonical\" href=\"https:\/\/hove-as.com\/de\/support\/patente\/\" \/>\n<meta property=\"og:locale\" content=\"de_DE\" \/>\n<meta property=\"og:type\" content=\"article\" \/>\n<meta property=\"og:title\" content=\"Patente - Hove A\/S\" \/>\n<meta property=\"og:description\" content=\"\u00dcbersicht \u00fcber Patente Durch Patente gesch\u00fctzte Produkte\" \/>\n<meta property=\"og:url\" content=\"https:\/\/hove-as.com\/de\/support\/patente\/\" \/>\n<meta property=\"og:site_name\" content=\"Hove A\/S\" \/>\n<meta property=\"article:modified_time\" content=\"2023-11-07T12:47:29+00:00\" \/>\n<meta property=\"og:image\" content=\"https:\/\/hove-as.com\/wp-content\/uploads\/2021\/09\/5-hero-1.jpg\" \/>\n<meta name=\"twitter:card\" content=\"summary_large_image\" \/>\n<script type=\"application\/ld+json\" class=\"yoast-schema-graph\">{\"@context\":\"https:\/\/schema.org\",\"@graph\":[{\"@type\":\"WebPage\",\"@id\":\"https:\/\/hove-as.com\/de\/support\/patente\/\",\"url\":\"https:\/\/hove-as.com\/de\/support\/patente\/\",\"name\":\"Patente - Hove A\/S\",\"isPartOf\":{\"@id\":\"https:\/\/hove-as.com\/de\/#website\"},\"primaryImageOfPage\":{\"@id\":\"https:\/\/hove-as.com\/de\/support\/patente\/#primaryimage\"},\"image\":{\"@id\":\"https:\/\/hove-as.com\/de\/support\/patente\/#primaryimage\"},\"thumbnailUrl\":\"https:\/\/hove-as.com\/wp-content\/uploads\/2021\/09\/5-hero-1.jpg\",\"datePublished\":\"2022-08-15T10:45:54+00:00\",\"dateModified\":\"2023-11-07T12:47:29+00:00\",\"breadcrumb\":{\"@id\":\"https:\/\/hove-as.com\/de\/support\/patente\/#breadcrumb\"},\"inLanguage\":\"de-DE\",\"potentialAction\":[{\"@type\":\"ReadAction\",\"target\":[\"https:\/\/hove-as.com\/de\/support\/patente\/\"]}]},{\"@type\":\"ImageObject\",\"inLanguage\":\"de-DE\",\"@id\":\"https:\/\/hove-as.com\/de\/support\/patente\/#primaryimage\",\"url\":\"https:\/\/hove-as.com\/wp-content\/uploads\/2021\/09\/5-hero-1.jpg\",\"contentUrl\":\"https:\/\/hove-as.com\/wp-content\/uploads\/2021\/09\/5-hero-1.jpg\"},{\"@type\":\"BreadcrumbList\",\"@id\":\"https:\/\/hove-as.com\/de\/support\/patente\/#breadcrumb\",\"itemListElement\":[{\"@type\":\"ListItem\",\"position\":1,\"name\":\"Home\",\"item\":\"https:\/\/hove-as.com\/de\/\"},{\"@type\":\"ListItem\",\"position\":2,\"name\":\"Support\",\"item\":\"https:\/\/hove-as.com\/de\/service-support\/\"},{\"@type\":\"ListItem\",\"position\":3,\"name\":\"Patente\"}]},{\"@type\":\"WebSite\",\"@id\":\"https:\/\/hove-as.com\/de\/#website\",\"url\":\"https:\/\/hove-as.com\/de\/\",\"name\":\"Hove A\/S\",\"description\":\"\",\"potentialAction\":[{\"@type\":\"SearchAction\",\"target\":{\"@type\":\"EntryPoint\",\"urlTemplate\":\"https:\/\/hove-as.com\/de\/?s={search_term_string}\"},\"query-input\":{\"@type\":\"PropertyValueSpecification\",\"valueRequired\":true,\"valueName\":\"search_term_string\"}}],\"inLanguage\":\"de-DE\"}]}<\/script>\n<!-- \/ Yoast SEO plugin. -->","yoast_head_json":{"title":"Patente - Hove A\/S","robots":{"index":"index","follow":"follow","max-snippet":"max-snippet:-1","max-image-preview":"max-image-preview:large","max-video-preview":"max-video-preview:-1"},"canonical":"https:\/\/hove-as.com\/de\/support\/patente\/","og_locale":"de_DE","og_type":"article","og_title":"Patente - Hove A\/S","og_description":"\u00dcbersicht \u00fcber Patente Durch Patente gesch\u00fctzte Produkte","og_url":"https:\/\/hove-as.com\/de\/support\/patente\/","og_site_name":"Hove A\/S","article_modified_time":"2023-11-07T12:47:29+00:00","og_image":[{"url":"https:\/\/hove-as.com\/wp-content\/uploads\/2021\/09\/5-hero-1.jpg","type":"","width":"","height":""}],"twitter_card":"summary_large_image","schema":{"@context":"https:\/\/schema.org","@graph":[{"@type":"WebPage","@id":"https:\/\/hove-as.com\/de\/support\/patente\/","url":"https:\/\/hove-as.com\/de\/support\/patente\/","name":"Patente - Hove A\/S","isPartOf":{"@id":"https:\/\/hove-as.com\/de\/#website"},"primaryImageOfPage":{"@id":"https:\/\/hove-as.com\/de\/support\/patente\/#primaryimage"},"image":{"@id":"https:\/\/hove-as.com\/de\/support\/patente\/#primaryimage"},"thumbnailUrl":"https:\/\/hove-as.com\/wp-content\/uploads\/2021\/09\/5-hero-1.jpg","datePublished":"2022-08-15T10:45:54+00:00","dateModified":"2023-11-07T12:47:29+00:00","breadcrumb":{"@id":"https:\/\/hove-as.com\/de\/support\/patente\/#breadcrumb"},"inLanguage":"de-DE","potentialAction":[{"@type":"ReadAction","target":["https:\/\/hove-as.com\/de\/support\/patente\/"]}]},{"@type":"ImageObject","inLanguage":"de-DE","@id":"https:\/\/hove-as.com\/de\/support\/patente\/#primaryimage","url":"https:\/\/hove-as.com\/wp-content\/uploads\/2021\/09\/5-hero-1.jpg","contentUrl":"https:\/\/hove-as.com\/wp-content\/uploads\/2021\/09\/5-hero-1.jpg"},{"@type":"BreadcrumbList","@id":"https:\/\/hove-as.com\/de\/support\/patente\/#breadcrumb","itemListElement":[{"@type":"ListItem","position":1,"name":"Home","item":"https:\/\/hove-as.com\/de\/"},{"@type":"ListItem","position":2,"name":"Support","item":"https:\/\/hove-as.com\/de\/service-support\/"},{"@type":"ListItem","position":3,"name":"Patente"}]},{"@type":"WebSite","@id":"https:\/\/hove-as.com\/de\/#website","url":"https:\/\/hove-as.com\/de\/","name":"Hove A\/S","description":"","potentialAction":[{"@type":"SearchAction","target":{"@type":"EntryPoint","urlTemplate":"https:\/\/hove-as.com\/de\/?s={search_term_string}"},"query-input":{"@type":"PropertyValueSpecification","valueRequired":true,"valueName":"search_term_string"}}],"inLanguage":"de-DE"}]}},"_links":{"self":[{"href":"https:\/\/hove-as.com\/de\/wp-json\/wp\/v2\/pages\/8263","targetHints":{"allow":["GET"]}}],"collection":[{"href":"https:\/\/hove-as.com\/de\/wp-json\/wp\/v2\/pages"}],"about":[{"href":"https:\/\/hove-as.com\/de\/wp-json\/wp\/v2\/types\/page"}],"author":[{"embeddable":true,"href":"https:\/\/hove-as.com\/de\/wp-json\/wp\/v2\/users\/1"}],"replies":[{"embeddable":true,"href":"https:\/\/hove-as.com\/de\/wp-json\/wp\/v2\/comments?post=8263"}],"version-history":[{"count":0,"href":"https:\/\/hove-as.com\/de\/wp-json\/wp\/v2\/pages\/8263\/revisions"}],"up":[{"embeddable":true,"href":"https:\/\/hove-as.com\/de\/wp-json\/wp\/v2\/pages\/8211"}],"wp:attachment":[{"href":"https:\/\/hove-as.com\/de\/wp-json\/wp\/v2\/media?parent=8263"}],"curies":[{"name":"wp","href":"https:\/\/api.w.org\/{rel}","templated":true}]}}