{"id":8271,"date":"2023-08-25T15:00:40","date_gmt":"2023-08-25T13:00:40","guid":{"rendered":"https:\/\/hove-as.com\/massgeschneiderte-infos\/"},"modified":"2023-11-08T15:51:39","modified_gmt":"2023-11-08T14:51:39","slug":"massgeschneiderte-infos","status":"publish","type":"page","link":"https:\/\/hove-as.com\/de\/massgeschneiderte-infos\/","title":{"rendered":"Ma\u00dfgeschneiderte Infos"},"content":{"rendered":"\n<div class=\"wp-block-cover alignfull is-style-hero\"><span aria-hidden=\"true\" class=\"wp-block-cover__background has-blue-1-background-color has-background-dim-0 has-background-dim\"><\/span><img loading=\"lazy\" decoding=\"async\" width=\"2560\" height=\"1735\" class=\"wp-block-cover__image-background wp-image-972\" alt=\"\" src=\"https:\/\/hovestg.wpengine.com\/wp-content\/uploads\/2021\/12\/New_herobanner-harbor-scaled.jpg\" data-object-fit=\"cover\" srcset=\"https:\/\/hove-as.com\/wp-content\/uploads\/2021\/12\/New_herobanner-harbor-scaled.jpg 2560w, https:\/\/hove-as.com\/wp-content\/uploads\/2021\/12\/New_herobanner-harbor-300x203.jpg 300w, https:\/\/hove-as.com\/wp-content\/uploads\/2021\/12\/New_herobanner-harbor-1024x694.jpg 1024w, https:\/\/hove-as.com\/wp-content\/uploads\/2021\/12\/New_herobanner-harbor-768x520.jpg 768w, https:\/\/hove-as.com\/wp-content\/uploads\/2021\/12\/New_herobanner-harbor-1536x1041.jpg 1536w, https:\/\/hove-as.com\/wp-content\/uploads\/2021\/12\/New_herobanner-harbor-2048x1388.jpg 2048w\" sizes=\"auto, (max-width: 2560px) 100vw, 2560px\" \/><div class=\"wp-block-cover__inner-container is-layout-flow wp-block-cover-is-layout-flow\">\n<div class=\"wp-block-group alignwide\"><div class=\"wp-block-group__inner-container is-layout-flow wp-block-group-is-layout-flow\">\n<h1 class=\"wp-block-heading\">Ma\u00dfgeschneiderte Infos<\/h1>\n<\/div><\/div>\n<\/div><\/div>\n\n\n\n<div class=\"wp-block-group alignfull has-blue-3-background-color has-background\"><div class=\"wp-block-group__inner-container is-layout-flow wp-block-group-is-layout-flow\">\n<div class=\"wp-block-group alignwide\"><div class=\"wp-block-group__inner-container is-layout-flow wp-block-group-is-layout-flow\">\n<div class=\"wp-block-columns is-layout-flex wp-container-core-columns-is-layout-9d6595d7 wp-block-columns-is-layout-flex\">\n<div class=\"wp-block-column is-layout-flow wp-block-column-is-layout-flow\" style=\"flex-basis:65%\">\n<h2 class=\"wp-block-heading has-blue-1-color has-text-color\">Ma\u00dfgeschneiderte Informationen erhalten<\/h2>\n\n\n\n<p class=\"is-style-lead has-blue-1-color has-text-color\">Entdecken Sie mehr \u00fcber die Produkte von Hove nach Ihren eigenen Vorstellungen. F\u00fcllen Sie das Formular aus und lassen Sie sich die Informationen zu den Produkten, die Sie interessieren, direkt per E-Mail schicken.<\/p>\n<\/div>\n\n\n\n<div class=\"wp-block-column is-layout-flow wp-block-column-is-layout-flow\"><\/div>\n<\/div>\n\n\n\n<div class=\"wp-block-contact-form-7-contact-form-selector\">\n<div class=\"wpcf7 no-js\" id=\"wpcf7-f8268-o1\" lang=\"de-DE\" dir=\"ltr\" data-wpcf7-id=\"8268\">\n<div class=\"screen-reader-response\"><p role=\"status\" aria-live=\"polite\" aria-atomic=\"true\"><\/p> <ul><\/ul><\/div>\n<form action=\"\/de\/wp-json\/wp\/v2\/pages\/8271#wpcf7-f8268-o1\" method=\"post\" class=\"wpcf7-form init\" aria-label=\"Kontaktformular\" novalidate=\"novalidate\" data-status=\"init\">\n<fieldset class=\"hidden-fields-container\"><input type=\"hidden\" name=\"_wpcf7\" value=\"8268\" \/><input type=\"hidden\" name=\"_wpcf7_version\" value=\"6.1.1\" \/><input type=\"hidden\" name=\"_wpcf7_locale\" value=\"de_DE\" \/><input type=\"hidden\" name=\"_wpcf7_unit_tag\" value=\"wpcf7-f8268-o1\" \/><input type=\"hidden\" name=\"_wpcf7_container_post\" value=\"0\" \/><input type=\"hidden\" name=\"_wpcf7_posted_data_hash\" value=\"\" \/><input type=\"hidden\" name=\"_wpcf7cf_hidden_group_fields\" value=\"[]\" \/><input type=\"hidden\" name=\"_wpcf7cf_hidden_groups\" value=\"[]\" \/><input type=\"hidden\" name=\"_wpcf7cf_visible_groups\" value=\"[]\" \/><input type=\"hidden\" name=\"_wpcf7cf_repeaters\" value=\"[]\" \/><input type=\"hidden\" name=\"_wpcf7cf_steps\" value=\"{}\" \/><input type=\"hidden\" name=\"_wpcf7cf_options\" value=\"{&quot;form_id&quot;:8268,&quot;conditions&quot;:[],&quot;settings&quot;:{&quot;animation&quot;:&quot;yes&quot;,&quot;animation_intime&quot;:200,&quot;animation_outtime&quot;:200,&quot;conditions_ui&quot;:&quot;normal&quot;,&quot;notice_dismissed&quot;:false,&quot;notice_dismissed_update-cf7-5.7.3&quot;:true}}\" \/><input type=\"hidden\" name=\"_wpcf7_recaptcha_response\" value=\"\" \/>\n<\/fieldset>\n<div class=\"row\">\n\t<div class=\"col-md-4\">\n\t\t<p><label><span class=\"wpcf7-form-control-wrap\" data-name=\"your-name\"><input size=\"40\" maxlength=\"400\" class=\"wpcf7-form-control wpcf7-text wpcf7-validates-as-required\" aria-required=\"true\" aria-invalid=\"false\" placeholder=\"Vollst\u00e4ndiger Name*\" value=\"\" type=\"text\" name=\"your-name\" \/><\/span><\/label>\n\t\t<\/p>\n\t<\/div>\n\t<div class=\"col-md-4\">\n\t\t<p><span class=\"wpcf7-form-control-wrap\" data-name=\"your-email\"><input size=\"40\" maxlength=\"400\" class=\"wpcf7-form-control wpcf7-email wpcf7-validates-as-required wpcf7-text wpcf7-validates-as-email\" aria-required=\"true\" aria-invalid=\"false\" placeholder=\"E-mail*\" value=\"\" type=\"email\" name=\"your-email\" \/><\/span>\n\t\t<\/p>\n\t<\/div>\n\t<div class=\"col-md-4\">\n\t\t<p><span class=\"wpcf7-form-control-wrap\" data-name=\"region\"><select class=\"wpcf7-form-control wpcf7-select wpcf7-validates-as-required bg-white\" aria-required=\"true\" aria-invalid=\"false\" name=\"region\"><option value=\"\">&#8211; Bitte ausw\u00e4hlen &#8211;<\/option><option value=\"Europa\">Europa<\/option><option value=\"Asien\">Asien<\/option><option value=\"Naher Osten (und T\u00fcrkiye)\">Naher Osten (und T\u00fcrkiye)<\/option><option value=\"Nordamerika und Kanada\">Nordamerika und Kanada<\/option><option value=\"S\u00fcdamerika\">S\u00fcdamerika<\/option><\/select><\/span>\n\t\t<\/p>\n\t<\/div>\n<\/div>\n<div class=\"row\">\n\t<div class=\"col-md-4\">\n\t\t<p><span class=\"wpcf7-form-control-wrap\" data-name=\"your-title\"><input size=\"40\" maxlength=\"400\" class=\"wpcf7-form-control wpcf7-text wpcf7-validates-as-required\" aria-required=\"true\" aria-invalid=\"false\" placeholder=\"Stellenbezeichnung*\" value=\"\" type=\"text\" name=\"your-title\" \/><\/span>\n\t\t<\/p>\n\t<\/div>\n\t<div class=\"col-md-4\">\n\t\t<p><span class=\"wpcf7-form-control-wrap\" data-name=\"your-company\"><input size=\"40\" maxlength=\"400\" class=\"wpcf7-form-control wpcf7-text wpcf7-validates-as-required\" aria-required=\"true\" aria-invalid=\"false\" placeholder=\"Organisation*\" value=\"\" type=\"text\" name=\"your-company\" \/><\/span>\n\t\t<\/p>\n\t<\/div>\n<\/div>\n<div class=\"row\">\n\t<div class=\"col\">\n\t\t<h3 class=\"has-blue-2-color has-text-color\" style=\"text-transform:uppercase;padding-bottom:0;\"><strong>W\u00e4hlen Sie das\/die Produkt(e), \u00fcber das\/die Sie mehr erfahren m\u00f6chten<\/strong>\n\t\t<\/h3>\n\t<hr class=\"wp-block-separator has-background has-blue-2-background-color my-4\" \/>\n\t\t<p><span class=\"wpcf7-form-control-wrap\" data-name=\"products\"><span class=\"wpcf7-form-control wpcf7-checkbox wpcf7-validates-as-required grid gap-1\"><span class=\"wpcf7-list-item first\"><label><input type=\"checkbox\" name=\"products[]\" value=\"Hove One\" \/><span class=\"wpcf7-list-item-label\">Hove One<\/span><\/label><\/span><span class=\"wpcf7-list-item\"><label><input type=\"checkbox\" name=\"products[]\" value=\"Hove Easy Grease\" \/><span class=\"wpcf7-list-item-label\">Hove Easy Grease<\/span><\/label><\/span><span class=\"wpcf7-list-item\"><label><input type=\"checkbox\" name=\"products[]\" value=\"Hove Smart Lube\" \/><span class=\"wpcf7-list-item-label\">Hove Smart Lube<\/span><\/label><\/span><span class=\"wpcf7-list-item\"><label><input type=\"checkbox\" name=\"products[]\" value=\"Schmiermittelzubeh\u00f6r\" \/><span class=\"wpcf7-list-item-label\">Schmiermittelzubeh\u00f6r<\/span><\/label><\/span><span class=\"wpcf7-list-item\"><label><input type=\"checkbox\" name=\"products[]\" value=\"Hove Carry\" \/><span class=\"wpcf7-list-item-label\">Hove Carry<\/span><\/label><\/span><span class=\"wpcf7-list-item\"><label><input type=\"checkbox\" name=\"products[]\" value=\"Hove Refiller\" \/><span class=\"wpcf7-list-item-label\">Hove Refiller<\/span><\/label><\/span><span class=\"wpcf7-list-item\"><label><input type=\"checkbox\" name=\"products[]\" value=\"Beinlich Pumpen\" \/><span class=\"wpcf7-list-item-label\">Beinlich Pumpen<\/span><\/label><\/span><span class=\"wpcf7-list-item last\"><label><input type=\"checkbox\" name=\"products[]\" value=\"Vorgef\u00fcllte Fettkartuschen\" \/><span class=\"wpcf7-list-item-label\">Vorgef\u00fcllte Fettkartuschen<\/span><\/label><\/span><\/span><\/span><br \/>\n\t\t<hr class=\"wp-block-separator has-background has-blue-2-background-color\" \/><br \/>\n<span class=\"wpcf7-form-control-wrap\" data-name=\"permission\"><span class=\"wpcf7-form-control wpcf7-acceptance\"><span class=\"wpcf7-list-item\"><label><input type=\"checkbox\" name=\"permission\" value=\"1\" aria-invalid=\"false\" \/><span class=\"wpcf7-list-item-label\"><span><b>Melden Sie sich f\u00fcr unseren Newsletter an<\/b><br>Ja, bitte schicken Sie mir den Newsletter von Hove. Die Themen umfassen Neuigkeiten, Fallbeispiele, Tipps, Produktbeschreibungen, Einladungen zu Webinaren, Veranstaltungen und Workshops. Wir verarbeiten Ihre Daten in \u00dcbereinstimmung mit unserer <a href=\"https:\/\/hove-as.com\/de\/ueber-uns\/hove-richtlinien\/\" target=\"_blank\">Datenschutzerkl\u00e4rung<\/a>.<\/span><\/span><\/label><\/span><\/span><\/span>\n\t\t<\/p>\n\t<\/div>\n<\/div>\n<div class=\"row\">\n\t<div class=\"col-md-4\">\n\t\t<div class=\"wp-block-buttons\">\n\t\t\t<div class=\"wp-block-button is-style-outline\">\n\t\t\t\t<p><label class=\"wp-block-button__link has-text-color has-blue-1-color\"><input class=\"wpcf7-form-control wpcf7-submit has-spinner\" type=\"submit\" value=\"Senden\" \/><\/label>\n\t\t\t\t<\/p>\n\t\t\t<\/div>\n\t\t<\/div>\n\t<\/div>\n<\/div><div class=\"wpcf7-response-output\" aria-hidden=\"true\"><\/div>\n<\/form>\n<\/div>\n<\/div>\n<\/div><\/div>\n<\/div><\/div>\n","protected":false},"excerpt":{"rendered":"<p>Ma\u00dfgeschneiderte Informationen erhalten Entdecken Sie mehr \u00fcber die Produkte von Hove nach Ihren eigenen Vorstellungen. F\u00fcllen Sie das Formular aus und lassen Sie sich die Informationen zu den Produkten, die Sie interessieren, direkt per E-Mail schicken.<\/p>\n","protected":false},"author":1,"featured_media":0,"parent":0,"menu_order":0,"comment_status":"closed","ping_status":"closed","template":"","meta":{"_acf_changed":false,"_editorskit_title_hidden":false,"_editorskit_reading_time":0,"_editorskit_is_block_options_detached":false,"_editorskit_block_options_position":"{}","footnotes":""},"class_list":["post-8271","page","type-page","status-publish","hentry","entry"],"acf":{"color":"transparent"},"yoast_head":"<!-- This site is optimized with the Yoast SEO plugin v25.7 - https:\/\/yoast.com\/wordpress\/plugins\/seo\/ -->\n<title>Ma\u00dfgeschneiderte Infos - Hove A\/S<\/title>\n<meta name=\"robots\" content=\"index, follow, max-snippet:-1, max-image-preview:large, max-video-preview:-1\" \/>\n<link rel=\"canonical\" href=\"https:\/\/hove-as.com\/de\/massgeschneiderte-infos\/\" \/>\n<meta property=\"og:locale\" content=\"de_DE\" \/>\n<meta property=\"og:type\" content=\"article\" \/>\n<meta property=\"og:title\" content=\"Ma\u00dfgeschneiderte Infos - Hove A\/S\" \/>\n<meta property=\"og:description\" content=\"Ma\u00dfgeschneiderte Informationen erhalten Entdecken Sie mehr \u00fcber die Produkte von Hove nach Ihren eigenen Vorstellungen. F\u00fcllen Sie das Formular aus und lassen Sie sich die Informationen zu den Produkten, die Sie interessieren, direkt per E-Mail schicken.\" \/>\n<meta property=\"og:url\" content=\"https:\/\/hove-as.com\/de\/massgeschneiderte-infos\/\" \/>\n<meta property=\"og:site_name\" content=\"Hove A\/S\" \/>\n<meta property=\"article:modified_time\" content=\"2023-11-08T14:51:39+00:00\" \/>\n<meta property=\"og:image\" content=\"https:\/\/hovestg.wpengine.com\/wp-content\/uploads\/2021\/12\/New_herobanner-harbor-scaled.jpg\" \/>\n<meta name=\"twitter:card\" content=\"summary_large_image\" \/>\n<meta name=\"twitter:label1\" content=\"Gesch\u00e4tzte Lesezeit\" \/>\n\t<meta name=\"twitter:data1\" content=\"1\u00a0Minute\" \/>\n<script type=\"application\/ld+json\" class=\"yoast-schema-graph\">{\"@context\":\"https:\/\/schema.org\",\"@graph\":[{\"@type\":\"WebPage\",\"@id\":\"https:\/\/hove-as.com\/de\/massgeschneiderte-infos\/\",\"url\":\"https:\/\/hove-as.com\/de\/massgeschneiderte-infos\/\",\"name\":\"Ma\u00dfgeschneiderte Infos - Hove A\/S\",\"isPartOf\":{\"@id\":\"https:\/\/hove-as.com\/de\/#website\"},\"primaryImageOfPage\":{\"@id\":\"https:\/\/hove-as.com\/de\/massgeschneiderte-infos\/#primaryimage\"},\"image\":{\"@id\":\"https:\/\/hove-as.com\/de\/massgeschneiderte-infos\/#primaryimage\"},\"thumbnailUrl\":\"https:\/\/hovestg.wpengine.com\/wp-content\/uploads\/2021\/12\/New_herobanner-harbor-scaled.jpg\",\"datePublished\":\"2023-08-25T13:00:40+00:00\",\"dateModified\":\"2023-11-08T14:51:39+00:00\",\"breadcrumb\":{\"@id\":\"https:\/\/hove-as.com\/de\/massgeschneiderte-infos\/#breadcrumb\"},\"inLanguage\":\"de\",\"potentialAction\":[{\"@type\":\"ReadAction\",\"target\":[\"https:\/\/hove-as.com\/de\/massgeschneiderte-infos\/\"]}]},{\"@type\":\"ImageObject\",\"inLanguage\":\"de\",\"@id\":\"https:\/\/hove-as.com\/de\/massgeschneiderte-infos\/#primaryimage\",\"url\":\"https:\/\/hovestg.wpengine.com\/wp-content\/uploads\/2021\/12\/New_herobanner-harbor-scaled.jpg\",\"contentUrl\":\"https:\/\/hovestg.wpengine.com\/wp-content\/uploads\/2021\/12\/New_herobanner-harbor-scaled.jpg\"},{\"@type\":\"BreadcrumbList\",\"@id\":\"https:\/\/hove-as.com\/de\/massgeschneiderte-infos\/#breadcrumb\",\"itemListElement\":[{\"@type\":\"ListItem\",\"position\":1,\"name\":\"Home\",\"item\":\"https:\/\/hove-as.com\/de\/\"},{\"@type\":\"ListItem\",\"position\":2,\"name\":\"Ma\u00dfgeschneiderte Infos\"}]},{\"@type\":\"WebSite\",\"@id\":\"https:\/\/hove-as.com\/de\/#website\",\"url\":\"https:\/\/hove-as.com\/de\/\",\"name\":\"Hove A\/S\",\"description\":\"\",\"potentialAction\":[{\"@type\":\"SearchAction\",\"target\":{\"@type\":\"EntryPoint\",\"urlTemplate\":\"https:\/\/hove-as.com\/de\/?s={search_term_string}\"},\"query-input\":{\"@type\":\"PropertyValueSpecification\",\"valueRequired\":true,\"valueName\":\"search_term_string\"}}],\"inLanguage\":\"de\"}]}<\/script>\n<!-- \/ Yoast SEO plugin. -->","yoast_head_json":{"title":"Ma\u00dfgeschneiderte Infos - Hove A\/S","robots":{"index":"index","follow":"follow","max-snippet":"max-snippet:-1","max-image-preview":"max-image-preview:large","max-video-preview":"max-video-preview:-1"},"canonical":"https:\/\/hove-as.com\/de\/massgeschneiderte-infos\/","og_locale":"de_DE","og_type":"article","og_title":"Ma\u00dfgeschneiderte Infos - Hove A\/S","og_description":"Ma\u00dfgeschneiderte Informationen erhalten Entdecken Sie mehr \u00fcber die Produkte von Hove nach Ihren eigenen Vorstellungen. F\u00fcllen Sie das Formular aus und lassen Sie sich die Informationen zu den Produkten, die Sie interessieren, direkt per E-Mail schicken.","og_url":"https:\/\/hove-as.com\/de\/massgeschneiderte-infos\/","og_site_name":"Hove A\/S","article_modified_time":"2023-11-08T14:51:39+00:00","og_image":[{"url":"https:\/\/hovestg.wpengine.com\/wp-content\/uploads\/2021\/12\/New_herobanner-harbor-scaled.jpg","type":"","width":"","height":""}],"twitter_card":"summary_large_image","twitter_misc":{"Gesch\u00e4tzte Lesezeit":"1\u00a0Minute"},"schema":{"@context":"https:\/\/schema.org","@graph":[{"@type":"WebPage","@id":"https:\/\/hove-as.com\/de\/massgeschneiderte-infos\/","url":"https:\/\/hove-as.com\/de\/massgeschneiderte-infos\/","name":"Ma\u00dfgeschneiderte Infos - Hove A\/S","isPartOf":{"@id":"https:\/\/hove-as.com\/de\/#website"},"primaryImageOfPage":{"@id":"https:\/\/hove-as.com\/de\/massgeschneiderte-infos\/#primaryimage"},"image":{"@id":"https:\/\/hove-as.com\/de\/massgeschneiderte-infos\/#primaryimage"},"thumbnailUrl":"https:\/\/hovestg.wpengine.com\/wp-content\/uploads\/2021\/12\/New_herobanner-harbor-scaled.jpg","datePublished":"2023-08-25T13:00:40+00:00","dateModified":"2023-11-08T14:51:39+00:00","breadcrumb":{"@id":"https:\/\/hove-as.com\/de\/massgeschneiderte-infos\/#breadcrumb"},"inLanguage":"de","potentialAction":[{"@type":"ReadAction","target":["https:\/\/hove-as.com\/de\/massgeschneiderte-infos\/"]}]},{"@type":"ImageObject","inLanguage":"de","@id":"https:\/\/hove-as.com\/de\/massgeschneiderte-infos\/#primaryimage","url":"https:\/\/hovestg.wpengine.com\/wp-content\/uploads\/2021\/12\/New_herobanner-harbor-scaled.jpg","contentUrl":"https:\/\/hovestg.wpengine.com\/wp-content\/uploads\/2021\/12\/New_herobanner-harbor-scaled.jpg"},{"@type":"BreadcrumbList","@id":"https:\/\/hove-as.com\/de\/massgeschneiderte-infos\/#breadcrumb","itemListElement":[{"@type":"ListItem","position":1,"name":"Home","item":"https:\/\/hove-as.com\/de\/"},{"@type":"ListItem","position":2,"name":"Ma\u00dfgeschneiderte Infos"}]},{"@type":"WebSite","@id":"https:\/\/hove-as.com\/de\/#website","url":"https:\/\/hove-as.com\/de\/","name":"Hove A\/S","description":"","potentialAction":[{"@type":"SearchAction","target":{"@type":"EntryPoint","urlTemplate":"https:\/\/hove-as.com\/de\/?s={search_term_string}"},"query-input":{"@type":"PropertyValueSpecification","valueRequired":true,"valueName":"search_term_string"}}],"inLanguage":"de"}]}},"_links":{"self":[{"href":"https:\/\/hove-as.com\/de\/wp-json\/wp\/v2\/pages\/8271","targetHints":{"allow":["GET"]}}],"collection":[{"href":"https:\/\/hove-as.com\/de\/wp-json\/wp\/v2\/pages"}],"about":[{"href":"https:\/\/hove-as.com\/de\/wp-json\/wp\/v2\/types\/page"}],"author":[{"embeddable":true,"href":"https:\/\/hove-as.com\/de\/wp-json\/wp\/v2\/users\/1"}],"replies":[{"embeddable":true,"href":"https:\/\/hove-as.com\/de\/wp-json\/wp\/v2\/comments?post=8271"}],"version-history":[{"count":0,"href":"https:\/\/hove-as.com\/de\/wp-json\/wp\/v2\/pages\/8271\/revisions"}],"wp:attachment":[{"href":"https:\/\/hove-as.com\/de\/wp-json\/wp\/v2\/media?parent=8271"}],"curies":[{"name":"wp","href":"https:\/\/api.w.org\/{rel}","templated":true}]}}