{"id":2218,"date":"2021-08-13T06:15:23","date_gmt":"2021-08-13T04:15:23","guid":{"rendered":"https:\/\/hove-as.com\/sobre-nosotros\/"},"modified":"2023-04-26T10:51:27","modified_gmt":"2023-04-26T08:51:27","slug":"sobre-nosotros","status":"publish","type":"page","link":"https:\/\/hove-as.com\/es\/sobre-nosotros\/","title":{"rendered":"Sobre nosotros"},"content":{"rendered":"\n<div class=\"wp-block-cover alignfull is-style-hero\"><span aria-hidden=\"true\" class=\"wp-block-cover__background has-blue-1-background-color has-background-dim-0 has-background-dim\"><\/span><img decoding=\"async\" class=\"wp-block-cover__image-background wp-image-401\" alt=\"\" src=\"https:\/\/hove-as.com\/wp-content\/uploads\/2021\/09\/7-hero-e1630935433253.jpg\" data-object-fit=\"cover\"\/><div class=\"wp-block-cover__inner-container is-layout-flow wp-block-cover-is-layout-flow\">\n<div class=\"wp-block-group alignwide\"><div class=\"wp-block-group__inner-container is-layout-flow wp-block-group-is-layout-flow\">\n<h1 class=\"has-white-color has-text-color wp-block-heading\">Seguimos innovando<\/h1>\n\n\n\n<p class=\"has-white-color has-text-color\">Hove A\/S es una empresa global con sede central en Copenhague (Dinamarca). Desarrollamos y fabricamos soluciones completas de lubricaci\u00f3n avanzada.<\/p>\n\n\n\n<div class=\"wp-block-buttons is-style-arrow_right is-layout-flex wp-block-buttons-is-layout-flex\">\n<div class=\"wp-block-button is-style-outline is-style-outline--1\"><a class=\"wp-block-button__link has-white-color has-text-color wp-element-button\" href=\"https:\/\/hove-as.com\/es\/contacto\/\">P\u00f3ngase en contacto<\/a><\/div>\n<\/div>\n<\/div><\/div>\n<\/div><\/div>\n\n\n\n<div class=\"wp-block-group alignfull has-white-background-color has-background\"><div class=\"wp-block-group__inner-container is-layout-flow wp-block-group-is-layout-flow\">\n<div class=\"wp-block-columns alignwide is-layout-flex wp-container-core-columns-is-layout-9d6595d7 wp-block-columns-is-layout-flex\">\n<div class=\"wp-block-column is-layout-flow wp-block-column-is-layout-flow\" style=\"flex-basis:75%\">\n<div class=\"wp-block-group alignwide\"><div class=\"wp-block-group__inner-container is-layout-flow wp-block-group-is-layout-flow\">\n<h2 class=\"has-blue-1-color has-text-color wp-block-heading\">Desarrollador y fabricante l\u00edder de soluciones de lubricaci\u00f3n para maquinaria pesada<\/h2>\n\n\n\n<p class=\"has-blue-1-color has-text-color\">Desde que se fund\u00f3 Hove en el 2000, nos hemos guiado por los preceptos de la innovaci\u00f3n, la sostenibilidad y el ingenio. Nuestra I+D y producci\u00f3n internas nos han convertido en el proveedor l\u00edder de soluciones de lubricaci\u00f3n en la industria e\u00f3lica mundial y han creado nuevas posibilidades para las operaciones mineras y portuarias.<\/p>\n<\/div><\/div>\n<\/div>\n\n\n\n<div class=\"wp-block-column is-layout-flow wp-block-column-is-layout-flow\" style=\"flex-basis:25%\"><\/div>\n<\/div>\n<\/div><\/div>\n\n\n\n<figure class=\"wp-block-embed alignwide is-type-video is-provider-vimeo wp-block-embed-vimeo wp-embed-aspect-16-9 wp-has-aspect-ratio\"><div class=\"wp-block-embed__wrapper\">\n<iframe loading=\"lazy\" title=\"Hove &amp;ndash;&amp;nbsp;General brandingvideo\" src=\"https:\/\/player.vimeo.com\/video\/724374146?h=6e9e37acb7&amp;dnt=1&amp;app_id=122963\" width=\"750\" height=\"422\" frameborder=\"0\" allow=\"autoplay; fullscreen; picture-in-picture\" allowfullscreen><\/iframe>\n<\/div><\/figure>\n\n\n\n<div style=\"height:150px\" aria-hidden=\"true\" class=\"wp-block-spacer\"><\/div>\n\n\n\n<div class=\"wp-block-group alignfull is-style-slim has-blue-2-background-color has-background\"><div class=\"wp-block-group__inner-container is-layout-flow wp-block-group-is-layout-flow\">\n<div class=\"wp-block-columns alignwide is-style-gapless is-layout-flex wp-container-core-columns-is-layout-9d6595d7 wp-block-columns-is-layout-flex\">\n<div class=\"wp-block-column is-layout-flow wp-block-column-is-layout-flow\" style=\"flex-basis:60%\">\n<div style=\"height:100px\" aria-hidden=\"true\" class=\"wp-block-spacer\"><\/div>\n\n\n\n<h2 class=\"has-blue-1-color has-text-color wp-block-heading\">El proveedor l\u00edder de herramientas de lubricaci\u00f3n de gama alta y soluciones de cartuchos de grasa<\/h2>\n\n\n\n<p class=\"has-blue-1-color has-text-color\">Nuestros sistemas facilitan el proceso de mantenimiento, aseguran el uso preciso de la cantidad de lubricante, adem\u00e1s de reducir el trabajo manual y el tiempo de inactividad. Esto da como resultado una mayor vida \u00fatil y rendimiento de los equipos.<\/p>\n\n\n\n<div id=\"dropLink-c49c17ee-3213-4feb-80cb-4501afef2e4e\" class=\"wp-block-kpx-dropdownlink container has-white-btn-color\"><div class=\"row\"><div class=\"ps-0 col-md-6\"><select name=\"c49c17ee-3213-4feb-80cb-4501afef2e4e\" class=\"form-select\" aria-label=\"Select\"><option selected value=\"default\">Mueva su negocio<\/option><option value=\"https:\/\/hove-as.com\/es\/industrias\/segmento-eolico\/\">ENERG\u00cdA E\u00d3LICA<\/option><option value=\"https:\/\/hove-as.com\/es\/industrias\/segmento-mineria\/\">MINER\u00cdA<\/option><option value=\"https:\/\/hove-as.com\/es\/industrias\/segmento-puertos\/\">PUERTOS<\/option><\/select><\/div><\/div><div class=\"row\"><div class=\"col-md-12\"><\/div><\/div><\/div>\n\n\n\n<div style=\"height:100px\" aria-hidden=\"true\" class=\"wp-block-spacer\"><\/div>\n<\/div>\n\n\n\n<div class=\"wp-block-column is-vertically-aligned-bottom is-layout-flow wp-block-column-is-layout-flow\" style=\"flex-basis:40%\"><\/div>\n<\/div>\n<\/div><\/div>\n\n\n\n<div class=\"wp-block-group alignfull has-white-background-color has-background\"><div class=\"wp-block-group__inner-container is-layout-flow wp-block-group-is-layout-flow\">\n<div class=\"wp-block-group alignwide\"><div class=\"wp-block-group__inner-container is-layout-flow wp-block-group-is-layout-flow\">\n<h2 class=\"has-blue-1-color has-text-color wp-block-heading\">Direcci\u00f3n<\/h2>\n\n\n\n<p class=\"has-blue-1-color has-text-color\">Conozca a los miembros del equipo ejecutivo de Hove y nuestra junta directiva.<\/p>\n\n\n<div class=\"wp-block-kpx-employees is-grid wp-block-employees-grid-columns-4 has-shadow\"><div class=\"wp-block-employees-grid wp-block-themeisle-blocks-posts-grid-post-blog wp-block-themeisle-blocks-posts-grid-post-plain\"><div class=\"wp-block-employees-grid-item\"><div class=\"wp-block-themeisle-blocks-posts-grid-post-image\" style=\"background-image:url(https:\/\/hove-as.com\/wp-content\/uploads\/2021\/09\/DSC1064_Jesper-Bregendahl_bw-scaled.jpg)\"><\/div><div class=\"wp-block-themeisle-blocks-posts-grid-post-body\"><h4 class=\"wp-block-themeisle-blocks-posts-grid-post-title uppercase\">Jesper Bregendahl<\/h4><p class=\"mt-0\">Board Member<\/p><\/div><\/div><\/div><div class=\"wp-block-employees-grid wp-block-themeisle-blocks-posts-grid-post-blog wp-block-themeisle-blocks-posts-grid-post-plain\"><div class=\"wp-block-employees-grid-item\"><div class=\"wp-block-themeisle-blocks-posts-grid-post-image\" style=\"background-image:url(https:\/\/hove-as.com\/wp-content\/uploads\/2021\/10\/DSC1037_Dennis-Forchhammer_bw-scaled.jpg)\"><\/div><div class=\"wp-block-themeisle-blocks-posts-grid-post-body\"><h4 class=\"wp-block-themeisle-blocks-posts-grid-post-title uppercase\">Dennis Schade Forchhammer<\/h4><p class=\"mt-0\">Professionelt Bestyrelsesmedlem<\/p><\/div><\/div><\/div><div class=\"wp-block-employees-grid wp-block-themeisle-blocks-posts-grid-post-blog wp-block-themeisle-blocks-posts-grid-post-plain\"><div class=\"wp-block-employees-grid-item\"><div class=\"wp-block-themeisle-blocks-posts-grid-post-image\" style=\"background-image:url(https:\/\/hove-as.com\/wp-content\/uploads\/2021\/10\/DSC1046_Hans-Christian-Hansen_bw-scaled.jpg)\"><\/div><div class=\"wp-block-themeisle-blocks-posts-grid-post-body\"><h4 class=\"wp-block-themeisle-blocks-posts-grid-post-title uppercase\">Hans Christian Hansen<\/h4><p class=\"mt-0\">Owner &#038; Consultant, Hove A\/S<\/p><\/div><\/div><\/div><div class=\"wp-block-employees-grid wp-block-themeisle-blocks-posts-grid-post-blog wp-block-themeisle-blocks-posts-grid-post-plain\"><div class=\"wp-block-employees-grid-item\"><div class=\"wp-block-themeisle-blocks-posts-grid-post-image\" style=\"background-image:url(https:\/\/hove-as.com\/wp-content\/uploads\/2021\/10\/DSC1046_Hans-Christian-Hansen_bw-scaled.jpg)\"><\/div><div class=\"wp-block-themeisle-blocks-posts-grid-post-body\"><h4 class=\"wp-block-themeisle-blocks-posts-grid-post-title uppercase\">HANS CHRISTIAN HANSEN<\/h4><p class=\"mt-0\">CEO, HOVE A\/S<span><a href=\"https:\/\/www.linkedin.com\/in\/hans-christian-hansen-98887a6a\/\">LinkedIn<\/a><\/span><\/p><\/div><\/div><\/div><\/div><\/div><\/div>\n<\/div><\/div>\n\n\n\n<div class=\"wp-block-group alignfull has-white-background-color has-background\"><div class=\"wp-block-group__inner-container is-layout-flow wp-block-group-is-layout-flow\">\n<div class=\"wp-block-group alignwide\"><div class=\"wp-block-group__inner-container is-layout-flow wp-block-group-is-layout-flow\">\n<h2 class=\"has-blue-1-color has-text-color wp-block-heading\">DESCARGAS<\/h2>\n\n\n\n<h3 class=\"has-blue-2-color has-text-color wp-block-heading\"><span class=\"uppercase\"><strong>Folleto de Hove<\/strong><\/span><\/h3>\n\n\n\n<div class=\"wp-block-buttons is-style-download is-layout-flex wp-block-buttons-is-layout-flex\">\n<div class=\"wp-block-button is-style-outline is-style-outline--2\"><a class=\"wp-block-button__link has-blue-1-color has-text-color wp-element-button\" href=\"https:\/\/hove-as.com\/wp-content\/uploads\/2022\/05\/21492-Hove-brochure-UK-A4-k3.pdf\" target=\"_blank\" rel=\"noreferrer noopener\">Descargar ahora<\/a><\/div>\n<\/div>\n\n\n\n<h3 class=\"has-blue-2-color has-text-color wp-block-heading\"><strong>INFORME SOBRE MEDIOAMBIENTE, SOCIEDAD Y GOBERNANZA<\/strong><\/h3>\n\n\n\n<div class=\"wp-block-buttons is-style-download is-layout-flex wp-block-buttons-is-layout-flex\">\n<div class=\"wp-block-button is-style-outline is-style-outline--3\"><a class=\"wp-block-button__link has-blue-1-color has-text-color wp-element-button\" href=\"https:\/\/hove-as.com\/wp-content\/uploads\/2022\/04\/Hove-ESG-rapport.pdf\" target=\"_blank\" rel=\"noreferrer noopener\">Descargar ahora<\/a><\/div>\n<\/div>\n\n\n\n<h3 class=\"has-blue-2-color has-text-color wp-block-heading\"><span class=\"uppercase\"><strong>FOLLETO DE Hove <\/strong><\/span><strong>SMART LUBE<\/strong><\/h3>\n\n\n\n<div class=\"wp-block-buttons is-style-download is-layout-flex wp-block-buttons-is-layout-flex\">\n<div class=\"wp-block-button is-style-outline is-style-outline--4\"><a class=\"wp-block-button__link has-blue-1-color has-text-color wp-element-button\" href=\"https:\/\/hove-as.com\/wp-content\/uploads\/2022\/05\/HOVE-folder-A5-digital.pdf\" target=\"_blank\" rel=\"noreferrer noopener\">Descargar ahora<\/a><\/div>\n<\/div>\n\n\n\n<h3 class=\"has-blue-2-color has-text-color wp-block-heading\"><span class=\"uppercase\"><strong>FOLLETO DE Hove <\/strong><\/span><strong>CARRY<\/strong><\/h3>\n\n\n\n<div class=\"wp-block-buttons is-style-download is-layout-flex wp-block-buttons-is-layout-flex\">\n<div class=\"wp-block-button is-style-outline is-style-outline--5\"><a class=\"wp-block-button__link has-blue-1-color has-text-color wp-element-button\" href=\"https:\/\/hove-as.com\/wp-content\/uploads\/2022\/06\/21523-HOVE-folder-A5-Lay2-k1-HR.pdf\" target=\"_blank\" rel=\"noreferrer noopener\">Descargar ahora<\/a><\/div>\n<\/div>\n<\/div><\/div>\n<\/div><\/div>\n\n\n\n<div class=\"wp-block-cover alignfull is-light is-style-default\" style=\"min-height:787px;aspect-ratio:unset;\"><span aria-hidden=\"true\" class=\"wp-block-cover__background has-green-2-background-color has-background-dim-0 has-background-dim\"><\/span><img decoding=\"async\" class=\"wp-block-cover__image-background wp-image-22\" alt=\"\" src=\"https:\/\/hove-as.com\/wp-content\/uploads\/2021\/07\/focus-wind_green.jpg\" data-object-fit=\"cover\"\/><div class=\"wp-block-cover__inner-container is-layout-flow wp-block-cover-is-layout-flow\">\n<div class=\"wp-block-columns alignwide is-layout-flex wp-container-core-columns-is-layout-9d6595d7 wp-block-columns-is-layout-flex\">\n<div class=\"wp-block-column is-layout-flow wp-block-column-is-layout-flow\" style=\"flex-basis:30%\"><\/div>\n\n\n\n<div class=\"wp-block-column is-layout-flow wp-block-column-is-layout-flow\" style=\"flex-basis:70%\">\n<div class=\"wp-block-group alignwide has-white-color has-text-color\"><div class=\"wp-block-group__inner-container is-layout-flow wp-block-group-is-layout-flow\">\n<h2 class=\"has-text-align-right wp-block-heading\">Oportunidades de empleo en Hove<\/h2>\n\n\n\n<p class=\"has-text-align-right is-style-lead\">Vea los puestos vacantes m\u00e1s recientes aqu\u00ed. Recuerde revisar esta lista regularmente, ya que la actualizamos a medida que surgen oportunidades. Siempre estamos buscando conocer nuevos talentos, por lo que tambi\u00e9n puede ponerse en contacto con nosotros directamente con sus datos personales y su inter\u00e9s por trabajar con nosotros en el futuro.<\/p>\n\n\n\n<div class=\"wp-block-buttons is-style-arrow_right is-horizontal is-content-justification-right is-layout-flex wp-container-core-buttons-is-layout-ae2fe186 wp-block-buttons-is-layout-flex\">\n<div class=\"wp-block-button is-style-outline is-style-outline--6\"><a class=\"wp-block-button__link has-yellow-3-color has-text-color wp-element-button\" href=\"https:\/\/hove-as.com\/es\/sobre-nosotros\/empleos\/\">Ver todos los trabajos disponibles<\/a><\/div>\n<\/div>\n\n\n\n<p class=\"has-text-align-right is-style-lead has-yellow-3-color has-text-color\"><br><span class=\"uppercase\"><\/span><\/p>\n<\/div><\/div>\n<\/div>\n<\/div>\n<\/div><\/div>\n\n\n\n<div class=\"wp-block-group alignfull has-blue-3-background-color has-background\" id=\"get-in-touch\"><div class=\"wp-block-group__inner-container is-layout-flow wp-block-group-is-layout-flow\">\n<div class=\"wp-block-group alignwide\"><div class=\"wp-block-group__inner-container is-layout-flow wp-block-group-is-layout-flow\">\n<div class=\"wp-block-columns is-layout-flex wp-container-core-columns-is-layout-9d6595d7 wp-block-columns-is-layout-flex\">\n<div class=\"wp-block-column is-layout-flow wp-block-column-is-layout-flow\" style=\"flex-basis:65%\">\n<h2 class=\"wp-block-heading has-blue-1-color has-text-color\" id=\"get-in-touch\">P\u00f3ngase en contacto con nosotros<\/h2>\n\n\n\n<p class=\"is-style-lead has-blue-1-color has-text-color\">Si tiene alguna pregunta sobre los productos, los presupuestos y los servicios de Hove o desea saber m\u00e1s sobre c\u00f3mo Hove puede beneficiar a su empresa, no dude en ponerse en contacto con nosotros. Estamos aqu\u00ed para ayudarle.<\/p>\n<\/div>\n\n\n\n<div class=\"wp-block-column is-layout-flow wp-block-column-is-layout-flow\"><\/div>\n<\/div>\n\n\n\n<div class=\"wpcf7 no-js\" id=\"wpcf7-f2304-o1\" lang=\"es-ES\" dir=\"ltr\" data-wpcf7-id=\"2304\">\n<div class=\"screen-reader-response\"><p role=\"status\" aria-live=\"polite\" aria-atomic=\"true\"><\/p> <ul><\/ul><\/div>\n<form action=\"\/es\/wp-json\/wp\/v2\/pages\/2218#wpcf7-f2304-o1\" method=\"post\" class=\"wpcf7-form init\" aria-label=\"Formulario de contacto\" novalidate=\"novalidate\" data-status=\"init\">\n<fieldset class=\"hidden-fields-container\"><input type=\"hidden\" name=\"_wpcf7\" value=\"2304\" \/><input type=\"hidden\" name=\"_wpcf7_version\" value=\"6.1.1\" \/><input type=\"hidden\" name=\"_wpcf7_locale\" value=\"es_ES\" \/><input type=\"hidden\" name=\"_wpcf7_unit_tag\" value=\"wpcf7-f2304-o1\" \/><input type=\"hidden\" name=\"_wpcf7_container_post\" value=\"0\" \/><input type=\"hidden\" name=\"_wpcf7_posted_data_hash\" value=\"\" \/><input type=\"hidden\" name=\"_wpcf7cf_hidden_group_fields\" value=\"[]\" \/><input type=\"hidden\" name=\"_wpcf7cf_hidden_groups\" value=\"[]\" \/><input type=\"hidden\" name=\"_wpcf7cf_visible_groups\" value=\"[]\" \/><input type=\"hidden\" name=\"_wpcf7cf_repeaters\" value=\"[]\" \/><input type=\"hidden\" name=\"_wpcf7cf_steps\" value=\"{}\" \/><input type=\"hidden\" name=\"_wpcf7cf_options\" value=\"{&quot;form_id&quot;:2304,&quot;conditions&quot;:[],&quot;settings&quot;:{&quot;animation&quot;:&quot;yes&quot;,&quot;animation_intime&quot;:200,&quot;animation_outtime&quot;:200,&quot;conditions_ui&quot;:&quot;normal&quot;,&quot;notice_dismissed&quot;:false,&quot;notice_dismissed_update-cf7-5.7.3&quot;:true}}\" \/><input type=\"hidden\" name=\"_wpcf7_recaptcha_response\" value=\"\" \/>\n<\/fieldset>\n<div class=\"row\">\n\t<div class=\"col-md-4\">\n\t\t<p><span class=\"wpcf7-form-control-wrap\" data-name=\"your-name\"><input size=\"40\" maxlength=\"400\" class=\"wpcf7-form-control wpcf7-text wpcf7-validates-as-required\" aria-required=\"true\" aria-invalid=\"false\" placeholder=\"Nombre*\" value=\"\" type=\"text\" name=\"your-name\" \/><\/span><span class=\"wpcf7-form-control-wrap\" data-name=\"your-job\"><input size=\"40\" maxlength=\"400\" class=\"wpcf7-form-control wpcf7-text\" aria-invalid=\"false\" placeholder=\"Cargo\" value=\"\" type=\"text\" name=\"your-job\" \/><\/span>\n\t\t<\/p>\n\t<\/div>\n\t<div class=\"col-md-4 pb-3\">\n\t\t<p><span class=\"wpcf7-form-control-wrap\" data-name=\"your-email\"><input size=\"40\" maxlength=\"400\" class=\"wpcf7-form-control wpcf7-email wpcf7-validates-as-required wpcf7-text wpcf7-validates-as-email\" aria-required=\"true\" aria-invalid=\"false\" placeholder=\"E-mail*\" value=\"\" type=\"email\" name=\"your-email\" \/><\/span><span class=\"wpcf7-form-control-wrap\" data-name=\"region\"><select class=\"wpcf7-form-control wpcf7-select wpcf7-validates-as-required bg-white\" aria-required=\"true\" aria-invalid=\"false\" name=\"region\"><option value=\"\">&#8212;Por favor, elige una opci\u00f3n&#8212;<\/option><option value=\"Europa\">Europa<\/option><option value=\"Asia\">Asia<\/option><option value=\"Oriente Medio (y T\u00fcrkiye)\">Oriente Medio (y T\u00fcrkiye)<\/option><option value=\"Am\u00e9rica del Norte y Canad\u00e1\">Am\u00e9rica del Norte y Canad\u00e1<\/option><option value=\"Am\u00e9rica del Sur\">Am\u00e9rica del Sur<\/option><\/select><\/span>\n\t\t<\/p>\n\t<\/div>\n\t<div class=\"col-md-4\">\n\t\t<p><span class=\"wpcf7-form-control-wrap\" data-name=\"your-message\"><textarea cols=\"40\" rows=\"4\" maxlength=\"2000\" class=\"wpcf7-form-control wpcf7-textarea wpcf7-validates-as-required\" aria-required=\"true\" aria-invalid=\"false\" placeholder=\"Mensaje*\" name=\"your-message\"><\/textarea><\/span>\n\t\t<\/p>\n\t<\/div>\n<\/div>\n<div class=\"row\">\n\t<div class=\"col-md-4 pe-2\">\n\t\t<div class=\"wp-block-buttons\">\n\t\t\t<div class=\"wp-block-button is-style-outline\">\n\t\t\t\t<p><label class=\"wp-block-button__link has-text-color has-blue-1-color\"><input class=\"wpcf7-form-control wpcf7-submit has-spinner\" type=\"submit\" value=\"Enviar\" \/><\/label>\n\t\t\t\t<\/p>\n\t\t\t<\/div>\n\t\t<\/div>\n\t<\/div>\n<\/div><div class=\"wpcf7-response-output\" aria-hidden=\"true\"><\/div>\n<\/form>\n<\/div>\n\n<\/div><\/div>\n<\/div><\/div>\n","protected":false},"excerpt":{"rendered":"<p>Desarrollador y fabricante l\u00edder de soluciones de lubricaci\u00f3n para maquinaria pesada Desde que se fund\u00f3 Hove en el 2000, nos hemos guiado por los preceptos de la innovaci\u00f3n, la sostenibilidad y el ingenio. Nuestra I+D y producci\u00f3n internas nos han convertido en el proveedor l\u00edder de soluciones de lubricaci\u00f3n en la industria e\u00f3lica mundial y&hellip; <a class=\"more-link\" href=\"https:\/\/hove-as.com\/es\/sobre-nosotros\/\">Continue reading <span class=\"screen-reader-text\">Sobre nosotros<\/span><\/a><\/p>\n","protected":false},"author":1,"featured_media":0,"parent":0,"menu_order":28,"comment_status":"closed","ping_status":"closed","template":"","meta":{"_acf_changed":false,"_editorskit_title_hidden":false,"_editorskit_reading_time":1,"_editorskit_is_block_options_detached":false,"_editorskit_block_options_position":"{}","footnotes":""},"class_list":["post-2218","page","type-page","status-publish","hentry","entry"],"acf":{"color":"blue-1"},"yoast_head":"<!-- This site is optimized with the Yoast SEO plugin v25.7 - https:\/\/yoast.com\/wordpress\/plugins\/seo\/ -->\n<title>Sobre nosotros - Hove A\/S<\/title>\n<meta name=\"robots\" content=\"index, follow, max-snippet:-1, max-image-preview:large, max-video-preview:-1\" \/>\n<link rel=\"canonical\" href=\"https:\/\/hove-as.com\/es\/sobre-nosotros\/\" \/>\n<meta property=\"og:locale\" content=\"es_ES\" \/>\n<meta property=\"og:type\" content=\"article\" \/>\n<meta property=\"og:title\" content=\"Sobre nosotros - Hove A\/S\" \/>\n<meta property=\"og:description\" content=\"Desarrollador y fabricante l\u00edder de soluciones de lubricaci\u00f3n para maquinaria pesada Desde que se fund\u00f3 Hove en el 2000, nos hemos guiado por los preceptos de la innovaci\u00f3n, la sostenibilidad y el ingenio. Nuestra I+D y producci\u00f3n internas nos han convertido en el proveedor l\u00edder de soluciones de lubricaci\u00f3n en la industria e\u00f3lica mundial y&hellip; Continue reading Sobre nosotros\" \/>\n<meta property=\"og:url\" content=\"https:\/\/hove-as.com\/es\/sobre-nosotros\/\" \/>\n<meta property=\"og:site_name\" content=\"Hove A\/S\" \/>\n<meta property=\"article:modified_time\" content=\"2023-04-26T08:51:27+00:00\" \/>\n<meta property=\"og:image\" content=\"https:\/\/hove-as.com\/wp-content\/uploads\/2021\/09\/7-hero-e1630935433253.jpg\" \/>\n<meta name=\"twitter:card\" content=\"summary_large_image\" \/>\n<meta name=\"twitter:label1\" content=\"Tiempo de lectura\" \/>\n\t<meta name=\"twitter:data1\" content=\"2 minutos\" \/>\n<script type=\"application\/ld+json\" class=\"yoast-schema-graph\">{\"@context\":\"https:\/\/schema.org\",\"@graph\":[{\"@type\":\"WebPage\",\"@id\":\"https:\/\/hove-as.com\/es\/sobre-nosotros\/\",\"url\":\"https:\/\/hove-as.com\/es\/sobre-nosotros\/\",\"name\":\"Sobre nosotros - Hove A\/S\",\"isPartOf\":{\"@id\":\"https:\/\/hove-as.com\/es\/#website\"},\"primaryImageOfPage\":{\"@id\":\"https:\/\/hove-as.com\/es\/sobre-nosotros\/#primaryimage\"},\"image\":{\"@id\":\"https:\/\/hove-as.com\/es\/sobre-nosotros\/#primaryimage\"},\"thumbnailUrl\":\"https:\/\/hove-as.com\/wp-content\/uploads\/2021\/09\/7-hero-e1630935433253.jpg\",\"datePublished\":\"2021-08-13T04:15:23+00:00\",\"dateModified\":\"2023-04-26T08:51:27+00:00\",\"breadcrumb\":{\"@id\":\"https:\/\/hove-as.com\/es\/sobre-nosotros\/#breadcrumb\"},\"inLanguage\":\"es\",\"potentialAction\":[{\"@type\":\"ReadAction\",\"target\":[\"https:\/\/hove-as.com\/es\/sobre-nosotros\/\"]}]},{\"@type\":\"ImageObject\",\"inLanguage\":\"es\",\"@id\":\"https:\/\/hove-as.com\/es\/sobre-nosotros\/#primaryimage\",\"url\":\"https:\/\/hove-as.com\/wp-content\/uploads\/2021\/09\/7-hero-e1630935433253.jpg\",\"contentUrl\":\"https:\/\/hove-as.com\/wp-content\/uploads\/2021\/09\/7-hero-e1630935433253.jpg\"},{\"@type\":\"BreadcrumbList\",\"@id\":\"https:\/\/hove-as.com\/es\/sobre-nosotros\/#breadcrumb\",\"itemListElement\":[{\"@type\":\"ListItem\",\"position\":1,\"name\":\"Home\",\"item\":\"https:\/\/hove-as.com\/es\/\"},{\"@type\":\"ListItem\",\"position\":2,\"name\":\"Sobre nosotros\"}]},{\"@type\":\"WebSite\",\"@id\":\"https:\/\/hove-as.com\/es\/#website\",\"url\":\"https:\/\/hove-as.com\/es\/\",\"name\":\"Hove A\/S\",\"description\":\"\",\"potentialAction\":[{\"@type\":\"SearchAction\",\"target\":{\"@type\":\"EntryPoint\",\"urlTemplate\":\"https:\/\/hove-as.com\/es\/?s={search_term_string}\"},\"query-input\":{\"@type\":\"PropertyValueSpecification\",\"valueRequired\":true,\"valueName\":\"search_term_string\"}}],\"inLanguage\":\"es\"}]}<\/script>\n<!-- \/ Yoast SEO plugin. -->","yoast_head_json":{"title":"Sobre nosotros - Hove A\/S","robots":{"index":"index","follow":"follow","max-snippet":"max-snippet:-1","max-image-preview":"max-image-preview:large","max-video-preview":"max-video-preview:-1"},"canonical":"https:\/\/hove-as.com\/es\/sobre-nosotros\/","og_locale":"es_ES","og_type":"article","og_title":"Sobre nosotros - Hove A\/S","og_description":"Desarrollador y fabricante l\u00edder de soluciones de lubricaci\u00f3n para maquinaria pesada Desde que se fund\u00f3 Hove en el 2000, nos hemos guiado por los preceptos de la innovaci\u00f3n, la sostenibilidad y el ingenio. Nuestra I+D y producci\u00f3n internas nos han convertido en el proveedor l\u00edder de soluciones de lubricaci\u00f3n en la industria e\u00f3lica mundial y&hellip; Continue reading Sobre nosotros","og_url":"https:\/\/hove-as.com\/es\/sobre-nosotros\/","og_site_name":"Hove A\/S","article_modified_time":"2023-04-26T08:51:27+00:00","og_image":[{"url":"https:\/\/hove-as.com\/wp-content\/uploads\/2021\/09\/7-hero-e1630935433253.jpg","type":"","width":"","height":""}],"twitter_card":"summary_large_image","twitter_misc":{"Tiempo de lectura":"2 minutos"},"schema":{"@context":"https:\/\/schema.org","@graph":[{"@type":"WebPage","@id":"https:\/\/hove-as.com\/es\/sobre-nosotros\/","url":"https:\/\/hove-as.com\/es\/sobre-nosotros\/","name":"Sobre nosotros - Hove A\/S","isPartOf":{"@id":"https:\/\/hove-as.com\/es\/#website"},"primaryImageOfPage":{"@id":"https:\/\/hove-as.com\/es\/sobre-nosotros\/#primaryimage"},"image":{"@id":"https:\/\/hove-as.com\/es\/sobre-nosotros\/#primaryimage"},"thumbnailUrl":"https:\/\/hove-as.com\/wp-content\/uploads\/2021\/09\/7-hero-e1630935433253.jpg","datePublished":"2021-08-13T04:15:23+00:00","dateModified":"2023-04-26T08:51:27+00:00","breadcrumb":{"@id":"https:\/\/hove-as.com\/es\/sobre-nosotros\/#breadcrumb"},"inLanguage":"es","potentialAction":[{"@type":"ReadAction","target":["https:\/\/hove-as.com\/es\/sobre-nosotros\/"]}]},{"@type":"ImageObject","inLanguage":"es","@id":"https:\/\/hove-as.com\/es\/sobre-nosotros\/#primaryimage","url":"https:\/\/hove-as.com\/wp-content\/uploads\/2021\/09\/7-hero-e1630935433253.jpg","contentUrl":"https:\/\/hove-as.com\/wp-content\/uploads\/2021\/09\/7-hero-e1630935433253.jpg"},{"@type":"BreadcrumbList","@id":"https:\/\/hove-as.com\/es\/sobre-nosotros\/#breadcrumb","itemListElement":[{"@type":"ListItem","position":1,"name":"Home","item":"https:\/\/hove-as.com\/es\/"},{"@type":"ListItem","position":2,"name":"Sobre nosotros"}]},{"@type":"WebSite","@id":"https:\/\/hove-as.com\/es\/#website","url":"https:\/\/hove-as.com\/es\/","name":"Hove A\/S","description":"","potentialAction":[{"@type":"SearchAction","target":{"@type":"EntryPoint","urlTemplate":"https:\/\/hove-as.com\/es\/?s={search_term_string}"},"query-input":{"@type":"PropertyValueSpecification","valueRequired":true,"valueName":"search_term_string"}}],"inLanguage":"es"}]}},"_links":{"self":[{"href":"https:\/\/hove-as.com\/es\/wp-json\/wp\/v2\/pages\/2218","targetHints":{"allow":["GET"]}}],"collection":[{"href":"https:\/\/hove-as.com\/es\/wp-json\/wp\/v2\/pages"}],"about":[{"href":"https:\/\/hove-as.com\/es\/wp-json\/wp\/v2\/types\/page"}],"author":[{"embeddable":true,"href":"https:\/\/hove-as.com\/es\/wp-json\/wp\/v2\/users\/1"}],"replies":[{"embeddable":true,"href":"https:\/\/hove-as.com\/es\/wp-json\/wp\/v2\/comments?post=2218"}],"version-history":[{"count":0,"href":"https:\/\/hove-as.com\/es\/wp-json\/wp\/v2\/pages\/2218\/revisions"}],"wp:attachment":[{"href":"https:\/\/hove-as.com\/es\/wp-json\/wp\/v2\/media?parent=2218"}],"curies":[{"name":"wp","href":"https:\/\/api.w.org\/{rel}","templated":true}]}}