{"id":2230,"date":"2021-08-26T20:47:24","date_gmt":"2021-08-26T18:47:24","guid":{"rendered":"https:\/\/hove-as.com\/asistencia\/descargas\/"},"modified":"2024-03-14T11:29:51","modified_gmt":"2024-03-14T10:29:51","slug":"descargas","status":"publish","type":"page","link":"https:\/\/hove-as.com\/es\/soporte\/descargas\/","title":{"rendered":"Descargas"},"content":{"rendered":"\n<div class=\"wp-block-cover alignfull is-style-hero\"><span aria-hidden=\"true\" class=\"wp-block-cover__background has-red-1-background-color has-background-dim-0 has-background-dim\"><\/span><img loading=\"lazy\" decoding=\"async\" width=\"1438\" height=\"979\" class=\"wp-block-cover__image-background wp-image-523\" alt=\"\" src=\"https:\/\/hove-as.com\/wp-content\/uploads\/2021\/09\/5-hero-1.jpg\" data-object-fit=\"cover\" srcset=\"https:\/\/hove-as.com\/wp-content\/uploads\/2021\/09\/5-hero-1.jpg 1438w, https:\/\/hove-as.com\/wp-content\/uploads\/2021\/09\/5-hero-1-300x204.jpg 300w, https:\/\/hove-as.com\/wp-content\/uploads\/2021\/09\/5-hero-1-1024x697.jpg 1024w, https:\/\/hove-as.com\/wp-content\/uploads\/2021\/09\/5-hero-1-768x523.jpg 768w\" sizes=\"auto, (max-width: 1438px) 100vw, 1438px\" \/><div class=\"wp-block-cover__inner-container is-layout-flow wp-block-cover-is-layout-flow\">\n<div class=\"wp-block-group alignwide\"><div class=\"wp-block-group__inner-container is-layout-flow wp-block-group-is-layout-flow\">\n<h1 class=\"wp-block-heading\">Descargas<\/h1>\n\n\n\n<p>Encuentre aqu\u00ed todos los materiales y especificaciones t\u00e9cnicas de los productos de Hove y Beinlich.<\/p>\n<\/div><\/div>\n<\/div><\/div>\n\n\n\n<div class=\"wp-block-group alignfull has-white-background-color has-background\"><div class=\"wp-block-group__inner-container is-layout-flow wp-block-group-is-layout-flow\">\n<div class=\"wp-block-group alignwide\"><div class=\"wp-block-group__inner-container is-layout-flow wp-block-group-is-layout-flow\">\n<h2 class=\"wp-block-heading has-blue-1-color has-text-color\">Folletos de Hove<\/h2>\n\n\n\n<h3 class=\"wp-block-heading has-blue-2-color has-text-color\"><span class=\"uppercase\"><strong>Folleto de ventas de Hove<\/strong><\/span><\/h3>\n\n\n\n<div class=\"wp-block-buttons is-style-download is-layout-flex wp-block-buttons-is-layout-flex\">\n<div class=\"wp-block-button is-style-outline is-style-outline--1\"><a class=\"wp-block-button__link has-blue-1-color has-text-color wp-element-button\" href=\"https:\/\/hove-as.com\/wp-content\/uploads\/2023\/03\/30072-HOVE-Corporate-brochure-ES-A4-Windmill-Digital.pdf\" target=\"_blank\" rel=\"noreferrer noopener\">Descargar ahora<\/a><\/div>\n<\/div>\n\n\n\n<h3 class=\"wp-block-heading has-blue-2-color has-text-color\"><span class=\"uppercase\"><strong>Folleto de Hove Smart Lube<\/strong><\/span><\/h3>\n\n\n\n<div class=\"wp-block-buttons is-style-download is-layout-flex wp-block-buttons-is-layout-flex\">\n<div class=\"wp-block-button is-style-outline is-style-outline--2\"><a class=\"wp-block-button__link has-blue-1-color has-text-color wp-element-button\" href=\"https:\/\/hove-as.com\/wp-content\/uploads\/2022\/11\/21842-HOVE-HSL-folder-ES-A5-Digital.pdf\" target=\"_blank\" rel=\"noreferrer noopener\">Descargar ahora<\/a><\/div>\n<\/div>\n\n\n\n<h3 class=\"wp-block-heading has-blue-2-color has-text-color\"><span class=\"uppercase\"><strong>Folleto de HOVE CARRY<\/strong><\/span><\/h3>\n\n\n\n<div class=\"wp-block-buttons is-style-download is-layout-flex wp-block-buttons-is-layout-flex\">\n<div class=\"wp-block-button is-style-outline is-style-outline--3\"><a class=\"wp-block-button__link has-blue-1-color has-text-color wp-element-button\" href=\"https:\/\/hove-as.com\/wp-content\/uploads\/2022\/11\/21842-HOVE-folder-A5-ES-Digital-1.pdf\" target=\"_blank\" rel=\"noreferrer noopener\">Descargar ahora<\/a><\/div>\n<\/div>\n\n\n\n<h3 class=\"wp-block-heading has-blue-2-color has-text-color\"><span class=\"uppercase\"><strong>Folleto de HOVE EASY GREASE V5<\/strong><\/span><\/h3>\n\n\n\n<div class=\"wp-block-buttons is-style-download is-layout-flex wp-block-buttons-is-layout-flex\">\n<div class=\"wp-block-button is-style-outline is-style-outline--4\"><a class=\"wp-block-button__link has-blue-1-color has-text-color wp-element-button\" href=\"https:\/\/hove-as.com\/wp-content\/uploads\/2023\/11\/EGv5-A6-folder_.pdf\" target=\"_blank\" rel=\"noreferrer noopener\">Descargar ahora<\/a><\/div>\n<\/div>\n<\/div><\/div>\n<\/div><\/div>\n\n\n\n<div class=\"wp-block-group alignfull has-blue-5-background-color has-background\"><div class=\"wp-block-group__inner-container is-layout-flow wp-block-group-is-layout-flow\">\n<div class=\"wp-block-group alignwide\"><div class=\"wp-block-group__inner-container is-layout-flow wp-block-group-is-layout-flow\">\n<h2 class=\"wp-block-heading has-blue-1-color has-text-color\">Especificaciones t\u00e9cnicas del producto de Hove<\/h2>\n\n\n\n<h3 class=\"wp-block-heading has-blue-2-color has-text-color\"><span class=\"uppercase\"><strong>Hove ONE V1 &#8211; Especificaciones t\u00e9cnicas<\/strong><\/span><\/h3>\n\n\n\n<div class=\"wp-block-buttons is-style-download is-layout-flex wp-block-buttons-is-layout-flex\">\n<div class=\"wp-block-button is-style-outline is-style-outline--5\"><a class=\"wp-block-button__link has-blue-1-color has-text-color wp-element-button\" href=\"https:\/\/hove-as.com\/wp-content\/uploads\/2022\/05\/HoveONEv1_datasheet.pdf\" target=\"_blank\" rel=\"noreferrer noopener\">Descargar ahora<\/a><\/div>\n<\/div>\n\n\n\n<h3 class=\"wp-block-heading has-blue-2-color has-text-color\"><span class=\"uppercase\"><strong>Hove Easy Grease V4 &#8211; Especificaciones t\u00e9cnicas<\/strong><\/span><\/h3>\n\n\n\n<div class=\"wp-block-buttons is-style-download is-layout-flex wp-block-buttons-is-layout-flex\">\n<div class=\"wp-block-button is-style-outline is-style-outline--6\"><a class=\"wp-block-button__link has-blue-1-color has-text-color wp-element-button\" href=\"https:\/\/hove-as.com\/wp-content\/uploads\/2022\/02\/HoveEGv4-datasheet.pdf\" target=\"_blank\" rel=\"noreferrer noopener\">Descargar ahora<\/a><\/div>\n<\/div>\n\n\n\n<h3 class=\"wp-block-heading has-blue-2-color has-text-color\"><span class=\"uppercase\"><strong>Hove Refiller V2 &#8211; Especificaciones t\u00e9cnicas<\/strong><\/span><\/h3>\n\n\n\n<div class=\"wp-block-buttons is-style-download is-layout-flex wp-block-buttons-is-layout-flex\">\n<div class=\"wp-block-button is-style-outline is-style-outline--7\"><a class=\"wp-block-button__link has-blue-1-color has-text-color wp-element-button\" href=\"https:\/\/hove-as.com\/wp-content\/uploads\/2022\/02\/HoveRefillerv2.pdf\" target=\"_blank\" rel=\"noreferrer noopener\">Descargar ahora<\/a><\/div>\n<\/div>\n\n\n\n<h3 class=\"wp-block-heading has-blue-2-color has-text-color\"><span class=\"uppercase\"><strong>Hove Easy Grease Carry &#8211; Especificaciones t\u00e9cnicas<\/strong><\/span><\/h3>\n\n\n\n<div class=\"wp-block-buttons is-style-download is-layout-flex wp-block-buttons-is-layout-flex\">\n<div class=\"wp-block-button is-style-outline is-style-outline--8\"><a class=\"wp-block-button__link has-blue-1-color has-text-color wp-element-button\" href=\"https:\/\/hove-as.com\/wp-content\/uploads\/2022\/06\/HoveCarry-datasheet.pdf\" target=\"_blank\" rel=\"noreferrer noopener\">Descargar ahora<\/a><\/div>\n<\/div>\n\n\n\n<h3 class=\"wp-block-heading has-blue-2-color has-text-color\"><span class=\"uppercase\"><strong>Hove Easy Grease v5 &#8211; Especificaciones t\u00e9cnicas<\/strong><\/span><\/h3>\n\n\n\n<div class=\"wp-block-buttons is-style-download is-layout-flex wp-block-buttons-is-layout-flex\">\n<div class=\"wp-block-button is-style-outline is-style-outline--9\"><a class=\"wp-block-button__link has-blue-1-color has-text-color wp-element-button\" href=\"https:\/\/hove-as.com\/wp-content\/uploads\/2024\/03\/HoveEGv5-Datasheet-2024.pdf\" target=\"_blank\" rel=\"noreferrer noopener\">Descargar ahora<\/a><\/div>\n<\/div>\n<\/div><\/div>\n<\/div><\/div>\n\n\n\n<div class=\"wp-block-group alignfull has-white-background-color has-background\"><div class=\"wp-block-group__inner-container is-layout-flow wp-block-group-is-layout-flow\">\n<div class=\"wp-block-group alignwide\"><div class=\"wp-block-group__inner-container is-layout-flow wp-block-group-is-layout-flow\">\n<h2 class=\"wp-block-heading has-blue-1-color has-text-color\">Especificaciones t\u00e9cnicas del producto de Beinlich<\/h2>\n\n\n\n<h3 class=\"wp-block-heading has-blue-2-color has-text-color\"><span class=\"uppercase\"><strong>Bombas de Beinlich &#8211; Especificaciones t\u00e9cnicas<\/strong><\/span><\/h3>\n\n\n\n<div class=\"wp-block-buttons is-style-download is-layout-flex wp-block-buttons-is-layout-flex\">\n<div class=\"wp-block-button is-style-outline is-style-outline--10\"><a class=\"wp-block-button__link has-blue-1-color has-text-color wp-element-button\" href=\"https:\/\/www.beinlich-pumps.com\/en\/downloads.html\" target=\"_blank\" rel=\"noreferrer noopener\">Descargar ahora<\/a><\/div>\n<\/div>\n<\/div><\/div>\n<\/div><\/div>\n\n\n\n<div class=\"wp-block-group alignfull has-blue-5-background-color has-background\" id=\"firmware\"><div class=\"wp-block-group__inner-container is-layout-flow wp-block-group-is-layout-flow\">\n<div class=\"wp-block-group alignwide\"><div class=\"wp-block-group__inner-container is-layout-flow wp-block-group-is-layout-flow\">\n<h2 class=\"wp-block-heading has-blue-1-color has-text-color\">FIRMWARE DE PRODUCTOS DE HOVE<\/h2>\n\n\n\n<h3 class=\"wp-block-heading has-blue-2-color has-text-color\"><span class=\"uppercase\"><strong>FIRMWARE<\/strong><\/span><\/h3>\n\n\n\n<div class=\"wp-block-buttons is-style-download is-layout-flex wp-block-buttons-is-layout-flex\">\n<div class=\"wp-block-button is-style-outline is-style-outline--11\"><a class=\"wp-block-button__link has-blue-1-color has-text-color wp-element-button\" href=\"https:\/\/hove-as.com\/wp-content\/uploads\/2022\/06\/Hove_Firmware_2022-005.zip\" target=\"_blank\" rel=\"noreferrer noopener\">Descargar ahora<\/a><\/div>\n<\/div>\n<\/div><\/div>\n<\/div><\/div>\n\n\n\n<div class=\"wp-block-group alignfull has-blue-3-background-color has-background\" id=\"get-in-touch\"><div class=\"wp-block-group__inner-container is-layout-flow wp-block-group-is-layout-flow\">\n<div class=\"wp-block-group alignwide\"><div class=\"wp-block-group__inner-container is-layout-flow wp-block-group-is-layout-flow\">\n<div class=\"wp-block-columns is-layout-flex wp-container-core-columns-is-layout-9d6595d7 wp-block-columns-is-layout-flex\">\n<div class=\"wp-block-column is-layout-flow wp-block-column-is-layout-flow\" style=\"flex-basis:65%\">\n<h2 class=\"wp-block-heading has-blue-1-color has-text-color\" id=\"get-in-touch\">P\u00f3ngase en contacto con nosotros<\/h2>\n\n\n\n<p class=\"is-style-lead has-blue-1-color has-text-color\">Si tiene alguna pregunta sobre los productos, los presupuestos y los servicios de Hove o desea saber m\u00e1s sobre c\u00f3mo Hove puede beneficiar a su empresa, no dude en ponerse en contacto con nosotros. Estamos aqu\u00ed para ayudarle.<\/p>\n<\/div>\n\n\n\n<div class=\"wp-block-column is-layout-flow wp-block-column-is-layout-flow\"><\/div>\n<\/div>\n\n\n\n<div class=\"wpcf7 no-js\" id=\"wpcf7-f2304-o1\" lang=\"es-ES\" dir=\"ltr\" data-wpcf7-id=\"2304\">\n<div class=\"screen-reader-response\"><p role=\"status\" aria-live=\"polite\" aria-atomic=\"true\"><\/p> <ul><\/ul><\/div>\n<form action=\"\/es\/wp-json\/wp\/v2\/pages\/2230#wpcf7-f2304-o1\" method=\"post\" class=\"wpcf7-form init\" aria-label=\"Formulario de contacto\" novalidate=\"novalidate\" data-status=\"init\">\n<fieldset class=\"hidden-fields-container\"><input type=\"hidden\" name=\"_wpcf7\" value=\"2304\" \/><input type=\"hidden\" name=\"_wpcf7_version\" value=\"6.1.1\" \/><input type=\"hidden\" name=\"_wpcf7_locale\" value=\"es_ES\" \/><input type=\"hidden\" name=\"_wpcf7_unit_tag\" value=\"wpcf7-f2304-o1\" \/><input type=\"hidden\" name=\"_wpcf7_container_post\" value=\"0\" \/><input type=\"hidden\" name=\"_wpcf7_posted_data_hash\" value=\"\" \/><input type=\"hidden\" name=\"_wpcf7cf_hidden_group_fields\" value=\"[]\" \/><input type=\"hidden\" name=\"_wpcf7cf_hidden_groups\" value=\"[]\" \/><input type=\"hidden\" name=\"_wpcf7cf_visible_groups\" value=\"[]\" \/><input type=\"hidden\" name=\"_wpcf7cf_repeaters\" value=\"[]\" \/><input type=\"hidden\" name=\"_wpcf7cf_steps\" value=\"{}\" \/><input type=\"hidden\" name=\"_wpcf7cf_options\" value=\"{&quot;form_id&quot;:2304,&quot;conditions&quot;:[],&quot;settings&quot;:{&quot;animation&quot;:&quot;yes&quot;,&quot;animation_intime&quot;:200,&quot;animation_outtime&quot;:200,&quot;conditions_ui&quot;:&quot;normal&quot;,&quot;notice_dismissed&quot;:false,&quot;notice_dismissed_update-cf7-5.7.3&quot;:true}}\" \/><input type=\"hidden\" name=\"_wpcf7_recaptcha_response\" value=\"\" \/>\n<\/fieldset>\n<div class=\"row\">\n\t<div class=\"col-md-4\">\n\t\t<p><span class=\"wpcf7-form-control-wrap\" data-name=\"your-name\"><input size=\"40\" maxlength=\"400\" class=\"wpcf7-form-control wpcf7-text wpcf7-validates-as-required\" aria-required=\"true\" aria-invalid=\"false\" placeholder=\"Nombre*\" value=\"\" type=\"text\" name=\"your-name\" \/><\/span><span class=\"wpcf7-form-control-wrap\" data-name=\"your-job\"><input size=\"40\" maxlength=\"400\" class=\"wpcf7-form-control wpcf7-text\" aria-invalid=\"false\" placeholder=\"Cargo\" value=\"\" type=\"text\" name=\"your-job\" \/><\/span>\n\t\t<\/p>\n\t<\/div>\n\t<div class=\"col-md-4 pb-3\">\n\t\t<p><span class=\"wpcf7-form-control-wrap\" data-name=\"your-email\"><input size=\"40\" maxlength=\"400\" class=\"wpcf7-form-control wpcf7-email wpcf7-validates-as-required wpcf7-text wpcf7-validates-as-email\" aria-required=\"true\" aria-invalid=\"false\" placeholder=\"E-mail*\" value=\"\" type=\"email\" name=\"your-email\" \/><\/span><span class=\"wpcf7-form-control-wrap\" data-name=\"region\"><select class=\"wpcf7-form-control wpcf7-select wpcf7-validates-as-required bg-white\" aria-required=\"true\" aria-invalid=\"false\" name=\"region\"><option value=\"\">&#8212;Por favor, elige una opci\u00f3n&#8212;<\/option><option value=\"Europa\">Europa<\/option><option value=\"Asia\">Asia<\/option><option value=\"Oriente Medio (y T\u00fcrkiye)\">Oriente Medio (y T\u00fcrkiye)<\/option><option value=\"Am\u00e9rica del Norte y Canad\u00e1\">Am\u00e9rica del Norte y Canad\u00e1<\/option><option value=\"Am\u00e9rica del Sur\">Am\u00e9rica del Sur<\/option><\/select><\/span>\n\t\t<\/p>\n\t<\/div>\n\t<div class=\"col-md-4\">\n\t\t<p><span class=\"wpcf7-form-control-wrap\" data-name=\"your-message\"><textarea cols=\"40\" rows=\"4\" maxlength=\"2000\" class=\"wpcf7-form-control wpcf7-textarea wpcf7-validates-as-required\" aria-required=\"true\" aria-invalid=\"false\" placeholder=\"Mensaje*\" name=\"your-message\"><\/textarea><\/span>\n\t\t<\/p>\n\t<\/div>\n<\/div>\n<div class=\"row\">\n\t<div class=\"col-md-4 pe-2\">\n\t\t<div class=\"wp-block-buttons\">\n\t\t\t<div class=\"wp-block-button is-style-outline\">\n\t\t\t\t<p><label class=\"wp-block-button__link has-text-color has-blue-1-color\"><input class=\"wpcf7-form-control wpcf7-submit has-spinner\" type=\"submit\" value=\"Enviar\" \/><\/label>\n\t\t\t\t<\/p>\n\t\t\t<\/div>\n\t\t<\/div>\n\t<\/div>\n<\/div><div class=\"wpcf7-response-output\" aria-hidden=\"true\"><\/div>\n<\/form>\n<\/div>\n\n<\/div><\/div>\n<\/div><\/div>\n","protected":false},"excerpt":{"rendered":"<p>Folletos de Hove Folleto de ventas de Hove Folleto de Hove Smart Lube Folleto de HOVE CARRY Folleto de HOVE EASY GREASE V5 Especificaciones t\u00e9cnicas del producto de Hove Hove ONE V1 &#8211; Especificaciones t\u00e9cnicas Hove Easy Grease V4 &#8211; Especificaciones t\u00e9cnicas Hove Refiller V2 &#8211; Especificaciones t\u00e9cnicas Hove Easy Grease Carry &#8211; Especificaciones t\u00e9cnicas&hellip; <a class=\"more-link\" href=\"https:\/\/hove-as.com\/es\/soporte\/descargas\/\">Continue reading <span class=\"screen-reader-text\">Descargas<\/span><\/a><\/p>\n","protected":false},"author":1,"featured_media":0,"parent":2216,"menu_order":15,"comment_status":"closed","ping_status":"closed","template":"","meta":{"_acf_changed":false,"_editorskit_title_hidden":false,"_editorskit_reading_time":1,"_editorskit_is_block_options_detached":false,"_editorskit_block_options_position":"{}","footnotes":""},"class_list":["post-2230","page","type-page","status-publish","hentry","entry"],"acf":{"color":"blue-1"},"yoast_head":"<!-- This site is optimized with the Yoast SEO plugin v25.7 - https:\/\/yoast.com\/wordpress\/plugins\/seo\/ -->\n<title>Descargas - Hove A\/S<\/title>\n<meta name=\"robots\" content=\"index, follow, max-snippet:-1, max-image-preview:large, max-video-preview:-1\" \/>\n<link rel=\"canonical\" href=\"https:\/\/hove-as.com\/es\/soporte\/descargas\/\" \/>\n<meta property=\"og:locale\" content=\"es_ES\" \/>\n<meta property=\"og:type\" content=\"article\" \/>\n<meta property=\"og:title\" content=\"Descargas - Hove A\/S\" \/>\n<meta property=\"og:description\" content=\"Folletos de Hove Folleto de ventas de Hove Folleto de Hove Smart Lube Folleto de HOVE CARRY Folleto de HOVE EASY GREASE V5 Especificaciones t\u00e9cnicas del producto de Hove Hove ONE V1 &#8211; Especificaciones t\u00e9cnicas Hove Easy Grease V4 &#8211; Especificaciones t\u00e9cnicas Hove Refiller V2 &#8211; Especificaciones t\u00e9cnicas Hove Easy Grease Carry &#8211; Especificaciones t\u00e9cnicas&hellip; Continue reading Descargas\" \/>\n<meta property=\"og:url\" content=\"https:\/\/hove-as.com\/es\/soporte\/descargas\/\" \/>\n<meta property=\"og:site_name\" content=\"Hove A\/S\" \/>\n<meta property=\"article:modified_time\" content=\"2024-03-14T10:29:51+00:00\" \/>\n<meta property=\"og:image\" content=\"https:\/\/hove-as.com\/wp-content\/uploads\/2021\/09\/5-hero-1.jpg\" \/>\n<meta name=\"twitter:card\" content=\"summary_large_image\" \/>\n<meta name=\"twitter:label1\" content=\"Tiempo de lectura\" \/>\n\t<meta name=\"twitter:data1\" content=\"1 minuto\" \/>\n<script type=\"application\/ld+json\" class=\"yoast-schema-graph\">{\"@context\":\"https:\/\/schema.org\",\"@graph\":[{\"@type\":\"WebPage\",\"@id\":\"https:\/\/hove-as.com\/es\/soporte\/descargas\/\",\"url\":\"https:\/\/hove-as.com\/es\/soporte\/descargas\/\",\"name\":\"Descargas - Hove A\/S\",\"isPartOf\":{\"@id\":\"https:\/\/hove-as.com\/es\/#website\"},\"primaryImageOfPage\":{\"@id\":\"https:\/\/hove-as.com\/es\/soporte\/descargas\/#primaryimage\"},\"image\":{\"@id\":\"https:\/\/hove-as.com\/es\/soporte\/descargas\/#primaryimage\"},\"thumbnailUrl\":\"https:\/\/hove-as.com\/wp-content\/uploads\/2021\/09\/5-hero-1.jpg\",\"datePublished\":\"2021-08-26T18:47:24+00:00\",\"dateModified\":\"2024-03-14T10:29:51+00:00\",\"breadcrumb\":{\"@id\":\"https:\/\/hove-as.com\/es\/soporte\/descargas\/#breadcrumb\"},\"inLanguage\":\"es\",\"potentialAction\":[{\"@type\":\"ReadAction\",\"target\":[\"https:\/\/hove-as.com\/es\/soporte\/descargas\/\"]}]},{\"@type\":\"ImageObject\",\"inLanguage\":\"es\",\"@id\":\"https:\/\/hove-as.com\/es\/soporte\/descargas\/#primaryimage\",\"url\":\"https:\/\/hove-as.com\/wp-content\/uploads\/2021\/09\/5-hero-1.jpg\",\"contentUrl\":\"https:\/\/hove-as.com\/wp-content\/uploads\/2021\/09\/5-hero-1.jpg\"},{\"@type\":\"BreadcrumbList\",\"@id\":\"https:\/\/hove-as.com\/es\/soporte\/descargas\/#breadcrumb\",\"itemListElement\":[{\"@type\":\"ListItem\",\"position\":1,\"name\":\"Home\",\"item\":\"https:\/\/hove-as.com\/es\/\"},{\"@type\":\"ListItem\",\"position\":2,\"name\":\"Soporte\",\"item\":\"https:\/\/hove-as.com\/es\/soporte\/\"},{\"@type\":\"ListItem\",\"position\":3,\"name\":\"Descargas\"}]},{\"@type\":\"WebSite\",\"@id\":\"https:\/\/hove-as.com\/es\/#website\",\"url\":\"https:\/\/hove-as.com\/es\/\",\"name\":\"Hove A\/S\",\"description\":\"\",\"potentialAction\":[{\"@type\":\"SearchAction\",\"target\":{\"@type\":\"EntryPoint\",\"urlTemplate\":\"https:\/\/hove-as.com\/es\/?s={search_term_string}\"},\"query-input\":{\"@type\":\"PropertyValueSpecification\",\"valueRequired\":true,\"valueName\":\"search_term_string\"}}],\"inLanguage\":\"es\"}]}<\/script>\n<!-- \/ Yoast SEO plugin. -->","yoast_head_json":{"title":"Descargas - Hove A\/S","robots":{"index":"index","follow":"follow","max-snippet":"max-snippet:-1","max-image-preview":"max-image-preview:large","max-video-preview":"max-video-preview:-1"},"canonical":"https:\/\/hove-as.com\/es\/soporte\/descargas\/","og_locale":"es_ES","og_type":"article","og_title":"Descargas - Hove A\/S","og_description":"Folletos de Hove Folleto de ventas de Hove Folleto de Hove Smart Lube Folleto de HOVE CARRY Folleto de HOVE EASY GREASE V5 Especificaciones t\u00e9cnicas del producto de Hove Hove ONE V1 &#8211; Especificaciones t\u00e9cnicas Hove Easy Grease V4 &#8211; Especificaciones t\u00e9cnicas Hove Refiller V2 &#8211; Especificaciones t\u00e9cnicas Hove Easy Grease Carry &#8211; Especificaciones t\u00e9cnicas&hellip; Continue reading Descargas","og_url":"https:\/\/hove-as.com\/es\/soporte\/descargas\/","og_site_name":"Hove A\/S","article_modified_time":"2024-03-14T10:29:51+00:00","og_image":[{"url":"https:\/\/hove-as.com\/wp-content\/uploads\/2021\/09\/5-hero-1.jpg","type":"","width":"","height":""}],"twitter_card":"summary_large_image","twitter_misc":{"Tiempo de lectura":"1 minuto"},"schema":{"@context":"https:\/\/schema.org","@graph":[{"@type":"WebPage","@id":"https:\/\/hove-as.com\/es\/soporte\/descargas\/","url":"https:\/\/hove-as.com\/es\/soporte\/descargas\/","name":"Descargas - Hove A\/S","isPartOf":{"@id":"https:\/\/hove-as.com\/es\/#website"},"primaryImageOfPage":{"@id":"https:\/\/hove-as.com\/es\/soporte\/descargas\/#primaryimage"},"image":{"@id":"https:\/\/hove-as.com\/es\/soporte\/descargas\/#primaryimage"},"thumbnailUrl":"https:\/\/hove-as.com\/wp-content\/uploads\/2021\/09\/5-hero-1.jpg","datePublished":"2021-08-26T18:47:24+00:00","dateModified":"2024-03-14T10:29:51+00:00","breadcrumb":{"@id":"https:\/\/hove-as.com\/es\/soporte\/descargas\/#breadcrumb"},"inLanguage":"es","potentialAction":[{"@type":"ReadAction","target":["https:\/\/hove-as.com\/es\/soporte\/descargas\/"]}]},{"@type":"ImageObject","inLanguage":"es","@id":"https:\/\/hove-as.com\/es\/soporte\/descargas\/#primaryimage","url":"https:\/\/hove-as.com\/wp-content\/uploads\/2021\/09\/5-hero-1.jpg","contentUrl":"https:\/\/hove-as.com\/wp-content\/uploads\/2021\/09\/5-hero-1.jpg"},{"@type":"BreadcrumbList","@id":"https:\/\/hove-as.com\/es\/soporte\/descargas\/#breadcrumb","itemListElement":[{"@type":"ListItem","position":1,"name":"Home","item":"https:\/\/hove-as.com\/es\/"},{"@type":"ListItem","position":2,"name":"Soporte","item":"https:\/\/hove-as.com\/es\/soporte\/"},{"@type":"ListItem","position":3,"name":"Descargas"}]},{"@type":"WebSite","@id":"https:\/\/hove-as.com\/es\/#website","url":"https:\/\/hove-as.com\/es\/","name":"Hove A\/S","description":"","potentialAction":[{"@type":"SearchAction","target":{"@type":"EntryPoint","urlTemplate":"https:\/\/hove-as.com\/es\/?s={search_term_string}"},"query-input":{"@type":"PropertyValueSpecification","valueRequired":true,"valueName":"search_term_string"}}],"inLanguage":"es"}]}},"_links":{"self":[{"href":"https:\/\/hove-as.com\/es\/wp-json\/wp\/v2\/pages\/2230","targetHints":{"allow":["GET"]}}],"collection":[{"href":"https:\/\/hove-as.com\/es\/wp-json\/wp\/v2\/pages"}],"about":[{"href":"https:\/\/hove-as.com\/es\/wp-json\/wp\/v2\/types\/page"}],"author":[{"embeddable":true,"href":"https:\/\/hove-as.com\/es\/wp-json\/wp\/v2\/users\/1"}],"replies":[{"embeddable":true,"href":"https:\/\/hove-as.com\/es\/wp-json\/wp\/v2\/comments?post=2230"}],"version-history":[{"count":0,"href":"https:\/\/hove-as.com\/es\/wp-json\/wp\/v2\/pages\/2230\/revisions"}],"up":[{"embeddable":true,"href":"https:\/\/hove-as.com\/es\/wp-json\/wp\/v2\/pages\/2216"}],"wp:attachment":[{"href":"https:\/\/hove-as.com\/es\/wp-json\/wp\/v2\/media?parent=2230"}],"curies":[{"name":"wp","href":"https:\/\/api.w.org\/{rel}","templated":true}]}}