{"id":2234,"date":"2021-08-27T15:08:07","date_gmt":"2021-08-27T13:08:07","guid":{"rendered":"https:\/\/hove-as.com\/sobre-nosotros\/politica-de-datos\/"},"modified":"2022-08-02T11:37:55","modified_gmt":"2022-08-02T09:37:55","slug":"politica-de-datos","status":"publish","type":"page","link":"https:\/\/hove-as.com\/es\/sobre-nosotros\/politica-de-datos\/","title":{"rendered":"Pol\u00edtica de datos"},"content":{"rendered":"\n<div class=\"wp-block-cover alignfull is-style-hero\"><span aria-hidden=\"true\" class=\"has-blue-1-background-color has-background-dim-0 wp-block-cover__gradient-background has-background-dim\"><\/span><img loading=\"lazy\" decoding=\"async\" width=\"1428\" height=\"979\" class=\"wp-block-cover__image-background wp-image-401\" alt=\"\" src=\"https:\/\/hove-as.com\/wp-content\/uploads\/2021\/09\/7-hero-e1630935596850.jpg\" data-object-fit=\"cover\" srcset=\"https:\/\/hove-as.com\/wp-content\/uploads\/2021\/09\/7-hero-e1630935596850.jpg 1428w, https:\/\/hove-as.com\/wp-content\/uploads\/2021\/09\/7-hero-e1630935596850-300x206.jpg 300w, https:\/\/hove-as.com\/wp-content\/uploads\/2021\/09\/7-hero-e1630935596850-1024x702.jpg 1024w, https:\/\/hove-as.com\/wp-content\/uploads\/2021\/09\/7-hero-e1630935596850-768x527.jpg 768w\" sizes=\"auto, (max-width: 1428px) 100vw, 1428px\" \/><div class=\"wp-block-cover__inner-container is-layout-flow wp-block-cover-is-layout-flow\">\n<div class=\"wp-block-group alignwide\"><div class=\"wp-block-group__inner-container is-layout-flow wp-block-group-is-layout-flow\">\n<h1 class=\"wp-block-heading\">Nuestra pol\u00edtica de datos<\/h1>\n\n\n\n<p>El uso de la p\u00e1gina web y los servicios online de Hove est\u00e1 sujeto a nuestra pol\u00edtica de datos.<\/p>\n\n\n\n<div class=\"wp-block-buttons is-style-arrow_right is-layout-flex wp-block-buttons-is-layout-flex\">\n<div class=\"wp-block-button is-style-outline is-style-outline--1\"><a class=\"wp-block-button__link has-white-color has-text-color\" href=\"https:\/\/hove-as.com\/es\/productos-y-soluciones\/\">Ver m\u00e1s sobre nuestras soluciones<\/a><\/div>\n<\/div>\n<\/div><\/div>\n<\/div><\/div>\n\n<div class=\"wp-block-group alignfull has-white-background-color has-background\"><div class=\"wp-block-group__inner-container is-layout-flow wp-block-group-is-layout-flow\">\n<div class=\"wp-block-columns alignwide has-blue-1-color has-text-color is-layout-flex wp-container-core-columns-is-layout-9d6595d7 wp-block-columns-is-layout-flex\">\n<div class=\"wp-block-column is-layout-flow wp-block-column-is-layout-flow\" style=\"flex-basis:75%\">\n<div class=\"wp-block-group alignwide has-tablet-text-align-left has-mobile-text-align-left\"><div class=\"wp-block-group__inner-container is-layout-flow wp-block-group-is-layout-flow\">\n<p class=\"has-blue-1-color has-text-color\"><strong>1.1<\/strong> \u2013 Todas las ventas nacionales e internacionales de productos o servicios por parte de cualquier empresa del Grupo Hove (en adelante \u00abHove\u00bb) se realizan de acuerdo con las Condiciones Generales de Venta expuestas en este documento, a menos que Hove acuerde expl\u00edcitamente lo contrario por escrito. En consecuencia, Hove no acepta estar sujeto a las condiciones generales de venta de un cliente que este env\u00ede a Hove junto con las \u00f3rdenes de compra o de otra manera. Estas Condiciones Generales de Venta tambi\u00e9n sirven como aviso de objeci\u00f3n y rechazo expreso de Hove ante cualquier condici\u00f3n de compra incluida en el pedido del cliente u otro escrito que sea diferente o adicional a estas Condiciones Generales de Venta.<\/p>\n\n\n\n<p>Hove A\/S (\u00abHove\u00bb) est\u00e1 sujeto a la Ley danesa de protecci\u00f3n de datos y al Reglamento general de protecci\u00f3n de datos, seg\u00fan los cuales tiene derecho a ser informado sobre sus derechos con respecto a sus datos personales tratados por Hove.<\/p>\n\n\n\n<p><strong>1. RESPONSABLE DEL TRATAMIENTO<\/strong><\/p>\n\n\n\n<p>Hove A\/S, CVR-no. 25 80 48 21, Hersted\u00f8stervej 7, 2600 Glostrup, Dinamarca. Tel\u00e9fono +45 70 22 10 22, correo electr\u00f3nico <a href=\"mailto:hove@hove-as.dk\" class=\"ek-link\">hove@hove-as.dk<\/a>.<\/p>\n\n\n\n<p><strong>2. DATOS PERSONALES, FINALIDAD DE LOS DATOS Y TRATAMIENTO LEGAL<\/strong><\/p>\n\n\n\n<p>Para gestionar la relaci\u00f3n comercial entre usted y Hove, es necesario que Hove trate y almacene los siguientes datos personales: Su nombre, direcci\u00f3n, correo electr\u00f3nico y n\u00famero de tel\u00e9fono.<\/p>\n\n\n\n<p>Todos los datos mencionados anteriormente se tratar\u00e1n con total confidencialidad de acuerdo con la Ley danesa de protecci\u00f3n de datos y el Reglamento general de protecci\u00f3n de datos. La autoridad de Hove para procesar sus datos personales se deriva del inter\u00e9s leg\u00edtimo que Hove tiene en la relaci\u00f3n con el cliente cf. art\u00edculo 6 (1) (f).<\/p>\n\n\n\n<p><strong>3<\/strong>. <strong>DESTINATARIOS<\/strong> <strong>Y ENCARGADOS DEL TRATAMIENTO DE SUS DATOS PERSONALES<\/strong><\/p>\n\n\n\n<p>Sus datos personales ser\u00e1n tratados por Hove a menos que el tratamiento por parte de un tercero sea relevante para la naturaleza o el tipo de nuestro negocio. Sus datos pueden ser transferidos a nuestros colaboradores o a las autoridades, si tal transferencia es necesaria en relaci\u00f3n con nuestra cooperaci\u00f3n.<\/p>\n\n\n\n<p><strong>4. DERECHO DE CONSULTA, RECTIFICACI\u00d3N, SUPRESI\u00d3N, LIMITACI\u00d3N Y OPOSICI\u00d3N<\/strong><\/p>\n\n\n\n<p>Tiene derecho a conocer sus datos personales registrados por Hove. Si desea tener dicha informaci\u00f3n, Hove le enviar\u00e1 una copia de los datos registrados. Las consultas electr\u00f3nicas se responder\u00e1n electr\u00f3nicamente, y si se solicitan varias copias de los datos personales, debe esperar que Hove le cobre una tarifa razonable por los gastos en los que incurre Hove.<\/p>\n\n\n\n<p>Tiene derecho a oponerse a cualquier tratamiento de sus datos personales. Adem\u00e1s, tiene derecho a exigir que se rectifiquen, eliminen o limiten los datos personales que le conciernen.<\/p>\n\n\n\n<p>De acuerdo con la Ley danesa de protecci\u00f3n de datos y el Reglamento general de protecci\u00f3n de datos, ciertas situaciones espec\u00edficas pueden impedir que Hove cumpla con las obligaciones antes mencionadas. Si desea solicitar (1) informaci\u00f3n sobre, o (2) la rectificaci\u00f3n, la eliminaci\u00f3n o la limitaci\u00f3n de cualquier dato personal o (3) si tiene alguna objeci\u00f3n con respecto al tratamiento de sus datos personales, p\u00f3ngase en contacto con Hove por correo electr\u00f3nico a <a href=\"mailto:hove@hove-as.dk\" class=\"ek-link\">hove@hove-as.dk<\/a> o por tel\u00e9fono al +45 70 22 10 22.<\/p>\n\n\n\n<p><strong>5. PORTABILIDAD DE DATOS<\/strong><\/p>\n\n\n\n<p>En algunos casos, tiene derecho a que sus datos personales sean devueltos o entregados a otro encargado del tratamiento de datos.<\/p>\n\n\n\n<p><strong>6. DURACI\u00d3N DEL ALMACENAMIENTO DE SUS DATOS PERSONALES<\/strong><\/p>\n\n\n\n<p>Sus datos personales se borrar\u00e1n cinco a\u00f1os despu\u00e9s de la finalizaci\u00f3n de nuestra cooperaci\u00f3n. Hove almacena sus datos durante dicho per\u00edodo para cumplir con la Ley danesa de tenedur\u00eda de libros y para asegurar la documentaci\u00f3n de cualquier reclamaci\u00f3n dada que pueda dirigirse a Hove en relaci\u00f3n con nuestra cooperaci\u00f3n.<\/p>\n\n\n\n<p><strong>7. QUEJAS<\/strong><\/p>\n\n\n\n<p>Puede reclamar sobre el tratamiento de sus datos personales. Su queja debe enviarse a la Agencia Danesa de Protecci\u00f3n de Datos, Borgergade 28, 5, 1300 Copenhague (Dinamarca), <a href=\"mailto:dt@datatilsynet.dk\" class=\"ek-link\">dt@datatilsynet.dk<\/a>.<\/p>\n<\/div><\/div>\n\n\n\n<p><\/p>\n<\/div>\n\n\n\n<div class=\"wp-block-column is-layout-flow wp-block-column-is-layout-flow\" style=\"flex-basis:25%\"><\/div>\n<\/div>\n<\/div><\/div>\n","protected":false},"excerpt":{"rendered":"<p>1.1 \u2013 Todas las ventas nacionales e internacionales de productos o servicios por parte de cualquier empresa del Grupo Hove (en adelante \u00abHove\u00bb) se realizan de acuerdo con las Condiciones Generales de Venta expuestas en este documento, a menos que Hove acuerde expl\u00edcitamente lo contrario por escrito. En consecuencia, Hove no acepta estar sujeto a&hellip; <a class=\"more-link\" href=\"https:\/\/hove-as.com\/es\/sobre-nosotros\/politica-de-datos\/\">Continue reading <span class=\"screen-reader-text\">Pol\u00edtica de datos<\/span><\/a><\/p>\n","protected":false},"author":1,"featured_media":0,"parent":2218,"menu_order":34,"comment_status":"closed","ping_status":"closed","template":"","meta":{"_acf_changed":false,"_editorskit_title_hidden":false,"_editorskit_reading_time":0,"_editorskit_is_block_options_detached":false,"_editorskit_block_options_position":"{}","footnotes":""},"class_list":["post-2234","page","type-page","status-publish","hentry","entry"],"acf":{"color":null},"yoast_head":"<!-- This site is optimized with the Yoast SEO plugin v25.7 - https:\/\/yoast.com\/wordpress\/plugins\/seo\/ -->\n<title>Pol\u00edtica de datos - Hove A\/S<\/title>\n<meta name=\"robots\" content=\"index, follow, max-snippet:-1, max-image-preview:large, max-video-preview:-1\" \/>\n<link rel=\"canonical\" href=\"https:\/\/hove-as.com\/es\/sobre-nosotros\/politica-de-datos\/\" \/>\n<meta property=\"og:locale\" content=\"es_ES\" \/>\n<meta property=\"og:type\" content=\"article\" \/>\n<meta property=\"og:title\" content=\"Pol\u00edtica de datos - Hove A\/S\" \/>\n<meta property=\"og:description\" content=\"1.1 \u2013 Todas las ventas nacionales e internacionales de productos o servicios por parte de cualquier empresa del Grupo Hove (en adelante \u00abHove\u00bb) se realizan de acuerdo con las Condiciones Generales de Venta expuestas en este documento, a menos que Hove acuerde expl\u00edcitamente lo contrario por escrito. En consecuencia, Hove no acepta estar sujeto a&hellip; Continue reading Pol\u00edtica de datos\" \/>\n<meta property=\"og:url\" content=\"https:\/\/hove-as.com\/es\/sobre-nosotros\/politica-de-datos\/\" \/>\n<meta property=\"og:site_name\" content=\"Hove A\/S\" \/>\n<meta property=\"article:modified_time\" content=\"2022-08-02T09:37:55+00:00\" \/>\n<meta property=\"og:image\" content=\"https:\/\/hove-as.com\/wp-content\/uploads\/2021\/09\/7-hero-e1630935596850.jpg\" \/>\n<meta name=\"twitter:card\" content=\"summary_large_image\" \/>\n<meta name=\"twitter:label1\" content=\"Tiempo de lectura\" \/>\n\t<meta name=\"twitter:data1\" content=\"3 minutos\" \/>\n<script type=\"application\/ld+json\" class=\"yoast-schema-graph\">{\"@context\":\"https:\/\/schema.org\",\"@graph\":[{\"@type\":\"WebPage\",\"@id\":\"https:\/\/hove-as.com\/es\/sobre-nosotros\/politica-de-datos\/\",\"url\":\"https:\/\/hove-as.com\/es\/sobre-nosotros\/politica-de-datos\/\",\"name\":\"Pol\u00edtica de datos - Hove A\/S\",\"isPartOf\":{\"@id\":\"https:\/\/hove-as.com\/es\/#website\"},\"primaryImageOfPage\":{\"@id\":\"https:\/\/hove-as.com\/es\/sobre-nosotros\/politica-de-datos\/#primaryimage\"},\"image\":{\"@id\":\"https:\/\/hove-as.com\/es\/sobre-nosotros\/politica-de-datos\/#primaryimage\"},\"thumbnailUrl\":\"https:\/\/hove-as.com\/wp-content\/uploads\/2021\/09\/7-hero-e1630935596850.jpg\",\"datePublished\":\"2021-08-27T13:08:07+00:00\",\"dateModified\":\"2022-08-02T09:37:55+00:00\",\"breadcrumb\":{\"@id\":\"https:\/\/hove-as.com\/es\/sobre-nosotros\/politica-de-datos\/#breadcrumb\"},\"inLanguage\":\"es\",\"potentialAction\":[{\"@type\":\"ReadAction\",\"target\":[\"https:\/\/hove-as.com\/es\/sobre-nosotros\/politica-de-datos\/\"]}]},{\"@type\":\"ImageObject\",\"inLanguage\":\"es\",\"@id\":\"https:\/\/hove-as.com\/es\/sobre-nosotros\/politica-de-datos\/#primaryimage\",\"url\":\"https:\/\/hove-as.com\/wp-content\/uploads\/2021\/09\/7-hero-e1630935596850.jpg\",\"contentUrl\":\"https:\/\/hove-as.com\/wp-content\/uploads\/2021\/09\/7-hero-e1630935596850.jpg\"},{\"@type\":\"BreadcrumbList\",\"@id\":\"https:\/\/hove-as.com\/es\/sobre-nosotros\/politica-de-datos\/#breadcrumb\",\"itemListElement\":[{\"@type\":\"ListItem\",\"position\":1,\"name\":\"Home\",\"item\":\"https:\/\/hove-as.com\/es\/\"},{\"@type\":\"ListItem\",\"position\":2,\"name\":\"Sobre nosotros\",\"item\":\"https:\/\/hove-as.com\/es\/about\/\"},{\"@type\":\"ListItem\",\"position\":3,\"name\":\"Pol\u00edtica de datos\"}]},{\"@type\":\"WebSite\",\"@id\":\"https:\/\/hove-as.com\/es\/#website\",\"url\":\"https:\/\/hove-as.com\/es\/\",\"name\":\"Hove A\/S\",\"description\":\"\",\"potentialAction\":[{\"@type\":\"SearchAction\",\"target\":{\"@type\":\"EntryPoint\",\"urlTemplate\":\"https:\/\/hove-as.com\/es\/?s={search_term_string}\"},\"query-input\":{\"@type\":\"PropertyValueSpecification\",\"valueRequired\":true,\"valueName\":\"search_term_string\"}}],\"inLanguage\":\"es\"}]}<\/script>\n<!-- \/ Yoast SEO plugin. -->","yoast_head_json":{"title":"Pol\u00edtica de datos - Hove A\/S","robots":{"index":"index","follow":"follow","max-snippet":"max-snippet:-1","max-image-preview":"max-image-preview:large","max-video-preview":"max-video-preview:-1"},"canonical":"https:\/\/hove-as.com\/es\/sobre-nosotros\/politica-de-datos\/","og_locale":"es_ES","og_type":"article","og_title":"Pol\u00edtica de datos - Hove A\/S","og_description":"1.1 \u2013 Todas las ventas nacionales e internacionales de productos o servicios por parte de cualquier empresa del Grupo Hove (en adelante \u00abHove\u00bb) se realizan de acuerdo con las Condiciones Generales de Venta expuestas en este documento, a menos que Hove acuerde expl\u00edcitamente lo contrario por escrito. En consecuencia, Hove no acepta estar sujeto a&hellip; Continue reading Pol\u00edtica de datos","og_url":"https:\/\/hove-as.com\/es\/sobre-nosotros\/politica-de-datos\/","og_site_name":"Hove A\/S","article_modified_time":"2022-08-02T09:37:55+00:00","og_image":[{"url":"https:\/\/hove-as.com\/wp-content\/uploads\/2021\/09\/7-hero-e1630935596850.jpg","type":"","width":"","height":""}],"twitter_card":"summary_large_image","twitter_misc":{"Tiempo de lectura":"3 minutos"},"schema":{"@context":"https:\/\/schema.org","@graph":[{"@type":"WebPage","@id":"https:\/\/hove-as.com\/es\/sobre-nosotros\/politica-de-datos\/","url":"https:\/\/hove-as.com\/es\/sobre-nosotros\/politica-de-datos\/","name":"Pol\u00edtica de datos - Hove A\/S","isPartOf":{"@id":"https:\/\/hove-as.com\/es\/#website"},"primaryImageOfPage":{"@id":"https:\/\/hove-as.com\/es\/sobre-nosotros\/politica-de-datos\/#primaryimage"},"image":{"@id":"https:\/\/hove-as.com\/es\/sobre-nosotros\/politica-de-datos\/#primaryimage"},"thumbnailUrl":"https:\/\/hove-as.com\/wp-content\/uploads\/2021\/09\/7-hero-e1630935596850.jpg","datePublished":"2021-08-27T13:08:07+00:00","dateModified":"2022-08-02T09:37:55+00:00","breadcrumb":{"@id":"https:\/\/hove-as.com\/es\/sobre-nosotros\/politica-de-datos\/#breadcrumb"},"inLanguage":"es","potentialAction":[{"@type":"ReadAction","target":["https:\/\/hove-as.com\/es\/sobre-nosotros\/politica-de-datos\/"]}]},{"@type":"ImageObject","inLanguage":"es","@id":"https:\/\/hove-as.com\/es\/sobre-nosotros\/politica-de-datos\/#primaryimage","url":"https:\/\/hove-as.com\/wp-content\/uploads\/2021\/09\/7-hero-e1630935596850.jpg","contentUrl":"https:\/\/hove-as.com\/wp-content\/uploads\/2021\/09\/7-hero-e1630935596850.jpg"},{"@type":"BreadcrumbList","@id":"https:\/\/hove-as.com\/es\/sobre-nosotros\/politica-de-datos\/#breadcrumb","itemListElement":[{"@type":"ListItem","position":1,"name":"Home","item":"https:\/\/hove-as.com\/es\/"},{"@type":"ListItem","position":2,"name":"Sobre nosotros","item":"https:\/\/hove-as.com\/es\/about\/"},{"@type":"ListItem","position":3,"name":"Pol\u00edtica de datos"}]},{"@type":"WebSite","@id":"https:\/\/hove-as.com\/es\/#website","url":"https:\/\/hove-as.com\/es\/","name":"Hove A\/S","description":"","potentialAction":[{"@type":"SearchAction","target":{"@type":"EntryPoint","urlTemplate":"https:\/\/hove-as.com\/es\/?s={search_term_string}"},"query-input":{"@type":"PropertyValueSpecification","valueRequired":true,"valueName":"search_term_string"}}],"inLanguage":"es"}]}},"_links":{"self":[{"href":"https:\/\/hove-as.com\/es\/wp-json\/wp\/v2\/pages\/2234","targetHints":{"allow":["GET"]}}],"collection":[{"href":"https:\/\/hove-as.com\/es\/wp-json\/wp\/v2\/pages"}],"about":[{"href":"https:\/\/hove-as.com\/es\/wp-json\/wp\/v2\/types\/page"}],"author":[{"embeddable":true,"href":"https:\/\/hove-as.com\/es\/wp-json\/wp\/v2\/users\/1"}],"replies":[{"embeddable":true,"href":"https:\/\/hove-as.com\/es\/wp-json\/wp\/v2\/comments?post=2234"}],"version-history":[{"count":0,"href":"https:\/\/hove-as.com\/es\/wp-json\/wp\/v2\/pages\/2234\/revisions"}],"up":[{"embeddable":true,"href":"https:\/\/hove-as.com\/es\/wp-json\/wp\/v2\/pages\/2218"}],"wp:attachment":[{"href":"https:\/\/hove-as.com\/es\/wp-json\/wp\/v2\/media?parent=2234"}],"curies":[{"name":"wp","href":"https:\/\/api.w.org\/{rel}","templated":true}]}}