{"id":2242,"date":"2021-09-02T19:25:44","date_gmt":"2021-09-02T17:25:44","guid":{"rendered":"https:\/\/hove-as.com\/manual-de-la-bomba-refiller\/"},"modified":"2022-08-02T11:38:43","modified_gmt":"2022-08-02T09:38:43","slug":"manual-de-la-bomba-refiller","status":"publish","type":"page","link":"https:\/\/hove-as.com\/es\/manual-de-la-bomba-refiller\/","title":{"rendered":"Manual de la bomba Refiller"},"content":{"rendered":"\n<div class=\"wp-block-cover alignfull is-light is-style-hero\"><span aria-hidden=\"true\" class=\"has-green-2-background-color has-background-dim-0 wp-block-cover__gradient-background has-background-dim\"><\/span><img loading=\"lazy\" decoding=\"async\" width=\"1440\" height=\"718\" class=\"wp-block-cover__image-background wp-image-463\" alt=\"\" src=\"https:\/\/hove-as.com\/wp-content\/uploads\/2021\/09\/5.1-hero.jpg\" data-object-fit=\"cover\" srcset=\"https:\/\/hove-as.com\/wp-content\/uploads\/2021\/09\/5.1-hero.jpg 1440w, https:\/\/hove-as.com\/wp-content\/uploads\/2021\/09\/5.1-hero-300x150.jpg 300w, https:\/\/hove-as.com\/wp-content\/uploads\/2021\/09\/5.1-hero-1024x511.jpg 1024w, https:\/\/hove-as.com\/wp-content\/uploads\/2021\/09\/5.1-hero-768x383.jpg 768w\" sizes=\"auto, (max-width: 1440px) 100vw, 1440px\" \/><div class=\"wp-block-cover__inner-container is-layout-flow wp-block-cover-is-layout-flow\">\n<div class=\"wp-block-group alignwide has-white-color has-text-color\"><div class=\"wp-block-group__inner-container is-layout-flow wp-block-group-is-layout-flow\">\n<h1 class=\"wp-block-heading\">Bomba Refiller<\/h1>\n\n\n\n<p>Encuentre el manual y el tutorial sobre el uso correcto de la bomba Refiller de Hove.<\/p>\n\n\n\n<div class=\"wp-block-buttons is-style-download is-layout-flex wp-block-buttons-is-layout-flex\">\n<div class=\"wp-block-button is-style-outline is-style-outline--1\"><a class=\"wp-block-button__link has-white-color has-text-color\" href=\"https:\/\/hove-as.com\/wp-content\/uploads\/2022\/02\/Manual-Refiller-v2-Januar-2022-.pdf\" target=\"_blank\" rel=\"noreferrer noopener\">Descargar Manual RFV2<\/a><\/div>\n<\/div>\n<\/div><\/div>\n<\/div><\/div>\n\n<div class=\"wp-block-group alignfull has-blue-5-background-color has-background\"><div class=\"wp-block-group__inner-container is-layout-flow wp-block-group-is-layout-flow\">\n<div class=\"wp-block-columns alignwide is-layout-flex wp-container-core-columns-is-layout-9d6595d7 wp-block-columns-is-layout-flex\">\n<div class=\"wp-block-column has-tablet-text-align-left has-mobile-text-align-left is-layout-flow wp-block-column-is-layout-flow\" style=\"flex-basis:75%\">\n<div class=\"wp-block-group alignwide\"><div class=\"wp-block-group__inner-container is-layout-flow wp-block-group-is-layout-flow\">\n<h2 class=\"has-blue-1-color has-text-color wp-block-heading\">Manual y tutorial<\/h2>\n\n\n\n<p class=\"is-style-lead has-blue-1-color has-text-color\">La bomba Refiller de Hove es una bomba transportable para recargar grasa y lubricante en sistemas de lubricaci\u00f3n central.<\/p>\n\n\n\n<p class=\"has-blue-1-color has-text-color\">En este v\u00eddeo, le mostramos c\u00f3mo usar la bomba correctamente para garantizar un rendimiento \u00f3ptimo del producto.<\/p>\n\n\n\n<figure class=\"wp-block-embed is-type-video is-provider-youtube wp-block-embed-youtube wp-embed-aspect-16-9 wp-has-aspect-ratio\"><div class=\"wp-block-embed__wrapper\">\n<iframe loading=\"lazy\" title=\"Hove Refiller purge of 5KG of Fuchs Stabyl EOS E2\" width=\"750\" height=\"422\" src=\"https:\/\/www.youtube.com\/embed\/jeXvKPLvpSM?feature=oembed\" frameborder=\"0\" allow=\"accelerometer; autoplay; clipboard-write; encrypted-media; gyroscope; picture-in-picture\" allowfullscreen><\/iframe>\n<\/div><\/figure>\n<\/div><\/div>\n<\/div>\n\n\n\n<div class=\"wp-block-column is-layout-flow wp-block-column-is-layout-flow\" style=\"flex-basis:25%\"><\/div>\n<\/div>\n<\/div><\/div>\n\n<div class=\"wp-block-group alignfull has-blue-3-background-color has-background\" id=\"get-in-touch\"><div class=\"wp-block-group__inner-container is-layout-flow wp-block-group-is-layout-flow\">\n<div class=\"wp-block-group alignwide\"><div class=\"wp-block-group__inner-container is-layout-flow wp-block-group-is-layout-flow\">\n<div class=\"wp-block-columns is-layout-flex wp-container-core-columns-is-layout-9d6595d7 wp-block-columns-is-layout-flex\">\n<div class=\"wp-block-column is-layout-flow wp-block-column-is-layout-flow\" style=\"flex-basis:65%\">\n<h2 class=\"wp-block-heading has-blue-1-color has-text-color\" id=\"get-in-touch\">P\u00f3ngase en contacto con nosotros<\/h2>\n\n\n\n<p class=\"is-style-lead has-blue-1-color has-text-color\">Si tiene alguna pregunta sobre los productos, los presupuestos y los servicios de Hove o desea saber m\u00e1s sobre c\u00f3mo Hove puede beneficiar a su empresa, no dude en ponerse en contacto con nosotros. Estamos aqu\u00ed para ayudarle.<\/p>\n<\/div>\n\n\n\n<div class=\"wp-block-column is-layout-flow wp-block-column-is-layout-flow\"><\/div>\n<\/div>\n\n\n\n<div class=\"wpcf7 no-js\" id=\"wpcf7-f2304-o1\" lang=\"es-ES\" dir=\"ltr\" data-wpcf7-id=\"2304\">\n<div class=\"screen-reader-response\"><p role=\"status\" aria-live=\"polite\" aria-atomic=\"true\"><\/p> <ul><\/ul><\/div>\n<form action=\"\/es\/wp-json\/wp\/v2\/pages\/2242#wpcf7-f2304-o1\" method=\"post\" class=\"wpcf7-form init\" aria-label=\"Formulario de contacto\" novalidate=\"novalidate\" data-status=\"init\">\n<fieldset class=\"hidden-fields-container\"><input type=\"hidden\" name=\"_wpcf7\" value=\"2304\" \/><input type=\"hidden\" name=\"_wpcf7_version\" value=\"6.1.1\" \/><input type=\"hidden\" name=\"_wpcf7_locale\" value=\"es_ES\" \/><input type=\"hidden\" name=\"_wpcf7_unit_tag\" value=\"wpcf7-f2304-o1\" \/><input type=\"hidden\" name=\"_wpcf7_container_post\" value=\"0\" \/><input type=\"hidden\" name=\"_wpcf7_posted_data_hash\" value=\"\" \/><input type=\"hidden\" name=\"_wpcf7cf_hidden_group_fields\" value=\"[]\" \/><input type=\"hidden\" name=\"_wpcf7cf_hidden_groups\" value=\"[]\" \/><input type=\"hidden\" name=\"_wpcf7cf_visible_groups\" value=\"[]\" \/><input type=\"hidden\" name=\"_wpcf7cf_repeaters\" value=\"[]\" \/><input type=\"hidden\" name=\"_wpcf7cf_steps\" value=\"{}\" \/><input type=\"hidden\" name=\"_wpcf7cf_options\" value=\"{&quot;form_id&quot;:2304,&quot;conditions&quot;:[],&quot;settings&quot;:{&quot;animation&quot;:&quot;yes&quot;,&quot;animation_intime&quot;:200,&quot;animation_outtime&quot;:200,&quot;conditions_ui&quot;:&quot;normal&quot;,&quot;notice_dismissed&quot;:false,&quot;notice_dismissed_update-cf7-5.7.3&quot;:true}}\" \/><input type=\"hidden\" name=\"_wpcf7_recaptcha_response\" value=\"\" \/>\n<\/fieldset>\n<div class=\"row\">\n\t<div class=\"col-md-4\">\n\t\t<p><span class=\"wpcf7-form-control-wrap\" data-name=\"your-name\"><input size=\"40\" maxlength=\"400\" class=\"wpcf7-form-control wpcf7-text wpcf7-validates-as-required\" aria-required=\"true\" aria-invalid=\"false\" placeholder=\"Nombre*\" value=\"\" type=\"text\" name=\"your-name\" \/><\/span><span class=\"wpcf7-form-control-wrap\" data-name=\"your-job\"><input size=\"40\" maxlength=\"400\" class=\"wpcf7-form-control wpcf7-text\" aria-invalid=\"false\" placeholder=\"Cargo\" value=\"\" type=\"text\" name=\"your-job\" \/><\/span>\n\t\t<\/p>\n\t<\/div>\n\t<div class=\"col-md-4 pb-3\">\n\t\t<p><span class=\"wpcf7-form-control-wrap\" data-name=\"your-email\"><input size=\"40\" maxlength=\"400\" class=\"wpcf7-form-control wpcf7-email wpcf7-validates-as-required wpcf7-text wpcf7-validates-as-email\" aria-required=\"true\" aria-invalid=\"false\" placeholder=\"E-mail*\" value=\"\" type=\"email\" name=\"your-email\" \/><\/span><span class=\"wpcf7-form-control-wrap\" data-name=\"region\"><select class=\"wpcf7-form-control wpcf7-select wpcf7-validates-as-required bg-white\" aria-required=\"true\" aria-invalid=\"false\" name=\"region\"><option value=\"\">&#8212;Por favor, elige una opci\u00f3n&#8212;<\/option><option value=\"Europa\">Europa<\/option><option value=\"Asia\">Asia<\/option><option value=\"Oriente Medio (y T\u00fcrkiye)\">Oriente Medio (y T\u00fcrkiye)<\/option><option value=\"Am\u00e9rica del Norte y Canad\u00e1\">Am\u00e9rica del Norte y Canad\u00e1<\/option><option value=\"Am\u00e9rica del Sur\">Am\u00e9rica del Sur<\/option><\/select><\/span>\n\t\t<\/p>\n\t<\/div>\n\t<div class=\"col-md-4\">\n\t\t<p><span class=\"wpcf7-form-control-wrap\" data-name=\"your-message\"><textarea cols=\"40\" rows=\"4\" maxlength=\"2000\" class=\"wpcf7-form-control wpcf7-textarea wpcf7-validates-as-required\" aria-required=\"true\" aria-invalid=\"false\" placeholder=\"Mensaje*\" name=\"your-message\"><\/textarea><\/span>\n\t\t<\/p>\n\t<\/div>\n<\/div>\n<div class=\"row\">\n\t<div class=\"col-md-4 pe-2\">\n\t\t<div class=\"wp-block-buttons\">\n\t\t\t<div class=\"wp-block-button is-style-outline\">\n\t\t\t\t<p><label class=\"wp-block-button__link has-text-color has-blue-1-color\"><input class=\"wpcf7-form-control wpcf7-submit has-spinner\" type=\"submit\" value=\"Enviar\" \/><\/label>\n\t\t\t\t<\/p>\n\t\t\t<\/div>\n\t\t<\/div>\n\t<\/div>\n<\/div><div class=\"wpcf7-response-output\" aria-hidden=\"true\"><\/div>\n<\/form>\n<\/div>\n\n<\/div><\/div>\n<\/div><\/div>\n","protected":false},"excerpt":{"rendered":"<p>Manual y tutorial La bomba Refiller de Hove es una bomba transportable para recargar grasa y lubricante en sistemas de lubricaci\u00f3n central. En este v\u00eddeo, le mostramos c\u00f3mo usar la bomba correctamente para garantizar un rendimiento \u00f3ptimo del producto.<\/p>\n","protected":false},"author":1,"featured_media":0,"parent":0,"menu_order":25,"comment_status":"closed","ping_status":"closed","template":"","meta":{"_acf_changed":false,"_editorskit_title_hidden":false,"_editorskit_reading_time":0,"_editorskit_is_block_options_detached":false,"_editorskit_block_options_position":"{}","footnotes":""},"class_list":["post-2242","page","type-page","status-publish","hentry","entry"],"acf":{"color":null},"yoast_head":"<!-- This site is optimized with the Yoast SEO plugin v25.7 - https:\/\/yoast.com\/wordpress\/plugins\/seo\/ -->\n<title>Manual de la bomba Refiller - Hove A\/S<\/title>\n<meta name=\"robots\" content=\"index, follow, max-snippet:-1, max-image-preview:large, max-video-preview:-1\" \/>\n<link rel=\"canonical\" href=\"https:\/\/hove-as.com\/es\/manual-de-la-bomba-refiller\/\" \/>\n<meta property=\"og:locale\" content=\"es_ES\" \/>\n<meta property=\"og:type\" content=\"article\" \/>\n<meta property=\"og:title\" content=\"Manual de la bomba Refiller - Hove A\/S\" \/>\n<meta property=\"og:description\" content=\"Manual y tutorial La bomba Refiller de Hove es una bomba transportable para recargar grasa y lubricante en sistemas de lubricaci\u00f3n central. En este v\u00eddeo, le mostramos c\u00f3mo usar la bomba correctamente para garantizar un rendimiento \u00f3ptimo del producto.\" \/>\n<meta property=\"og:url\" content=\"https:\/\/hove-as.com\/es\/manual-de-la-bomba-refiller\/\" \/>\n<meta property=\"og:site_name\" content=\"Hove A\/S\" \/>\n<meta property=\"article:modified_time\" content=\"2022-08-02T09:38:43+00:00\" \/>\n<meta property=\"og:image\" content=\"https:\/\/hove-as.com\/wp-content\/uploads\/2021\/09\/5.1-hero.jpg\" \/>\n<meta name=\"twitter:card\" content=\"summary_large_image\" \/>\n<script type=\"application\/ld+json\" class=\"yoast-schema-graph\">{\"@context\":\"https:\/\/schema.org\",\"@graph\":[{\"@type\":\"WebPage\",\"@id\":\"https:\/\/hove-as.com\/es\/manual-de-la-bomba-refiller\/\",\"url\":\"https:\/\/hove-as.com\/es\/manual-de-la-bomba-refiller\/\",\"name\":\"Manual de la bomba Refiller - Hove A\/S\",\"isPartOf\":{\"@id\":\"https:\/\/hove-as.com\/es\/#website\"},\"primaryImageOfPage\":{\"@id\":\"https:\/\/hove-as.com\/es\/manual-de-la-bomba-refiller\/#primaryimage\"},\"image\":{\"@id\":\"https:\/\/hove-as.com\/es\/manual-de-la-bomba-refiller\/#primaryimage\"},\"thumbnailUrl\":\"https:\/\/hove-as.com\/wp-content\/uploads\/2021\/09\/5.1-hero.jpg\",\"datePublished\":\"2021-09-02T17:25:44+00:00\",\"dateModified\":\"2022-08-02T09:38:43+00:00\",\"breadcrumb\":{\"@id\":\"https:\/\/hove-as.com\/es\/manual-de-la-bomba-refiller\/#breadcrumb\"},\"inLanguage\":\"es\",\"potentialAction\":[{\"@type\":\"ReadAction\",\"target\":[\"https:\/\/hove-as.com\/es\/manual-de-la-bomba-refiller\/\"]}]},{\"@type\":\"ImageObject\",\"inLanguage\":\"es\",\"@id\":\"https:\/\/hove-as.com\/es\/manual-de-la-bomba-refiller\/#primaryimage\",\"url\":\"https:\/\/hove-as.com\/wp-content\/uploads\/2021\/09\/5.1-hero.jpg\",\"contentUrl\":\"https:\/\/hove-as.com\/wp-content\/uploads\/2021\/09\/5.1-hero.jpg\"},{\"@type\":\"BreadcrumbList\",\"@id\":\"https:\/\/hove-as.com\/es\/manual-de-la-bomba-refiller\/#breadcrumb\",\"itemListElement\":[{\"@type\":\"ListItem\",\"position\":1,\"name\":\"Home\",\"item\":\"https:\/\/hove-as.com\/es\/\"},{\"@type\":\"ListItem\",\"position\":2,\"name\":\"Manual de la bomba Refiller\"}]},{\"@type\":\"WebSite\",\"@id\":\"https:\/\/hove-as.com\/es\/#website\",\"url\":\"https:\/\/hove-as.com\/es\/\",\"name\":\"Hove A\/S\",\"description\":\"\",\"potentialAction\":[{\"@type\":\"SearchAction\",\"target\":{\"@type\":\"EntryPoint\",\"urlTemplate\":\"https:\/\/hove-as.com\/es\/?s={search_term_string}\"},\"query-input\":{\"@type\":\"PropertyValueSpecification\",\"valueRequired\":true,\"valueName\":\"search_term_string\"}}],\"inLanguage\":\"es\"}]}<\/script>\n<!-- \/ Yoast SEO plugin. -->","yoast_head_json":{"title":"Manual de la bomba Refiller - Hove A\/S","robots":{"index":"index","follow":"follow","max-snippet":"max-snippet:-1","max-image-preview":"max-image-preview:large","max-video-preview":"max-video-preview:-1"},"canonical":"https:\/\/hove-as.com\/es\/manual-de-la-bomba-refiller\/","og_locale":"es_ES","og_type":"article","og_title":"Manual de la bomba Refiller - Hove A\/S","og_description":"Manual y tutorial La bomba Refiller de Hove es una bomba transportable para recargar grasa y lubricante en sistemas de lubricaci\u00f3n central. En este v\u00eddeo, le mostramos c\u00f3mo usar la bomba correctamente para garantizar un rendimiento \u00f3ptimo del producto.","og_url":"https:\/\/hove-as.com\/es\/manual-de-la-bomba-refiller\/","og_site_name":"Hove A\/S","article_modified_time":"2022-08-02T09:38:43+00:00","og_image":[{"url":"https:\/\/hove-as.com\/wp-content\/uploads\/2021\/09\/5.1-hero.jpg","type":"","width":"","height":""}],"twitter_card":"summary_large_image","schema":{"@context":"https:\/\/schema.org","@graph":[{"@type":"WebPage","@id":"https:\/\/hove-as.com\/es\/manual-de-la-bomba-refiller\/","url":"https:\/\/hove-as.com\/es\/manual-de-la-bomba-refiller\/","name":"Manual de la bomba Refiller - Hove A\/S","isPartOf":{"@id":"https:\/\/hove-as.com\/es\/#website"},"primaryImageOfPage":{"@id":"https:\/\/hove-as.com\/es\/manual-de-la-bomba-refiller\/#primaryimage"},"image":{"@id":"https:\/\/hove-as.com\/es\/manual-de-la-bomba-refiller\/#primaryimage"},"thumbnailUrl":"https:\/\/hove-as.com\/wp-content\/uploads\/2021\/09\/5.1-hero.jpg","datePublished":"2021-09-02T17:25:44+00:00","dateModified":"2022-08-02T09:38:43+00:00","breadcrumb":{"@id":"https:\/\/hove-as.com\/es\/manual-de-la-bomba-refiller\/#breadcrumb"},"inLanguage":"es","potentialAction":[{"@type":"ReadAction","target":["https:\/\/hove-as.com\/es\/manual-de-la-bomba-refiller\/"]}]},{"@type":"ImageObject","inLanguage":"es","@id":"https:\/\/hove-as.com\/es\/manual-de-la-bomba-refiller\/#primaryimage","url":"https:\/\/hove-as.com\/wp-content\/uploads\/2021\/09\/5.1-hero.jpg","contentUrl":"https:\/\/hove-as.com\/wp-content\/uploads\/2021\/09\/5.1-hero.jpg"},{"@type":"BreadcrumbList","@id":"https:\/\/hove-as.com\/es\/manual-de-la-bomba-refiller\/#breadcrumb","itemListElement":[{"@type":"ListItem","position":1,"name":"Home","item":"https:\/\/hove-as.com\/es\/"},{"@type":"ListItem","position":2,"name":"Manual de la bomba Refiller"}]},{"@type":"WebSite","@id":"https:\/\/hove-as.com\/es\/#website","url":"https:\/\/hove-as.com\/es\/","name":"Hove A\/S","description":"","potentialAction":[{"@type":"SearchAction","target":{"@type":"EntryPoint","urlTemplate":"https:\/\/hove-as.com\/es\/?s={search_term_string}"},"query-input":{"@type":"PropertyValueSpecification","valueRequired":true,"valueName":"search_term_string"}}],"inLanguage":"es"}]}},"_links":{"self":[{"href":"https:\/\/hove-as.com\/es\/wp-json\/wp\/v2\/pages\/2242","targetHints":{"allow":["GET"]}}],"collection":[{"href":"https:\/\/hove-as.com\/es\/wp-json\/wp\/v2\/pages"}],"about":[{"href":"https:\/\/hove-as.com\/es\/wp-json\/wp\/v2\/types\/page"}],"author":[{"embeddable":true,"href":"https:\/\/hove-as.com\/es\/wp-json\/wp\/v2\/users\/1"}],"replies":[{"embeddable":true,"href":"https:\/\/hove-as.com\/es\/wp-json\/wp\/v2\/comments?post=2242"}],"version-history":[{"count":0,"href":"https:\/\/hove-as.com\/es\/wp-json\/wp\/v2\/pages\/2242\/revisions"}],"wp:attachment":[{"href":"https:\/\/hove-as.com\/es\/wp-json\/wp\/v2\/media?parent=2242"}],"curies":[{"name":"wp","href":"https:\/\/api.w.org\/{rel}","templated":true}]}}