{"id":2273,"date":"2021-08-26T20:47:24","date_gmt":"2021-08-26T18:47:24","guid":{"rendered":"https:\/\/hove-as.com\/suporte\/transferencias\/"},"modified":"2024-03-14T11:48:55","modified_gmt":"2024-03-14T10:48:55","slug":"transferencias","status":"publish","type":"page","link":"https:\/\/hove-as.com\/pt-pt\/suporte\/transferencias\/","title":{"rendered":"Transfer\u00eancias"},"content":{"rendered":"\n<div class=\"wp-block-cover alignfull is-style-hero\"><span aria-hidden=\"true\" class=\"wp-block-cover__background has-red-1-background-color has-background-dim-0 has-background-dim\"><\/span><img loading=\"lazy\" decoding=\"async\" width=\"1438\" height=\"979\" class=\"wp-block-cover__image-background wp-image-523\" alt=\"\" src=\"https:\/\/hove-as.com\/wp-content\/uploads\/2021\/09\/5-hero-1.jpg\" data-object-fit=\"cover\" srcset=\"https:\/\/hove-as.com\/wp-content\/uploads\/2021\/09\/5-hero-1.jpg 1438w, https:\/\/hove-as.com\/wp-content\/uploads\/2021\/09\/5-hero-1-300x204.jpg 300w, https:\/\/hove-as.com\/wp-content\/uploads\/2021\/09\/5-hero-1-1024x697.jpg 1024w, https:\/\/hove-as.com\/wp-content\/uploads\/2021\/09\/5-hero-1-768x523.jpg 768w\" sizes=\"auto, (max-width: 1438px) 100vw, 1438px\" \/><div class=\"wp-block-cover__inner-container is-layout-flow wp-block-cover-is-layout-flow\">\n<div class=\"wp-block-group alignwide\"><div class=\"wp-block-group__inner-container is-layout-flow wp-block-group-is-layout-flow\">\n<h1 class=\"wp-block-heading\">Transfer\u00eancias<\/h1>\n\n\n\n<p>Encontre todos os materiais e especifica\u00e7\u00f5es t\u00e9cnicas dos produtos Hove e Beinlich aqui.<\/p>\n<\/div><\/div>\n<\/div><\/div>\n\n\n\n<div class=\"wp-block-group alignfull has-white-background-color has-background\"><div class=\"wp-block-group__inner-container is-layout-flow wp-block-group-is-layout-flow\">\n<div class=\"wp-block-group alignwide\"><div class=\"wp-block-group__inner-container is-layout-flow wp-block-group-is-layout-flow\">\n<h2 class=\"wp-block-heading has-blue-1-color has-text-color\">Brochuras Hove<\/h2>\n\n\n\n<h3 class=\"wp-block-heading has-blue-2-color has-text-color\"><span class=\"uppercase\"><strong>Brochura de vendas Hove<\/strong><\/span><\/h3>\n\n\n\n<div class=\"wp-block-buttons is-style-download is-layout-flex wp-block-buttons-is-layout-flex\">\n<div class=\"wp-block-button is-style-outline is-style-outline--1\"><a class=\"wp-block-button__link has-blue-1-color has-text-color wp-element-button\" href=\"https:\/\/hove-as.com\/wp-content\/uploads\/2023\/03\/30072-HOVE-Corporate-brochure-PT-A4-Windmill-Digital.pdf\" target=\"_blank\" rel=\"noreferrer noopener\">Transferir agora<\/a><\/div>\n<\/div>\n\n\n\n<h3 class=\"wp-block-heading has-blue-2-color has-text-color\"><span class=\"uppercase\"><strong>Brochura Hove smart lube<\/strong><\/span><\/h3>\n\n\n\n<div class=\"wp-block-buttons is-style-download is-layout-flex wp-block-buttons-is-layout-flex\">\n<div class=\"wp-block-button is-style-outline is-style-outline--2\"><a class=\"wp-block-button__link has-blue-1-color has-text-color wp-element-button\" href=\"https:\/\/hove-as.com\/wp-content\/uploads\/2022\/11\/21842-HOVE-HSL-folder-PT-A5-Digital.pdf\" target=\"_blank\" rel=\"noreferrer noopener\">Transferir agora<\/a><\/div>\n<\/div>\n\n\n\n<h3 class=\"wp-block-heading has-blue-2-color has-text-color\"><span class=\"uppercase\"><strong>Brochura Hove carry<\/strong><\/span><\/h3>\n\n\n\n<div class=\"wp-block-buttons is-style-download is-layout-flex wp-block-buttons-is-layout-flex\">\n<div class=\"wp-block-button is-style-outline is-style-outline--3\"><a class=\"wp-block-button__link has-blue-1-color has-text-color wp-element-button\" href=\"https:\/\/hove-as.com\/wp-content\/uploads\/2022\/11\/21842-HOVE-folder-A5-PT-Digital.pdf\" target=\"_blank\" rel=\"noreferrer noopener\">Transferir agora<\/a><\/div>\n<\/div>\n\n\n\n<h3 class=\"wp-block-heading has-blue-2-color has-text-color\"><span class=\"uppercase\"><strong>Brochura Hove egv5<\/strong><\/span><\/h3>\n\n\n\n<div class=\"wp-block-buttons is-style-download is-layout-flex wp-block-buttons-is-layout-flex\">\n<div class=\"wp-block-button is-style-outline is-style-outline--4\"><a class=\"wp-block-button__link has-blue-1-color has-text-color wp-element-button\" href=\"https:\/\/hove-as.com\/wp-content\/uploads\/2023\/11\/EGv5-A6-folder_.pdf\" target=\"_blank\" rel=\"noreferrer noopener\">Transferir agora<\/a><\/div>\n<\/div>\n<\/div><\/div>\n<\/div><\/div>\n\n\n\n<div class=\"wp-block-group alignfull has-blue-5-background-color has-background\"><div class=\"wp-block-group__inner-container is-layout-flow wp-block-group-is-layout-flow\">\n<div class=\"wp-block-group alignwide\"><div class=\"wp-block-group__inner-container is-layout-flow wp-block-group-is-layout-flow\">\n<h2 class=\"wp-block-heading has-blue-1-color has-text-color\">Especifica\u00e7\u00f5es t\u00e9cnicas dos produtos Hove<\/h2>\n\n\n\n<h3 class=\"wp-block-heading has-blue-2-color has-text-color\"><span class=\"uppercase\"><strong>Hove ONE V1 &#8211; especifica\u00e7\u00f5es t\u00e9cnicas<\/strong><\/span><\/h3>\n\n\n\n<div class=\"wp-block-buttons is-style-download is-layout-flex wp-block-buttons-is-layout-flex\">\n<div class=\"wp-block-button is-style-outline is-style-outline--5\"><a class=\"wp-block-button__link has-blue-1-color has-text-color wp-element-button\" href=\"https:\/\/hove-as.com\/wp-content\/uploads\/2022\/05\/HoveONEv1_datasheet.pdf\" target=\"_blank\" rel=\"noreferrer noopener\">Transferir agora<\/a><\/div>\n<\/div>\n\n\n\n<h3 class=\"wp-block-heading has-blue-2-color has-text-color\"><span class=\"uppercase\"><strong>Hove Easy Grease V4 &#8211; especifica\u00e7\u00f5es t\u00e9cnicas<\/strong><\/span><\/h3>\n\n\n\n<div class=\"wp-block-buttons is-style-download is-layout-flex wp-block-buttons-is-layout-flex\">\n<div class=\"wp-block-button is-style-outline is-style-outline--6\"><a class=\"wp-block-button__link has-blue-1-color has-text-color wp-element-button\" href=\"https:\/\/hove-as.com\/wp-content\/uploads\/2022\/02\/HoveEGv4-datasheet.pdf\" target=\"_blank\" rel=\"noreferrer noopener\">Transferir agora<\/a><\/div>\n<\/div>\n\n\n\n<h3 class=\"wp-block-heading has-blue-2-color has-text-color\"><span class=\"uppercase\"><strong>Hove refiller V2 &#8211; especifica\u00e7\u00f5es t\u00e9cnicas<\/strong><\/span><\/h3>\n\n\n\n<div class=\"wp-block-buttons is-style-download is-layout-flex wp-block-buttons-is-layout-flex\">\n<div class=\"wp-block-button is-style-outline is-style-outline--7\"><a class=\"wp-block-button__link has-blue-1-color has-text-color wp-element-button\" href=\"https:\/\/hove-as.com\/wp-content\/uploads\/2022\/02\/HoveRefillerv2.pdf\" target=\"_blank\" rel=\"noreferrer noopener\">Transferir agora<\/a><\/div>\n<\/div>\n\n\n\n<h3 class=\"wp-block-heading has-blue-2-color has-text-color\"><span class=\"uppercase\"><strong>Hove Easy Grease Carry &#8211; especifica\u00e7\u00f5es t\u00e9cnicas<\/strong><\/span><\/h3>\n\n\n\n<div class=\"wp-block-buttons is-style-download is-layout-flex wp-block-buttons-is-layout-flex\">\n<div class=\"wp-block-button is-style-outline is-style-outline--8\"><a class=\"wp-block-button__link has-blue-1-color has-text-color wp-element-button\" href=\"https:\/\/hove-as.com\/wp-content\/uploads\/2022\/06\/HoveCarry-datasheet.pdf\" target=\"_blank\" rel=\"noreferrer noopener\">Transferir agora<\/a><\/div>\n<\/div>\n<\/div><\/div>\n<\/div><\/div>\n\n\n\n<div class=\"wp-block-group alignfull has-white-background-color has-background\"><div class=\"wp-block-group__inner-container is-layout-flow wp-block-group-is-layout-flow\">\n<div class=\"wp-block-group alignwide\"><div class=\"wp-block-group__inner-container is-layout-flow wp-block-group-is-layout-flow\">\n<h2 class=\"wp-block-heading has-blue-1-color has-text-color\">Especifica\u00e7\u00f5es t\u00e9cnicas dos produtos Beinlich<\/h2>\n\n\n\n<h3 class=\"wp-block-heading has-blue-2-color has-text-color\"><span class=\"uppercase\"><strong>Bombas Beinlich &#8211; Especifica\u00e7\u00f5es T\u00e9cnica<\/strong><\/span><\/h3>\n\n\n\n<div class=\"wp-block-buttons is-style-download is-layout-flex wp-block-buttons-is-layout-flex\">\n<div class=\"wp-block-button is-style-outline is-style-outline--9\"><a class=\"wp-block-button__link has-blue-1-color has-text-color wp-element-button\" href=\"https:\/\/www.beinlich-pumps.com\/en\/downloads.html\" target=\"_blank\" rel=\"noreferrer noopener\">Transferir agora<\/a><\/div>\n<\/div>\n<\/div><\/div>\n<\/div><\/div>\n\n\n\n<div class=\"wp-block-group alignfull has-blue-5-background-color has-background\" id=\"firmware\"><div class=\"wp-block-group__inner-container is-layout-flow wp-block-group-is-layout-flow\">\n<div class=\"wp-block-group alignwide\"><div class=\"wp-block-group__inner-container is-layout-flow wp-block-group-is-layout-flow\">\n<h2 class=\"wp-block-heading has-blue-1-color has-text-color\">FIRMWARE DE PRODUTOS HOVE<\/h2>\n\n\n\n<h3 class=\"wp-block-heading has-blue-2-color has-text-color\"><span class=\"uppercase\"><strong>FIRMWARE<\/strong><\/span><\/h3>\n\n\n\n<div class=\"wp-block-buttons is-style-download is-layout-flex wp-block-buttons-is-layout-flex\">\n<div class=\"wp-block-button is-style-outline is-style-outline--10\"><a class=\"wp-block-button__link has-blue-1-color has-text-color wp-element-button\" href=\"https:\/\/hove-as.com\/wp-content\/uploads\/2022\/06\/Hove_Firmware_2022-005.zip\" target=\"_blank\" rel=\"noreferrer noopener\">Transferir agora<\/a><\/div>\n<\/div>\n<\/div><\/div>\n<\/div><\/div>\n\n\n\n<div class=\"wp-block-group alignfull has-blue-3-background-color has-background\" id=\"get-in-touch\"><div class=\"wp-block-group__inner-container is-layout-flow wp-block-group-is-layout-flow\">\n<div class=\"wp-block-group alignwide\"><div class=\"wp-block-group__inner-container is-layout-flow wp-block-group-is-layout-flow\">\n<div class=\"wp-block-columns is-layout-flex wp-container-core-columns-is-layout-9d6595d7 wp-block-columns-is-layout-flex\">\n<div class=\"wp-block-column is-layout-flow wp-block-column-is-layout-flow\" style=\"flex-basis:65%\">\n<h2 class=\"wp-block-heading has-blue-1-color has-text-color\" id=\"get-in-touch\">Entrar em contacto<\/h2>\n\n\n\n<p class=\"is-style-lead has-blue-1-color has-text-color\">Se tiver alguma quest\u00e3o sobre os produtos, or\u00e7amentos e servi\u00e7os da Hove ou se quiser saber mais sobre como a Hove pode beneficiar a sua empresa, n\u00e3o hesite em contactar-nos. Estamos aqui para ajudar.<\/p>\n<\/div>\n\n\n\n<div class=\"wp-block-column is-layout-flow wp-block-column-is-layout-flow\"><\/div>\n<\/div>\n\n\n\n<div class=\"wpcf7 no-js\" id=\"wpcf7-f2313-o1\" lang=\"pt-PT\" dir=\"ltr\" data-wpcf7-id=\"2313\">\n<div class=\"screen-reader-response\"><p role=\"status\" aria-live=\"polite\" aria-atomic=\"true\"><\/p> <ul><\/ul><\/div>\n<form action=\"\/pt-pt\/wp-json\/wp\/v2\/pages\/2273#wpcf7-f2313-o1\" method=\"post\" class=\"wpcf7-form init\" aria-label=\"Formul\u00e1rio de contacto\" novalidate=\"novalidate\" data-status=\"init\">\n<fieldset class=\"hidden-fields-container\"><input type=\"hidden\" name=\"_wpcf7\" value=\"2313\" \/><input type=\"hidden\" name=\"_wpcf7_version\" value=\"6.1.1\" \/><input type=\"hidden\" name=\"_wpcf7_locale\" value=\"pt_PT\" \/><input type=\"hidden\" name=\"_wpcf7_unit_tag\" value=\"wpcf7-f2313-o1\" \/><input type=\"hidden\" name=\"_wpcf7_container_post\" value=\"0\" \/><input type=\"hidden\" name=\"_wpcf7_posted_data_hash\" value=\"\" \/><input type=\"hidden\" name=\"_wpcf7cf_hidden_group_fields\" value=\"[]\" \/><input type=\"hidden\" name=\"_wpcf7cf_hidden_groups\" value=\"[]\" \/><input type=\"hidden\" name=\"_wpcf7cf_visible_groups\" value=\"[]\" \/><input type=\"hidden\" name=\"_wpcf7cf_repeaters\" value=\"[]\" \/><input type=\"hidden\" name=\"_wpcf7cf_steps\" value=\"{}\" \/><input type=\"hidden\" name=\"_wpcf7cf_options\" value=\"{&quot;form_id&quot;:2313,&quot;conditions&quot;:[],&quot;settings&quot;:{&quot;animation&quot;:&quot;yes&quot;,&quot;animation_intime&quot;:200,&quot;animation_outtime&quot;:200,&quot;conditions_ui&quot;:&quot;normal&quot;,&quot;notice_dismissed&quot;:false,&quot;notice_dismissed_update-cf7-5.7.3&quot;:true}}\" \/><input type=\"hidden\" name=\"_wpcf7_recaptcha_response\" value=\"\" \/>\n<\/fieldset>\n<div class=\"row\">\n\t<div class=\"col-md-4\">\n\t\t<p><span class=\"wpcf7-form-control-wrap\" data-name=\"your-name\"><input size=\"40\" maxlength=\"400\" class=\"wpcf7-form-control wpcf7-text wpcf7-validates-as-required\" aria-required=\"true\" aria-invalid=\"false\" placeholder=\"Nome*\" value=\"\" type=\"text\" name=\"your-name\" \/><\/span><span class=\"wpcf7-form-control-wrap\" data-name=\"your-job\"><input size=\"40\" maxlength=\"400\" class=\"wpcf7-form-control wpcf7-text\" aria-invalid=\"false\" placeholder=\"Cargo\" value=\"\" type=\"text\" name=\"your-job\" \/><\/span>\n\t\t<\/p>\n\t<\/div>\n\t<div class=\"col-md-4 pb-3\">\n\t\t<p><span class=\"wpcf7-form-control-wrap\" data-name=\"your-email\"><input size=\"40\" maxlength=\"400\" class=\"wpcf7-form-control wpcf7-email wpcf7-validates-as-required wpcf7-text wpcf7-validates-as-email\" aria-required=\"true\" aria-invalid=\"false\" placeholder=\"E-mail*\" value=\"\" type=\"email\" name=\"your-email\" \/><\/span><span class=\"wpcf7-form-control-wrap\" data-name=\"region\"><select class=\"wpcf7-form-control wpcf7-select wpcf7-validates-as-required bg-white\" aria-required=\"true\" aria-invalid=\"false\" name=\"region\"><option value=\"\">&#8212;Por favor escolha uma op\u00e7\u00e3o&#8212;<\/option><option value=\"Europa\">Europa<\/option><option value=\"\u00c1sia\">\u00c1sia<\/option><option value=\"Oriente M\u00e9dio (e Turquia)\">Oriente M\u00e9dio (e Turquia)<\/option><option value=\"Am\u00e9rica do Norte e Canad\u00e1\">Am\u00e9rica do Norte e Canad\u00e1<\/option><option value=\"Am\u00e9rica do Sul\">Am\u00e9rica do Sul<\/option><\/select><\/span>\n\t\t<\/p>\n\t<\/div>\n\t<div class=\"col-md-4\">\n\t\t<p><span class=\"wpcf7-form-control-wrap\" data-name=\"your-message\"><textarea cols=\"40\" rows=\"4\" maxlength=\"2000\" class=\"wpcf7-form-control wpcf7-textarea wpcf7-validates-as-required\" aria-required=\"true\" aria-invalid=\"false\" placeholder=\"Mensagem*\" name=\"your-message\"><\/textarea><\/span>\n\t\t<\/p>\n\t<\/div>\n<\/div>\n<div class=\"row\">\n\t<div class=\"col-md-4 pe-2\">\n\t\t<div class=\"wp-block-buttons\">\n\t\t\t<div class=\"wp-block-button is-style-outline\">\n\t\t\t\t<p><label class=\"wp-block-button__link has-text-color has-blue-1-color\"><input class=\"wpcf7-form-control wpcf7-submit has-spinner\" type=\"submit\" value=\"Enviar\" \/><\/label>\n\t\t\t\t<\/p>\n\t\t\t<\/div>\n\t\t<\/div>\n\t<\/div>\n<\/div><div class=\"wpcf7-response-output\" aria-hidden=\"true\"><\/div>\n<\/form>\n<\/div>\n\n<\/div><\/div>\n<\/div><\/div>\n","protected":false},"excerpt":{"rendered":"<p>Brochuras Hove Brochura de vendas Hove Brochura Hove smart lube Brochura Hove carry Brochura Hove egv5 Especifica\u00e7\u00f5es t\u00e9cnicas dos produtos Hove Hove ONE V1 &#8211; especifica\u00e7\u00f5es t\u00e9cnicas Hove Easy Grease V4 &#8211; especifica\u00e7\u00f5es t\u00e9cnicas Hove refiller V2 &#8211; especifica\u00e7\u00f5es t\u00e9cnicas Hove Easy Grease Carry &#8211; especifica\u00e7\u00f5es t\u00e9cnicas Especifica\u00e7\u00f5es t\u00e9cnicas dos produtos Beinlich Bombas Beinlich &#8211;&hellip; <a class=\"more-link\" href=\"https:\/\/hove-as.com\/pt-pt\/suporte\/transferencias\/\">Continue reading <span class=\"screen-reader-text\">Transfer\u00eancias<\/span><\/a><\/p>\n","protected":false},"author":1,"featured_media":0,"parent":2262,"menu_order":15,"comment_status":"closed","ping_status":"closed","template":"","meta":{"_acf_changed":false,"_editorskit_title_hidden":false,"_editorskit_reading_time":0,"_editorskit_is_block_options_detached":false,"_editorskit_block_options_position":"{}","footnotes":""},"class_list":["post-2273","page","type-page","status-publish","hentry","entry"],"acf":{"color":"red-1"},"yoast_head":"<!-- This site is optimized with the Yoast SEO plugin v25.7 - https:\/\/yoast.com\/wordpress\/plugins\/seo\/ -->\n<title>Transfer\u00eancias - Hove A\/S<\/title>\n<meta name=\"robots\" content=\"index, follow, max-snippet:-1, max-image-preview:large, max-video-preview:-1\" \/>\n<link rel=\"canonical\" href=\"https:\/\/hove-as.com\/pt-pt\/suporte\/transferencias\/\" \/>\n<meta property=\"og:locale\" content=\"pt_PT\" \/>\n<meta property=\"og:type\" content=\"article\" \/>\n<meta property=\"og:title\" content=\"Transfer\u00eancias - Hove A\/S\" \/>\n<meta property=\"og:description\" content=\"Brochuras Hove Brochura de vendas Hove Brochura Hove smart lube Brochura Hove carry Brochura Hove egv5 Especifica\u00e7\u00f5es t\u00e9cnicas dos produtos Hove Hove ONE V1 &#8211; especifica\u00e7\u00f5es t\u00e9cnicas Hove Easy Grease V4 &#8211; especifica\u00e7\u00f5es t\u00e9cnicas Hove refiller V2 &#8211; especifica\u00e7\u00f5es t\u00e9cnicas Hove Easy Grease Carry &#8211; especifica\u00e7\u00f5es t\u00e9cnicas Especifica\u00e7\u00f5es t\u00e9cnicas dos produtos Beinlich Bombas Beinlich &#8211;&hellip; Continue reading Transfer\u00eancias\" \/>\n<meta property=\"og:url\" content=\"https:\/\/hove-as.com\/pt-pt\/suporte\/transferencias\/\" \/>\n<meta property=\"og:site_name\" content=\"Hove A\/S\" \/>\n<meta property=\"article:modified_time\" content=\"2024-03-14T10:48:55+00:00\" \/>\n<meta property=\"og:image\" content=\"https:\/\/hove-as.com\/wp-content\/uploads\/2021\/09\/5-hero-1.jpg\" \/>\n<meta name=\"twitter:card\" content=\"summary_large_image\" \/>\n<meta name=\"twitter:label1\" content=\"Tempo estimado de leitura\" \/>\n\t<meta name=\"twitter:data1\" content=\"1 minuto\" \/>\n<script type=\"application\/ld+json\" class=\"yoast-schema-graph\">{\"@context\":\"https:\/\/schema.org\",\"@graph\":[{\"@type\":\"WebPage\",\"@id\":\"https:\/\/hove-as.com\/pt-pt\/suporte\/transferencias\/\",\"url\":\"https:\/\/hove-as.com\/pt-pt\/suporte\/transferencias\/\",\"name\":\"Transfer\u00eancias - Hove A\/S\",\"isPartOf\":{\"@id\":\"https:\/\/hove-as.com\/pt-pt\/#website\"},\"primaryImageOfPage\":{\"@id\":\"https:\/\/hove-as.com\/pt-pt\/suporte\/transferencias\/#primaryimage\"},\"image\":{\"@id\":\"https:\/\/hove-as.com\/pt-pt\/suporte\/transferencias\/#primaryimage\"},\"thumbnailUrl\":\"https:\/\/hove-as.com\/wp-content\/uploads\/2021\/09\/5-hero-1.jpg\",\"datePublished\":\"2021-08-26T18:47:24+00:00\",\"dateModified\":\"2024-03-14T10:48:55+00:00\",\"breadcrumb\":{\"@id\":\"https:\/\/hove-as.com\/pt-pt\/suporte\/transferencias\/#breadcrumb\"},\"inLanguage\":\"pt-PT\",\"potentialAction\":[{\"@type\":\"ReadAction\",\"target\":[\"https:\/\/hove-as.com\/pt-pt\/suporte\/transferencias\/\"]}]},{\"@type\":\"ImageObject\",\"inLanguage\":\"pt-PT\",\"@id\":\"https:\/\/hove-as.com\/pt-pt\/suporte\/transferencias\/#primaryimage\",\"url\":\"https:\/\/hove-as.com\/wp-content\/uploads\/2021\/09\/5-hero-1.jpg\",\"contentUrl\":\"https:\/\/hove-as.com\/wp-content\/uploads\/2021\/09\/5-hero-1.jpg\"},{\"@type\":\"BreadcrumbList\",\"@id\":\"https:\/\/hove-as.com\/pt-pt\/suporte\/transferencias\/#breadcrumb\",\"itemListElement\":[{\"@type\":\"ListItem\",\"position\":1,\"name\":\"Home\",\"item\":\"https:\/\/hove-as.com\/pt-pt\/\"},{\"@type\":\"ListItem\",\"position\":2,\"name\":\"Suporte\",\"item\":\"https:\/\/hove-as.com\/pt-pt\/service-support\/\"},{\"@type\":\"ListItem\",\"position\":3,\"name\":\"Transfer\u00eancias\"}]},{\"@type\":\"WebSite\",\"@id\":\"https:\/\/hove-as.com\/pt-pt\/#website\",\"url\":\"https:\/\/hove-as.com\/pt-pt\/\",\"name\":\"Hove A\/S\",\"description\":\"\",\"potentialAction\":[{\"@type\":\"SearchAction\",\"target\":{\"@type\":\"EntryPoint\",\"urlTemplate\":\"https:\/\/hove-as.com\/pt-pt\/?s={search_term_string}\"},\"query-input\":{\"@type\":\"PropertyValueSpecification\",\"valueRequired\":true,\"valueName\":\"search_term_string\"}}],\"inLanguage\":\"pt-PT\"}]}<\/script>\n<!-- \/ Yoast SEO plugin. -->","yoast_head_json":{"title":"Transfer\u00eancias - Hove A\/S","robots":{"index":"index","follow":"follow","max-snippet":"max-snippet:-1","max-image-preview":"max-image-preview:large","max-video-preview":"max-video-preview:-1"},"canonical":"https:\/\/hove-as.com\/pt-pt\/suporte\/transferencias\/","og_locale":"pt_PT","og_type":"article","og_title":"Transfer\u00eancias - Hove A\/S","og_description":"Brochuras Hove Brochura de vendas Hove Brochura Hove smart lube Brochura Hove carry Brochura Hove egv5 Especifica\u00e7\u00f5es t\u00e9cnicas dos produtos Hove Hove ONE V1 &#8211; especifica\u00e7\u00f5es t\u00e9cnicas Hove Easy Grease V4 &#8211; especifica\u00e7\u00f5es t\u00e9cnicas Hove refiller V2 &#8211; especifica\u00e7\u00f5es t\u00e9cnicas Hove Easy Grease Carry &#8211; especifica\u00e7\u00f5es t\u00e9cnicas Especifica\u00e7\u00f5es t\u00e9cnicas dos produtos Beinlich Bombas Beinlich &#8211;&hellip; Continue reading Transfer\u00eancias","og_url":"https:\/\/hove-as.com\/pt-pt\/suporte\/transferencias\/","og_site_name":"Hove A\/S","article_modified_time":"2024-03-14T10:48:55+00:00","og_image":[{"url":"https:\/\/hove-as.com\/wp-content\/uploads\/2021\/09\/5-hero-1.jpg","type":"","width":"","height":""}],"twitter_card":"summary_large_image","twitter_misc":{"Tempo estimado de leitura":"1 minuto"},"schema":{"@context":"https:\/\/schema.org","@graph":[{"@type":"WebPage","@id":"https:\/\/hove-as.com\/pt-pt\/suporte\/transferencias\/","url":"https:\/\/hove-as.com\/pt-pt\/suporte\/transferencias\/","name":"Transfer\u00eancias - Hove A\/S","isPartOf":{"@id":"https:\/\/hove-as.com\/pt-pt\/#website"},"primaryImageOfPage":{"@id":"https:\/\/hove-as.com\/pt-pt\/suporte\/transferencias\/#primaryimage"},"image":{"@id":"https:\/\/hove-as.com\/pt-pt\/suporte\/transferencias\/#primaryimage"},"thumbnailUrl":"https:\/\/hove-as.com\/wp-content\/uploads\/2021\/09\/5-hero-1.jpg","datePublished":"2021-08-26T18:47:24+00:00","dateModified":"2024-03-14T10:48:55+00:00","breadcrumb":{"@id":"https:\/\/hove-as.com\/pt-pt\/suporte\/transferencias\/#breadcrumb"},"inLanguage":"pt-PT","potentialAction":[{"@type":"ReadAction","target":["https:\/\/hove-as.com\/pt-pt\/suporte\/transferencias\/"]}]},{"@type":"ImageObject","inLanguage":"pt-PT","@id":"https:\/\/hove-as.com\/pt-pt\/suporte\/transferencias\/#primaryimage","url":"https:\/\/hove-as.com\/wp-content\/uploads\/2021\/09\/5-hero-1.jpg","contentUrl":"https:\/\/hove-as.com\/wp-content\/uploads\/2021\/09\/5-hero-1.jpg"},{"@type":"BreadcrumbList","@id":"https:\/\/hove-as.com\/pt-pt\/suporte\/transferencias\/#breadcrumb","itemListElement":[{"@type":"ListItem","position":1,"name":"Home","item":"https:\/\/hove-as.com\/pt-pt\/"},{"@type":"ListItem","position":2,"name":"Suporte","item":"https:\/\/hove-as.com\/pt-pt\/service-support\/"},{"@type":"ListItem","position":3,"name":"Transfer\u00eancias"}]},{"@type":"WebSite","@id":"https:\/\/hove-as.com\/pt-pt\/#website","url":"https:\/\/hove-as.com\/pt-pt\/","name":"Hove A\/S","description":"","potentialAction":[{"@type":"SearchAction","target":{"@type":"EntryPoint","urlTemplate":"https:\/\/hove-as.com\/pt-pt\/?s={search_term_string}"},"query-input":{"@type":"PropertyValueSpecification","valueRequired":true,"valueName":"search_term_string"}}],"inLanguage":"pt-PT"}]}},"_links":{"self":[{"href":"https:\/\/hove-as.com\/pt-pt\/wp-json\/wp\/v2\/pages\/2273","targetHints":{"allow":["GET"]}}],"collection":[{"href":"https:\/\/hove-as.com\/pt-pt\/wp-json\/wp\/v2\/pages"}],"about":[{"href":"https:\/\/hove-as.com\/pt-pt\/wp-json\/wp\/v2\/types\/page"}],"author":[{"embeddable":true,"href":"https:\/\/hove-as.com\/pt-pt\/wp-json\/wp\/v2\/users\/1"}],"replies":[{"embeddable":true,"href":"https:\/\/hove-as.com\/pt-pt\/wp-json\/wp\/v2\/comments?post=2273"}],"version-history":[{"count":0,"href":"https:\/\/hove-as.com\/pt-pt\/wp-json\/wp\/v2\/pages\/2273\/revisions"}],"up":[{"embeddable":true,"href":"https:\/\/hove-as.com\/pt-pt\/wp-json\/wp\/v2\/pages\/2262"}],"wp:attachment":[{"href":"https:\/\/hove-as.com\/pt-pt\/wp-json\/wp\/v2\/media?parent=2273"}],"curies":[{"name":"wp","href":"https:\/\/api.w.org\/{rel}","templated":true}]}}