{"id":2277,"date":"2021-08-27T15:08:07","date_gmt":"2021-08-27T13:08:07","guid":{"rendered":"https:\/\/hove-as.com\/sobre\/politica-de-dados\/"},"modified":"2022-08-03T09:49:12","modified_gmt":"2022-08-03T07:49:12","slug":"politica-de-dados","status":"publish","type":"page","link":"https:\/\/hove-as.com\/pt-pt\/sobre\/politica-de-dados\/","title":{"rendered":"Pol\u00edtica de dados"},"content":{"rendered":"\n<div class=\"wp-block-cover alignfull is-style-hero\"><span aria-hidden=\"true\" class=\"has-blue-1-background-color has-background-dim-0 wp-block-cover__gradient-background has-background-dim\"><\/span><img loading=\"lazy\" decoding=\"async\" width=\"1428\" height=\"979\" class=\"wp-block-cover__image-background wp-image-401\" alt=\"\" src=\"https:\/\/hove-as.com\/wp-content\/uploads\/2021\/09\/7-hero-e1630935596850.jpg\" data-object-fit=\"cover\" srcset=\"https:\/\/hove-as.com\/wp-content\/uploads\/2021\/09\/7-hero-e1630935596850.jpg 1428w, https:\/\/hove-as.com\/wp-content\/uploads\/2021\/09\/7-hero-e1630935596850-300x206.jpg 300w, https:\/\/hove-as.com\/wp-content\/uploads\/2021\/09\/7-hero-e1630935596850-1024x702.jpg 1024w, https:\/\/hove-as.com\/wp-content\/uploads\/2021\/09\/7-hero-e1630935596850-768x527.jpg 768w\" sizes=\"auto, (max-width: 1428px) 100vw, 1428px\" \/><div class=\"wp-block-cover__inner-container is-layout-flow wp-block-cover-is-layout-flow\">\n<div class=\"wp-block-group alignwide\"><div class=\"wp-block-group__inner-container is-layout-flow wp-block-group-is-layout-flow\">\n<h1 class=\"wp-block-heading\">A nossa pol\u00edtica de dados<\/h1>\n\n\n\n<p>A utiliza\u00e7\u00e3o do site e dos servi\u00e7os online da Hove est\u00e1 sujeita \u00e0 nossa pol\u00edtica de dados.<\/p>\n\n\n\n<div class=\"wp-block-buttons is-style-arrow_right is-layout-flex wp-block-buttons-is-layout-flex\">\n<div class=\"wp-block-button is-style-outline is-style-outline--1\"><a class=\"wp-block-button__link has-white-color has-text-color\" href=\"https:\/\/hove-as.com\/pt-pt\/produtos-e-solucoes\/\">Veja mais sobre as nossas solu\u00e7\u00f5es<\/a><\/div>\n<\/div>\n<\/div><\/div>\n<\/div><\/div>\n\n<div class=\"wp-block-group alignfull has-white-background-color has-background\"><div class=\"wp-block-group__inner-container is-layout-flow wp-block-group-is-layout-flow\">\n<div class=\"wp-block-columns alignwide has-blue-1-color has-text-color is-layout-flex wp-container-core-columns-is-layout-9d6595d7 wp-block-columns-is-layout-flex\">\n<div class=\"wp-block-column is-layout-flow wp-block-column-is-layout-flow\" style=\"flex-basis:75%\">\n<div class=\"wp-block-group alignwide has-tablet-text-align-left has-mobile-text-align-left\"><div class=\"wp-block-group__inner-container is-layout-flow wp-block-group-is-layout-flow\">\n<p class=\"has-blue-1-color has-text-color\"><strong>1.1<\/strong> \u2013 Todas as vendas nacionais e internacionais de produtos ou servi\u00e7os por qualquer empresa do Grupo Hove (doravante \u201cHove\u201d) s\u00e3o efetuadas de acordo com os Termos e Condi\u00e7\u00f5es Gerais de Venda constantes neste documento, salvo acordo expresso em contr\u00e1rio por escrito pela Hove. Consequentemente, a Hove n\u00e3o aceita ficar vinculada aos termos e condi\u00e7\u00f5es gerais de venda de um cliente remetidos \u00e0 Hove juntamente com ordens de compra ou de outra forma. Estes Termos e Condi\u00e7\u00f5es Gerais de Venda tamb\u00e9m servem como aviso de obje\u00e7\u00e3o e rejei\u00e7\u00e3o expressa da Hove de quaisquer termos e condi\u00e7\u00f5es de compra inclu\u00eddos no pedido do cliente ou outro escrito que sejam diferentes ou adicionais a estes Termos e Condi\u00e7\u00f5es Gerais de Venda.<\/p>\n\n\n\n<p>A Hove A\/S (&#8220;Hove&#8221;) est\u00e1 sujeita \u00e0 Lei Dinamarquesa de Prote\u00e7\u00e3o de Dados e ao Regulamento Geral de Prote\u00e7\u00e3o de Dados, segundo os quais tem o direito a ser informado sobre os seus direitos em rela\u00e7\u00e3o aos seus dados pessoais processados pela Hove.<\/p>\n\n\n\n<p><strong>1. RESPONS\u00c1VEL PELO TRATAMENTO DE DADOS<\/strong><\/p>\n\n\n\n<p>Hove A\/S, CVR-no. 25 80 48 21, Hersted\u00f8stervej 7, 2600 Glostrup, Dinamarca telefone +45 70 22 10 22, e-mail <a href=\"mailto:hove@hove-as.dk\" class=\"ek-link\">hove@hove-as.dk<\/a>.<\/p>\n\n\n\n<p><strong>2. DADOS PESSOAIS, FINALIDADE DE DADOS E PROCESSAMENTO LEGAL<\/strong><\/p>\n\n\n\n<p>Para gerir a rela\u00e7\u00e3o comercial entre si e a Hove, \u00e9 necess\u00e1rio que a Hove processe e armazene os seguintes dados pessoais: O seu nome, endere\u00e7o, e-mail e n\u00famero de telefone.<\/p>\n\n\n\n<p>Todos os dados acima mencionados ser\u00e3o processados com total confidencialidade de acordo com a Lei Dinamarquesa de Prote\u00e7\u00e3o de Dados e o Regulamento Geral de Prote\u00e7\u00e3o de Dados. A autoridade da Hove para processar os seus dados pessoais deriva do interesse leg\u00edtimo que a Hove tem na rela\u00e7\u00e3o com o cliente cf. artigo 6 (1) (f).<\/p>\n\n\n\n<p><strong>3<\/strong>. <strong>DESTINAT\u00c1RIOS<\/strong> <strong>E PROCESSADORES DOS SEUS DADOS PESSOAIS<\/strong><\/p>\n\n\n\n<p>Os seus dados pessoais ser\u00e3o processados pela Hove, a menos que o processamento por terceiros seja relevante para a natureza ou o tipo do nosso neg\u00f3cio. Os seus dados podem ser transferidos para os nossos colaboradores ou para as autoridades, se tal transfer\u00eancia for necess\u00e1ria no \u00e2mbito da nossa colabora\u00e7\u00e3o.<\/p>\n\n\n\n<p><strong>4. DIREITO DE INFORMA\u00c7\u00c3O, RETIFICA\u00c7\u00c3O, APAGAMENTO, LIMITA\u00c7\u00c3O E OBJE\u00c7\u00c3O<\/strong><\/p>\n\n\n\n<p>Tem direito a ser informado sobre os seus dados pessoais registados pela Hove. Se desejar ter essas informa\u00e7\u00f5es, a Hove enviar\u00e1 uma c\u00f3pia dos dados registados. As consultas eletr\u00f3nicas ser\u00e3o respondidas eletronicamente e, se forem solicitadas v\u00e1rias c\u00f3pias dos dados pessoais, deve esperar que a Hove lhe cobre uma taxa razo\u00e1vel pelas despesas realizadas pela Hove.<\/p>\n\n\n\n<p>\u00c9 titular do direito de se opor a qualquer processamento de dados pessoais sobre si. Al\u00e9m disso, \u00e9 titular do direito de exigir que quaisquer dados pessoais sobre si sejam retificados, apagados ou limitados.<\/p>\n\n\n\n<p>De acordo com a Lei Dinamarquesa de Prote\u00e7\u00e3o de Dados e o Regulamento Geral de Prote\u00e7\u00e3o de Dados, certas situa\u00e7\u00f5es espec\u00edficas podem impedir a Hove de cumprir as obriga\u00e7\u00f5es acima mencionadas. Se pretender solicitar (1) informa\u00e7\u00f5es ou (2) retifica\u00e7\u00e3o, elimina\u00e7\u00e3o ou limita\u00e7\u00e3o de quaisquer dados pessoais ou (3) se tiver alguma obje\u00e7\u00e3o em rela\u00e7\u00e3o ao processamento dos seus dados pessoais, entre em contacto com a Hove por e-mail para <a href=\"mailto:hove@hove-as.dk\" class=\"ek-link\">hove@hove-as.dk<\/a> ou por telefone para +45 70 22 10 22.<\/p>\n\n\n\n<p><strong>5. PORTIBILIDADE DOS DADOS<\/strong><\/p>\n\n\n\n<p>Em alguns casos, tem direito a que os seus dados pessoais sejam devolvidos ou entregues a outro processador de dados.<\/p>\n\n\n\n<p><strong>6. DURA\u00c7\u00c3O DE ARMAZENAMENTO DOS SEUS DADOS PESSOAIS<\/strong><\/p>\n\n\n\n<p>Os seus dados pessoais ser\u00e3o apagados 5 anos ap\u00f3s o t\u00e9rmino da nossa coopera\u00e7\u00e3o. A Hove armazena os seus dados durante este per\u00edodo para cumprir a Lei Dinamarquesa de Contabilidade e para garantir a documenta\u00e7\u00e3o de quaisquer reivindica\u00e7\u00f5es que possam ser direcionadas \u00e0 Hove relacionadas com a nossa colabora\u00e7\u00e3o.<\/p>\n\n\n\n<p><strong>7. RECLAMA\u00c7\u00d5ES<\/strong><\/p>\n\n\n\n<p>Pode reclamar sobre o tratamento dos seus dados pessoais. A sua reclama\u00e7\u00e3o deve ser enviada \u00e0 Ag\u00eancia Dinamarquesa de Prote\u00e7\u00e3o de Dados, Borgergade 28, 5, 1300 K\u00f8benhavn K, Dinamarca, <a href=\"mailto:dt@datatilsynet.dk\" class=\"ek-link\">dt@datatilsynet.dk<\/a>.<\/p>\n<\/div><\/div>\n\n\n\n<p><\/p>\n<\/div>\n\n\n\n<div class=\"wp-block-column is-layout-flow wp-block-column-is-layout-flow\" style=\"flex-basis:25%\"><\/div>\n<\/div>\n<\/div><\/div>\n","protected":false},"excerpt":{"rendered":"<p>1.1 \u2013 Todas as vendas nacionais e internacionais de produtos ou servi\u00e7os por qualquer empresa do Grupo Hove (doravante \u201cHove\u201d) s\u00e3o efetuadas de acordo com os Termos e Condi\u00e7\u00f5es Gerais de Venda constantes neste documento, salvo acordo expresso em contr\u00e1rio por escrito pela Hove. Consequentemente, a Hove n\u00e3o aceita ficar vinculada aos termos e condi\u00e7\u00f5es&hellip; <a class=\"more-link\" href=\"https:\/\/hove-as.com\/pt-pt\/sobre\/politica-de-dados\/\">Continue reading <span class=\"screen-reader-text\">Pol\u00edtica de dados<\/span><\/a><\/p>\n","protected":false},"author":1,"featured_media":0,"parent":2264,"menu_order":34,"comment_status":"closed","ping_status":"closed","template":"","meta":{"_acf_changed":false,"_editorskit_title_hidden":false,"_editorskit_reading_time":0,"_editorskit_is_block_options_detached":false,"_editorskit_block_options_position":"{}","footnotes":""},"class_list":["post-2277","page","type-page","status-publish","hentry","entry"],"acf":{"color":null},"yoast_head":"<!-- This site is optimized with the Yoast SEO plugin v25.7 - https:\/\/yoast.com\/wordpress\/plugins\/seo\/ -->\n<title>Pol\u00edtica de dados - Hove A\/S<\/title>\n<meta name=\"robots\" content=\"index, follow, max-snippet:-1, max-image-preview:large, max-video-preview:-1\" \/>\n<link rel=\"canonical\" href=\"https:\/\/hove-as.com\/pt-pt\/sobre\/politica-de-dados\/\" \/>\n<meta property=\"og:locale\" content=\"pt_PT\" \/>\n<meta property=\"og:type\" content=\"article\" \/>\n<meta property=\"og:title\" content=\"Pol\u00edtica de dados - Hove A\/S\" \/>\n<meta property=\"og:description\" content=\"1.1 \u2013 Todas as vendas nacionais e internacionais de produtos ou servi\u00e7os por qualquer empresa do Grupo Hove (doravante \u201cHove\u201d) s\u00e3o efetuadas de acordo com os Termos e Condi\u00e7\u00f5es Gerais de Venda constantes neste documento, salvo acordo expresso em contr\u00e1rio por escrito pela Hove. Consequentemente, a Hove n\u00e3o aceita ficar vinculada aos termos e condi\u00e7\u00f5es&hellip; Continue reading Pol\u00edtica de dados\" \/>\n<meta property=\"og:url\" content=\"https:\/\/hove-as.com\/pt-pt\/sobre\/politica-de-dados\/\" \/>\n<meta property=\"og:site_name\" content=\"Hove A\/S\" \/>\n<meta property=\"article:modified_time\" content=\"2022-08-03T07:49:12+00:00\" \/>\n<meta property=\"og:image\" content=\"https:\/\/hove-as.com\/wp-content\/uploads\/2021\/09\/7-hero-e1630935596850.jpg\" \/>\n<meta name=\"twitter:card\" content=\"summary_large_image\" \/>\n<meta name=\"twitter:label1\" content=\"Tempo estimado de leitura\" \/>\n\t<meta name=\"twitter:data1\" content=\"4 minutos\" \/>\n<script type=\"application\/ld+json\" class=\"yoast-schema-graph\">{\"@context\":\"https:\/\/schema.org\",\"@graph\":[{\"@type\":\"WebPage\",\"@id\":\"https:\/\/hove-as.com\/pt-pt\/sobre\/politica-de-dados\/\",\"url\":\"https:\/\/hove-as.com\/pt-pt\/sobre\/politica-de-dados\/\",\"name\":\"Pol\u00edtica de dados - Hove A\/S\",\"isPartOf\":{\"@id\":\"https:\/\/hove-as.com\/pt-pt\/#website\"},\"primaryImageOfPage\":{\"@id\":\"https:\/\/hove-as.com\/pt-pt\/sobre\/politica-de-dados\/#primaryimage\"},\"image\":{\"@id\":\"https:\/\/hove-as.com\/pt-pt\/sobre\/politica-de-dados\/#primaryimage\"},\"thumbnailUrl\":\"https:\/\/hove-as.com\/wp-content\/uploads\/2021\/09\/7-hero-e1630935596850.jpg\",\"datePublished\":\"2021-08-27T13:08:07+00:00\",\"dateModified\":\"2022-08-03T07:49:12+00:00\",\"breadcrumb\":{\"@id\":\"https:\/\/hove-as.com\/pt-pt\/sobre\/politica-de-dados\/#breadcrumb\"},\"inLanguage\":\"pt-PT\",\"potentialAction\":[{\"@type\":\"ReadAction\",\"target\":[\"https:\/\/hove-as.com\/pt-pt\/sobre\/politica-de-dados\/\"]}]},{\"@type\":\"ImageObject\",\"inLanguage\":\"pt-PT\",\"@id\":\"https:\/\/hove-as.com\/pt-pt\/sobre\/politica-de-dados\/#primaryimage\",\"url\":\"https:\/\/hove-as.com\/wp-content\/uploads\/2021\/09\/7-hero-e1630935596850.jpg\",\"contentUrl\":\"https:\/\/hove-as.com\/wp-content\/uploads\/2021\/09\/7-hero-e1630935596850.jpg\"},{\"@type\":\"BreadcrumbList\",\"@id\":\"https:\/\/hove-as.com\/pt-pt\/sobre\/politica-de-dados\/#breadcrumb\",\"itemListElement\":[{\"@type\":\"ListItem\",\"position\":1,\"name\":\"Home\",\"item\":\"https:\/\/hove-as.com\/pt-pt\/\"},{\"@type\":\"ListItem\",\"position\":2,\"name\":\"Sobre\",\"item\":\"https:\/\/hove-as.com\/pt-pt\/about\/\"},{\"@type\":\"ListItem\",\"position\":3,\"name\":\"Pol\u00edtica de dados\"}]},{\"@type\":\"WebSite\",\"@id\":\"https:\/\/hove-as.com\/pt-pt\/#website\",\"url\":\"https:\/\/hove-as.com\/pt-pt\/\",\"name\":\"Hove A\/S\",\"description\":\"\",\"potentialAction\":[{\"@type\":\"SearchAction\",\"target\":{\"@type\":\"EntryPoint\",\"urlTemplate\":\"https:\/\/hove-as.com\/pt-pt\/?s={search_term_string}\"},\"query-input\":{\"@type\":\"PropertyValueSpecification\",\"valueRequired\":true,\"valueName\":\"search_term_string\"}}],\"inLanguage\":\"pt-PT\"}]}<\/script>\n<!-- \/ Yoast SEO plugin. -->","yoast_head_json":{"title":"Pol\u00edtica de dados - Hove A\/S","robots":{"index":"index","follow":"follow","max-snippet":"max-snippet:-1","max-image-preview":"max-image-preview:large","max-video-preview":"max-video-preview:-1"},"canonical":"https:\/\/hove-as.com\/pt-pt\/sobre\/politica-de-dados\/","og_locale":"pt_PT","og_type":"article","og_title":"Pol\u00edtica de dados - Hove A\/S","og_description":"1.1 \u2013 Todas as vendas nacionais e internacionais de produtos ou servi\u00e7os por qualquer empresa do Grupo Hove (doravante \u201cHove\u201d) s\u00e3o efetuadas de acordo com os Termos e Condi\u00e7\u00f5es Gerais de Venda constantes neste documento, salvo acordo expresso em contr\u00e1rio por escrito pela Hove. Consequentemente, a Hove n\u00e3o aceita ficar vinculada aos termos e condi\u00e7\u00f5es&hellip; Continue reading Pol\u00edtica de dados","og_url":"https:\/\/hove-as.com\/pt-pt\/sobre\/politica-de-dados\/","og_site_name":"Hove A\/S","article_modified_time":"2022-08-03T07:49:12+00:00","og_image":[{"url":"https:\/\/hove-as.com\/wp-content\/uploads\/2021\/09\/7-hero-e1630935596850.jpg","type":"","width":"","height":""}],"twitter_card":"summary_large_image","twitter_misc":{"Tempo estimado de leitura":"4 minutos"},"schema":{"@context":"https:\/\/schema.org","@graph":[{"@type":"WebPage","@id":"https:\/\/hove-as.com\/pt-pt\/sobre\/politica-de-dados\/","url":"https:\/\/hove-as.com\/pt-pt\/sobre\/politica-de-dados\/","name":"Pol\u00edtica de dados - Hove A\/S","isPartOf":{"@id":"https:\/\/hove-as.com\/pt-pt\/#website"},"primaryImageOfPage":{"@id":"https:\/\/hove-as.com\/pt-pt\/sobre\/politica-de-dados\/#primaryimage"},"image":{"@id":"https:\/\/hove-as.com\/pt-pt\/sobre\/politica-de-dados\/#primaryimage"},"thumbnailUrl":"https:\/\/hove-as.com\/wp-content\/uploads\/2021\/09\/7-hero-e1630935596850.jpg","datePublished":"2021-08-27T13:08:07+00:00","dateModified":"2022-08-03T07:49:12+00:00","breadcrumb":{"@id":"https:\/\/hove-as.com\/pt-pt\/sobre\/politica-de-dados\/#breadcrumb"},"inLanguage":"pt-PT","potentialAction":[{"@type":"ReadAction","target":["https:\/\/hove-as.com\/pt-pt\/sobre\/politica-de-dados\/"]}]},{"@type":"ImageObject","inLanguage":"pt-PT","@id":"https:\/\/hove-as.com\/pt-pt\/sobre\/politica-de-dados\/#primaryimage","url":"https:\/\/hove-as.com\/wp-content\/uploads\/2021\/09\/7-hero-e1630935596850.jpg","contentUrl":"https:\/\/hove-as.com\/wp-content\/uploads\/2021\/09\/7-hero-e1630935596850.jpg"},{"@type":"BreadcrumbList","@id":"https:\/\/hove-as.com\/pt-pt\/sobre\/politica-de-dados\/#breadcrumb","itemListElement":[{"@type":"ListItem","position":1,"name":"Home","item":"https:\/\/hove-as.com\/pt-pt\/"},{"@type":"ListItem","position":2,"name":"Sobre","item":"https:\/\/hove-as.com\/pt-pt\/about\/"},{"@type":"ListItem","position":3,"name":"Pol\u00edtica de dados"}]},{"@type":"WebSite","@id":"https:\/\/hove-as.com\/pt-pt\/#website","url":"https:\/\/hove-as.com\/pt-pt\/","name":"Hove A\/S","description":"","potentialAction":[{"@type":"SearchAction","target":{"@type":"EntryPoint","urlTemplate":"https:\/\/hove-as.com\/pt-pt\/?s={search_term_string}"},"query-input":{"@type":"PropertyValueSpecification","valueRequired":true,"valueName":"search_term_string"}}],"inLanguage":"pt-PT"}]}},"_links":{"self":[{"href":"https:\/\/hove-as.com\/pt-pt\/wp-json\/wp\/v2\/pages\/2277","targetHints":{"allow":["GET"]}}],"collection":[{"href":"https:\/\/hove-as.com\/pt-pt\/wp-json\/wp\/v2\/pages"}],"about":[{"href":"https:\/\/hove-as.com\/pt-pt\/wp-json\/wp\/v2\/types\/page"}],"author":[{"embeddable":true,"href":"https:\/\/hove-as.com\/pt-pt\/wp-json\/wp\/v2\/users\/1"}],"replies":[{"embeddable":true,"href":"https:\/\/hove-as.com\/pt-pt\/wp-json\/wp\/v2\/comments?post=2277"}],"version-history":[{"count":0,"href":"https:\/\/hove-as.com\/pt-pt\/wp-json\/wp\/v2\/pages\/2277\/revisions"}],"up":[{"embeddable":true,"href":"https:\/\/hove-as.com\/pt-pt\/wp-json\/wp\/v2\/pages\/2264"}],"wp:attachment":[{"href":"https:\/\/hove-as.com\/pt-pt\/wp-json\/wp\/v2\/media?parent=2277"}],"curies":[{"name":"wp","href":"https:\/\/api.w.org\/{rel}","templated":true}]}}