{"id":2279,"date":"2021-09-01T11:21:29","date_gmt":"2021-09-01T09:21:29","guid":{"rendered":"https:\/\/hove-as.com\/sobre\/conheca-a-direcao\/"},"modified":"2022-09-25T15:03:54","modified_gmt":"2022-09-25T13:03:54","slug":"conheca-a-direcao","status":"publish","type":"page","link":"https:\/\/hove-as.com\/pt-pt\/sobre\/conheca-a-direcao\/","title":{"rendered":"Conhe\u00e7a a Dire\u00e7\u00e3o"},"content":{"rendered":"\n<div class=\"wp-block-cover alignfull is-style-hero\"><span aria-hidden=\"true\" class=\"wp-block-cover__background has-blue-1-background-color has-background-dim-0 has-background-dim\"><\/span><img loading=\"lazy\" decoding=\"async\" width=\"1428\" height=\"979\" class=\"wp-block-cover__image-background wp-image-401\" alt=\"\" src=\"https:\/\/hove-as.com\/wp-content\/uploads\/2021\/09\/7-hero-e1630935596850.jpg\" data-object-fit=\"cover\" srcset=\"https:\/\/hove-as.com\/wp-content\/uploads\/2021\/09\/7-hero-e1630935596850.jpg 1428w, https:\/\/hove-as.com\/wp-content\/uploads\/2021\/09\/7-hero-e1630935596850-300x206.jpg 300w, https:\/\/hove-as.com\/wp-content\/uploads\/2021\/09\/7-hero-e1630935596850-1024x702.jpg 1024w, https:\/\/hove-as.com\/wp-content\/uploads\/2021\/09\/7-hero-e1630935596850-768x527.jpg 768w\" sizes=\"auto, (max-width: 1428px) 100vw, 1428px\" \/><div class=\"wp-block-cover__inner-container is-layout-flow wp-block-cover-is-layout-flow\">\n<div class=\"wp-block-group alignwide\"><div class=\"wp-block-group__inner-container is-layout-flow wp-block-group-is-layout-flow\">\n<h1 class=\"wp-block-heading\">Conhe\u00e7a a Dire\u00e7\u00e3o<\/h1>\n\n\n\n<p>Conhe\u00e7a os membros da equipa de lideran\u00e7a executiva da Hove e o nosso conselho de administra\u00e7\u00e3o.<\/p>\n<\/div><\/div>\n<\/div><\/div>\n\n\n\n<div class=\"wp-block-group alignfull has-white-background-color has-background\"><div class=\"wp-block-group__inner-container is-layout-flow wp-block-group-is-layout-flow\">\n<div class=\"wp-block-group alignwide\"><div class=\"wp-block-group__inner-container is-layout-flow wp-block-group-is-layout-flow\">\n<div style=\"height:10px\" aria-hidden=\"true\" class=\"wp-block-spacer\"><\/div>\n\n\n\n<h2 class=\"has-text-align-left wp-block-heading\">DIRE\u00c7\u00c3O<\/h2>\n\n\n<div class=\"wp-block-kpx-employees is-grid wp-block-employees-grid-columns-4 has-shadow\"><div class=\"wp-block-employees-grid wp-block-themeisle-blocks-posts-grid-post-blog wp-block-themeisle-blocks-posts-grid-post-plain\"><div class=\"wp-block-employees-grid-item\"><div class=\"wp-block-themeisle-blocks-posts-grid-post-image\" style=\"background-image:url(https:\/\/hove-as.com\/wp-content\/uploads\/2021\/09\/DSC1064_Jesper-Bregendahl_bw-scaled.jpg)\"><\/div><div class=\"wp-block-themeisle-blocks-posts-grid-post-body\"><h4 class=\"wp-block-themeisle-blocks-posts-grid-post-title uppercase\">Jesper Bregendahl<\/h4><p class=\"mt-0\">Board Member<\/p><\/div><\/div><\/div><div class=\"wp-block-employees-grid wp-block-themeisle-blocks-posts-grid-post-blog wp-block-themeisle-blocks-posts-grid-post-plain\"><div class=\"wp-block-employees-grid-item\"><div class=\"wp-block-themeisle-blocks-posts-grid-post-image\" style=\"background-image:url(https:\/\/hove-as.com\/wp-content\/uploads\/2021\/10\/DSC1037_Dennis-Forchhammer_bw-scaled.jpg)\"><\/div><div class=\"wp-block-themeisle-blocks-posts-grid-post-body\"><h4 class=\"wp-block-themeisle-blocks-posts-grid-post-title uppercase\">Dennis Schade Forchhammer<\/h4><p class=\"mt-0\">Professionelt Bestyrelsesmedlem<\/p><\/div><\/div><\/div><div class=\"wp-block-employees-grid wp-block-themeisle-blocks-posts-grid-post-blog wp-block-themeisle-blocks-posts-grid-post-plain\"><div class=\"wp-block-employees-grid-item\"><div class=\"wp-block-themeisle-blocks-posts-grid-post-image\" style=\"background-image:url(https:\/\/hove-as.com\/wp-content\/uploads\/2021\/10\/DSC1046_Hans-Christian-Hansen_bw-scaled.jpg)\"><\/div><div class=\"wp-block-themeisle-blocks-posts-grid-post-body\"><h4 class=\"wp-block-themeisle-blocks-posts-grid-post-title uppercase\">Hans Christian Hansen<\/h4><p class=\"mt-0\">Owner &#038; Consultant, Hove A\/S<\/p><\/div><\/div><\/div><div class=\"wp-block-employees-grid wp-block-themeisle-blocks-posts-grid-post-blog wp-block-themeisle-blocks-posts-grid-post-plain\"><div class=\"wp-block-employees-grid-item\"><div class=\"wp-block-themeisle-blocks-posts-grid-post-image\" style=\"background-image:url(https:\/\/hove-as.com\/wp-content\/uploads\/2021\/10\/DSC1046_Hans-Christian-Hansen_bw-scaled.jpg)\"><\/div><div class=\"wp-block-themeisle-blocks-posts-grid-post-body\"><h4 class=\"wp-block-themeisle-blocks-posts-grid-post-title uppercase\">HANS CHRISTIAN HANSEN<\/h4><p class=\"mt-0\">CEO, HOVE A\/S<span><a href=\"https:\/\/www.linkedin.com\/in\/hans-christian-hansen-98887a6a\/\">LinkedIn<\/a><\/span><\/p><\/div><\/div><\/div><div class=\"wp-block-employees-grid wp-block-themeisle-blocks-posts-grid-post-blog wp-block-themeisle-blocks-posts-grid-post-plain\"><div class=\"wp-block-employees-grid-item\"><div class=\"wp-block-themeisle-blocks-posts-grid-post-image\" style=\"background-image:url(https:\/\/hove-as.com\/wp-content\/uploads\/2021\/07\/Thomas_k.jpg)\"><\/div><div class=\"wp-block-themeisle-blocks-posts-grid-post-body\"><h4 class=\"wp-block-themeisle-blocks-posts-grid-post-title uppercase\">Thomas Alexander Kjeldb\u00e6k<\/h4><p class=\"mt-0\">COO, HOVE A\/S<span><a href=\"https:\/\/www.linkedin.com\/in\/thomas-alexander-kjeldbaek-4014b5192\/\">LinkedIn<\/a><\/span><\/p><\/div><\/div><\/div><\/div>\n\n\n<div style=\"height:100px\" aria-hidden=\"true\" class=\"wp-block-spacer\"><\/div>\n\n\n\n<h2 class=\"wp-block-heading\">Conselho de Administra\u00e7\u00e3o<\/h2>\n\n\n<div class=\"wp-block-kpx-employees last-row-pictures is-grid wp-block-employees-grid-columns-3 has-shadow\"><div class=\"wp-block-employees-grid wp-block-themeisle-blocks-posts-grid-post-blog wp-block-themeisle-blocks-posts-grid-post-plain\"><div class=\"wp-block-employees-grid-item\"><div class=\"wp-block-themeisle-blocks-posts-grid-post-image\" style=\"background-image:url(https:\/\/hove-as.com\/wp-content\/uploads\/2024\/11\/BentFaurskov-BW.png)\"><\/div><div class=\"wp-block-themeisle-blocks-posts-grid-post-body\"><h4 class=\"wp-block-themeisle-blocks-posts-grid-post-title uppercase\">Bent Faurskov<\/h4><p class=\"mt-0\">CFO, HOVE A\/S<span><a href=\"https:\/\/www.linkedin.com\/in\/bentfaurskov\/\">LinkedIn<\/a><\/span><\/p><\/div><\/div><\/div><div class=\"wp-block-employees-grid wp-block-themeisle-blocks-posts-grid-post-blog wp-block-themeisle-blocks-posts-grid-post-plain\"><div class=\"wp-block-employees-grid-item\"><div class=\"wp-block-themeisle-blocks-posts-grid-post-image\" style=\"background-image:url(https:\/\/hove-as.com\/wp-content\/uploads\/2022\/10\/Joseph-Harb-bw-scaled.jpg)\"><\/div><div class=\"wp-block-themeisle-blocks-posts-grid-post-body\"><h4 class=\"wp-block-themeisle-blocks-posts-grid-post-title uppercase\">Joseph H\u00e5rb<\/h4><p class=\"mt-0\">GM, HOVE Turkey<span><a href=\"https:\/\/www.linkedin.com\/in\/joseph-a-h%C3%A5rb-753b98115\/\">LinkedIn<\/a><\/span><\/p><\/div><\/div><\/div><div class=\"wp-block-employees-grid wp-block-themeisle-blocks-posts-grid-post-blog wp-block-themeisle-blocks-posts-grid-post-plain\"><div class=\"wp-block-employees-grid-item\"><div class=\"wp-block-themeisle-blocks-posts-grid-post-image\" style=\"background-image:url(https:\/\/hove-as.com\/wp-content\/uploads\/2022\/11\/DSC1906-Edited.png)\"><\/div><div class=\"wp-block-themeisle-blocks-posts-grid-post-body\"><h4 class=\"wp-block-themeisle-blocks-posts-grid-post-title uppercase\">Parag Yelegaonkar<\/h4><p class=\"mt-0\">GM, HOVE India<span><a href=\"https:\/\/www.linkedin.com\/in\/parag-yelegaonkar-77335265\/\">LinkedIn<\/a><\/span><\/p><\/div><\/div><\/div><div class=\"wp-block-employees-grid wp-block-themeisle-blocks-posts-grid-post-blog wp-block-themeisle-blocks-posts-grid-post-plain\"><div class=\"wp-block-employees-grid-item\"><div class=\"wp-block-themeisle-blocks-posts-grid-post-image\" style=\"background-image:url(https:\/\/hove-as.com\/wp-content\/uploads\/2022\/04\/Untitled-design-8.png)\"><\/div><div class=\"wp-block-themeisle-blocks-posts-grid-post-body\"><h4 class=\"wp-block-themeisle-blocks-posts-grid-post-title uppercase\">Knud Andersen<\/h4><p class=\"mt-0\">Chair of the Board<\/p><\/div><\/div><\/div><div class=\"wp-block-employees-grid wp-block-themeisle-blocks-posts-grid-post-blog wp-block-themeisle-blocks-posts-grid-post-plain\"><div class=\"wp-block-employees-grid-item\"><div class=\"wp-block-themeisle-blocks-posts-grid-post-image\" style=\"background-image:url(https:\/\/hove-as.com\/wp-content\/uploads\/2021\/09\/DSC1059_Michael-Gaarmann_bw-scaled.jpg)\"><\/div><div class=\"wp-block-themeisle-blocks-posts-grid-post-body\"><h4 class=\"wp-block-themeisle-blocks-posts-grid-post-title uppercase\">Michael Gaarmann<\/h4><p class=\"mt-0\">Vice Chair of the Board<\/p><\/div><\/div><\/div><div class=\"wp-block-employees-grid wp-block-themeisle-blocks-posts-grid-post-blog wp-block-themeisle-blocks-posts-grid-post-plain\"><div class=\"wp-block-employees-grid-item\"><div class=\"wp-block-themeisle-blocks-posts-grid-post-image\" style=\"background-image:url(https:\/\/hove-as.com\/wp-content\/uploads\/2021\/09\/DSC1079_Mette-Sos-Lassesen_bw-scaled.jpg)\"><\/div><div class=\"wp-block-themeisle-blocks-posts-grid-post-body\"><h4 class=\"wp-block-themeisle-blocks-posts-grid-post-title uppercase\">Mette S\u00f8s Lassesen<\/h4><p class=\"mt-0\">Board Member<\/p><\/div><\/div><\/div><\/div><\/div><\/div>\n<\/div><\/div>\n\n\n\n<div class=\"wp-block-group alignfull has-blue-3-background-color has-background\" id=\"get-in-touch\"><div class=\"wp-block-group__inner-container is-layout-flow wp-block-group-is-layout-flow\">\n<div class=\"wp-block-group alignwide\"><div class=\"wp-block-group__inner-container is-layout-flow wp-block-group-is-layout-flow\">\n<div class=\"wp-block-columns is-layout-flex wp-container-core-columns-is-layout-9d6595d7 wp-block-columns-is-layout-flex\">\n<div class=\"wp-block-column is-layout-flow wp-block-column-is-layout-flow\" style=\"flex-basis:65%\">\n<h2 class=\"wp-block-heading has-blue-1-color has-text-color\" id=\"get-in-touch\">Entrar em contacto<\/h2>\n\n\n\n<p class=\"is-style-lead has-blue-1-color has-text-color\">Se tiver alguma quest\u00e3o sobre os produtos, or\u00e7amentos e servi\u00e7os da Hove ou se quiser saber mais sobre como a Hove pode beneficiar a sua empresa, n\u00e3o hesite em contactar-nos. Estamos aqui para ajudar.<\/p>\n<\/div>\n\n\n\n<div class=\"wp-block-column is-layout-flow wp-block-column-is-layout-flow\"><\/div>\n<\/div>\n\n\n\n<div class=\"wpcf7 no-js\" id=\"wpcf7-f2313-o1\" lang=\"pt-PT\" dir=\"ltr\" data-wpcf7-id=\"2313\">\n<div class=\"screen-reader-response\"><p role=\"status\" aria-live=\"polite\" aria-atomic=\"true\"><\/p> <ul><\/ul><\/div>\n<form action=\"\/pt-pt\/wp-json\/wp\/v2\/pages\/2279#wpcf7-f2313-o1\" method=\"post\" class=\"wpcf7-form init\" aria-label=\"Formul\u00e1rio de contacto\" novalidate=\"novalidate\" data-status=\"init\">\n<fieldset class=\"hidden-fields-container\"><input type=\"hidden\" name=\"_wpcf7\" value=\"2313\" \/><input type=\"hidden\" name=\"_wpcf7_version\" value=\"6.1.1\" \/><input type=\"hidden\" name=\"_wpcf7_locale\" value=\"pt_PT\" \/><input type=\"hidden\" name=\"_wpcf7_unit_tag\" value=\"wpcf7-f2313-o1\" \/><input type=\"hidden\" name=\"_wpcf7_container_post\" value=\"0\" \/><input type=\"hidden\" name=\"_wpcf7_posted_data_hash\" value=\"\" \/><input type=\"hidden\" name=\"_wpcf7cf_hidden_group_fields\" value=\"[]\" \/><input type=\"hidden\" name=\"_wpcf7cf_hidden_groups\" value=\"[]\" \/><input type=\"hidden\" name=\"_wpcf7cf_visible_groups\" value=\"[]\" \/><input type=\"hidden\" name=\"_wpcf7cf_repeaters\" value=\"[]\" \/><input type=\"hidden\" name=\"_wpcf7cf_steps\" value=\"{}\" \/><input type=\"hidden\" name=\"_wpcf7cf_options\" value=\"{&quot;form_id&quot;:2313,&quot;conditions&quot;:[],&quot;settings&quot;:{&quot;animation&quot;:&quot;yes&quot;,&quot;animation_intime&quot;:200,&quot;animation_outtime&quot;:200,&quot;conditions_ui&quot;:&quot;normal&quot;,&quot;notice_dismissed&quot;:false,&quot;notice_dismissed_update-cf7-5.7.3&quot;:true}}\" \/><input type=\"hidden\" name=\"_wpcf7_recaptcha_response\" value=\"\" \/>\n<\/fieldset>\n<div class=\"row\">\n\t<div class=\"col-md-4\">\n\t\t<p><span class=\"wpcf7-form-control-wrap\" data-name=\"your-name\"><input size=\"40\" maxlength=\"400\" class=\"wpcf7-form-control wpcf7-text wpcf7-validates-as-required\" aria-required=\"true\" aria-invalid=\"false\" placeholder=\"Nome*\" value=\"\" type=\"text\" name=\"your-name\" \/><\/span><span class=\"wpcf7-form-control-wrap\" data-name=\"your-job\"><input size=\"40\" maxlength=\"400\" class=\"wpcf7-form-control wpcf7-text\" aria-invalid=\"false\" placeholder=\"Cargo\" value=\"\" type=\"text\" name=\"your-job\" \/><\/span>\n\t\t<\/p>\n\t<\/div>\n\t<div class=\"col-md-4 pb-3\">\n\t\t<p><span class=\"wpcf7-form-control-wrap\" data-name=\"your-email\"><input size=\"40\" maxlength=\"400\" class=\"wpcf7-form-control wpcf7-email wpcf7-validates-as-required wpcf7-text wpcf7-validates-as-email\" aria-required=\"true\" aria-invalid=\"false\" placeholder=\"E-mail*\" value=\"\" type=\"email\" name=\"your-email\" \/><\/span><span class=\"wpcf7-form-control-wrap\" data-name=\"region\"><select class=\"wpcf7-form-control wpcf7-select wpcf7-validates-as-required bg-white\" aria-required=\"true\" aria-invalid=\"false\" name=\"region\"><option value=\"\">&#8212;Por favor escolha uma op\u00e7\u00e3o&#8212;<\/option><option value=\"Europa\">Europa<\/option><option value=\"\u00c1sia\">\u00c1sia<\/option><option value=\"Oriente M\u00e9dio (e Turquia)\">Oriente M\u00e9dio (e Turquia)<\/option><option value=\"Am\u00e9rica do Norte e Canad\u00e1\">Am\u00e9rica do Norte e Canad\u00e1<\/option><option value=\"Am\u00e9rica do Sul\">Am\u00e9rica do Sul<\/option><\/select><\/span>\n\t\t<\/p>\n\t<\/div>\n\t<div class=\"col-md-4\">\n\t\t<p><span class=\"wpcf7-form-control-wrap\" data-name=\"your-message\"><textarea cols=\"40\" rows=\"4\" maxlength=\"2000\" class=\"wpcf7-form-control wpcf7-textarea wpcf7-validates-as-required\" aria-required=\"true\" aria-invalid=\"false\" placeholder=\"Mensagem*\" name=\"your-message\"><\/textarea><\/span>\n\t\t<\/p>\n\t<\/div>\n<\/div>\n<div class=\"row\">\n\t<div class=\"col-md-4 pe-2\">\n\t\t<div class=\"wp-block-buttons\">\n\t\t\t<div class=\"wp-block-button is-style-outline\">\n\t\t\t\t<p><label class=\"wp-block-button__link has-text-color has-blue-1-color\"><input class=\"wpcf7-form-control wpcf7-submit has-spinner\" type=\"submit\" value=\"Enviar\" \/><\/label>\n\t\t\t\t<\/p>\n\t\t\t<\/div>\n\t\t<\/div>\n\t<\/div>\n<\/div><div class=\"wpcf7-response-output\" aria-hidden=\"true\"><\/div>\n<\/form>\n<\/div>\n\n<\/div><\/div>\n<\/div><\/div>\n","protected":false},"excerpt":{"rendered":"<p>DIRE\u00c7\u00c3O Conselho de Administra\u00e7\u00e3o<\/p>\n","protected":false},"author":1,"featured_media":0,"parent":2264,"menu_order":30,"comment_status":"closed","ping_status":"closed","template":"","meta":{"_acf_changed":false,"_editorskit_title_hidden":false,"_editorskit_reading_time":1,"_editorskit_is_block_options_detached":false,"_editorskit_block_options_position":"{}","footnotes":""},"class_list":["post-2279","page","type-page","status-publish","hentry","entry"],"acf":{"color":"blue-1"},"yoast_head":"<!-- This site is optimized with the Yoast SEO plugin v25.7 - https:\/\/yoast.com\/wordpress\/plugins\/seo\/ -->\n<title>Conhe\u00e7a a Dire\u00e7\u00e3o - Hove A\/S<\/title>\n<meta name=\"robots\" content=\"index, follow, max-snippet:-1, max-image-preview:large, max-video-preview:-1\" \/>\n<link rel=\"canonical\" href=\"https:\/\/hove-as.com\/pt-pt\/sobre\/conheca-a-direcao\/\" \/>\n<meta property=\"og:locale\" content=\"pt_PT\" \/>\n<meta property=\"og:type\" content=\"article\" \/>\n<meta property=\"og:title\" content=\"Conhe\u00e7a a Dire\u00e7\u00e3o - Hove A\/S\" \/>\n<meta property=\"og:description\" content=\"DIRE\u00c7\u00c3O Conselho de Administra\u00e7\u00e3o\" \/>\n<meta property=\"og:url\" content=\"https:\/\/hove-as.com\/pt-pt\/sobre\/conheca-a-direcao\/\" \/>\n<meta property=\"og:site_name\" content=\"Hove A\/S\" \/>\n<meta property=\"article:modified_time\" content=\"2022-09-25T13:03:54+00:00\" \/>\n<meta property=\"og:image\" content=\"https:\/\/hove-as.com\/wp-content\/uploads\/2021\/09\/7-hero-e1630935596850.jpg\" \/>\n<meta name=\"twitter:card\" content=\"summary_large_image\" \/>\n<meta name=\"twitter:label1\" content=\"Tempo estimado de leitura\" \/>\n\t<meta name=\"twitter:data1\" content=\"1 minuto\" \/>\n<script type=\"application\/ld+json\" class=\"yoast-schema-graph\">{\"@context\":\"https:\/\/schema.org\",\"@graph\":[{\"@type\":\"WebPage\",\"@id\":\"https:\/\/hove-as.com\/pt-pt\/sobre\/conheca-a-direcao\/\",\"url\":\"https:\/\/hove-as.com\/pt-pt\/sobre\/conheca-a-direcao\/\",\"name\":\"Conhe\u00e7a a Dire\u00e7\u00e3o - Hove A\/S\",\"isPartOf\":{\"@id\":\"https:\/\/hove-as.com\/pt-pt\/#website\"},\"primaryImageOfPage\":{\"@id\":\"https:\/\/hove-as.com\/pt-pt\/sobre\/conheca-a-direcao\/#primaryimage\"},\"image\":{\"@id\":\"https:\/\/hove-as.com\/pt-pt\/sobre\/conheca-a-direcao\/#primaryimage\"},\"thumbnailUrl\":\"https:\/\/hove-as.com\/wp-content\/uploads\/2021\/09\/7-hero-e1630935596850.jpg\",\"datePublished\":\"2021-09-01T09:21:29+00:00\",\"dateModified\":\"2022-09-25T13:03:54+00:00\",\"breadcrumb\":{\"@id\":\"https:\/\/hove-as.com\/pt-pt\/sobre\/conheca-a-direcao\/#breadcrumb\"},\"inLanguage\":\"pt-PT\",\"potentialAction\":[{\"@type\":\"ReadAction\",\"target\":[\"https:\/\/hove-as.com\/pt-pt\/sobre\/conheca-a-direcao\/\"]}]},{\"@type\":\"ImageObject\",\"inLanguage\":\"pt-PT\",\"@id\":\"https:\/\/hove-as.com\/pt-pt\/sobre\/conheca-a-direcao\/#primaryimage\",\"url\":\"https:\/\/hove-as.com\/wp-content\/uploads\/2021\/09\/7-hero-e1630935596850.jpg\",\"contentUrl\":\"https:\/\/hove-as.com\/wp-content\/uploads\/2021\/09\/7-hero-e1630935596850.jpg\"},{\"@type\":\"BreadcrumbList\",\"@id\":\"https:\/\/hove-as.com\/pt-pt\/sobre\/conheca-a-direcao\/#breadcrumb\",\"itemListElement\":[{\"@type\":\"ListItem\",\"position\":1,\"name\":\"Home\",\"item\":\"https:\/\/hove-as.com\/pt-pt\/\"},{\"@type\":\"ListItem\",\"position\":2,\"name\":\"Sobre\",\"item\":\"https:\/\/hove-as.com\/pt-pt\/about\/\"},{\"@type\":\"ListItem\",\"position\":3,\"name\":\"Conhe\u00e7a a Dire\u00e7\u00e3o\"}]},{\"@type\":\"WebSite\",\"@id\":\"https:\/\/hove-as.com\/pt-pt\/#website\",\"url\":\"https:\/\/hove-as.com\/pt-pt\/\",\"name\":\"Hove A\/S\",\"description\":\"\",\"potentialAction\":[{\"@type\":\"SearchAction\",\"target\":{\"@type\":\"EntryPoint\",\"urlTemplate\":\"https:\/\/hove-as.com\/pt-pt\/?s={search_term_string}\"},\"query-input\":{\"@type\":\"PropertyValueSpecification\",\"valueRequired\":true,\"valueName\":\"search_term_string\"}}],\"inLanguage\":\"pt-PT\"}]}<\/script>\n<!-- \/ Yoast SEO plugin. -->","yoast_head_json":{"title":"Conhe\u00e7a a Dire\u00e7\u00e3o - Hove A\/S","robots":{"index":"index","follow":"follow","max-snippet":"max-snippet:-1","max-image-preview":"max-image-preview:large","max-video-preview":"max-video-preview:-1"},"canonical":"https:\/\/hove-as.com\/pt-pt\/sobre\/conheca-a-direcao\/","og_locale":"pt_PT","og_type":"article","og_title":"Conhe\u00e7a a Dire\u00e7\u00e3o - Hove A\/S","og_description":"DIRE\u00c7\u00c3O Conselho de Administra\u00e7\u00e3o","og_url":"https:\/\/hove-as.com\/pt-pt\/sobre\/conheca-a-direcao\/","og_site_name":"Hove A\/S","article_modified_time":"2022-09-25T13:03:54+00:00","og_image":[{"url":"https:\/\/hove-as.com\/wp-content\/uploads\/2021\/09\/7-hero-e1630935596850.jpg","type":"","width":"","height":""}],"twitter_card":"summary_large_image","twitter_misc":{"Tempo estimado de leitura":"1 minuto"},"schema":{"@context":"https:\/\/schema.org","@graph":[{"@type":"WebPage","@id":"https:\/\/hove-as.com\/pt-pt\/sobre\/conheca-a-direcao\/","url":"https:\/\/hove-as.com\/pt-pt\/sobre\/conheca-a-direcao\/","name":"Conhe\u00e7a a Dire\u00e7\u00e3o - Hove A\/S","isPartOf":{"@id":"https:\/\/hove-as.com\/pt-pt\/#website"},"primaryImageOfPage":{"@id":"https:\/\/hove-as.com\/pt-pt\/sobre\/conheca-a-direcao\/#primaryimage"},"image":{"@id":"https:\/\/hove-as.com\/pt-pt\/sobre\/conheca-a-direcao\/#primaryimage"},"thumbnailUrl":"https:\/\/hove-as.com\/wp-content\/uploads\/2021\/09\/7-hero-e1630935596850.jpg","datePublished":"2021-09-01T09:21:29+00:00","dateModified":"2022-09-25T13:03:54+00:00","breadcrumb":{"@id":"https:\/\/hove-as.com\/pt-pt\/sobre\/conheca-a-direcao\/#breadcrumb"},"inLanguage":"pt-PT","potentialAction":[{"@type":"ReadAction","target":["https:\/\/hove-as.com\/pt-pt\/sobre\/conheca-a-direcao\/"]}]},{"@type":"ImageObject","inLanguage":"pt-PT","@id":"https:\/\/hove-as.com\/pt-pt\/sobre\/conheca-a-direcao\/#primaryimage","url":"https:\/\/hove-as.com\/wp-content\/uploads\/2021\/09\/7-hero-e1630935596850.jpg","contentUrl":"https:\/\/hove-as.com\/wp-content\/uploads\/2021\/09\/7-hero-e1630935596850.jpg"},{"@type":"BreadcrumbList","@id":"https:\/\/hove-as.com\/pt-pt\/sobre\/conheca-a-direcao\/#breadcrumb","itemListElement":[{"@type":"ListItem","position":1,"name":"Home","item":"https:\/\/hove-as.com\/pt-pt\/"},{"@type":"ListItem","position":2,"name":"Sobre","item":"https:\/\/hove-as.com\/pt-pt\/about\/"},{"@type":"ListItem","position":3,"name":"Conhe\u00e7a a Dire\u00e7\u00e3o"}]},{"@type":"WebSite","@id":"https:\/\/hove-as.com\/pt-pt\/#website","url":"https:\/\/hove-as.com\/pt-pt\/","name":"Hove A\/S","description":"","potentialAction":[{"@type":"SearchAction","target":{"@type":"EntryPoint","urlTemplate":"https:\/\/hove-as.com\/pt-pt\/?s={search_term_string}"},"query-input":{"@type":"PropertyValueSpecification","valueRequired":true,"valueName":"search_term_string"}}],"inLanguage":"pt-PT"}]}},"_links":{"self":[{"href":"https:\/\/hove-as.com\/pt-pt\/wp-json\/wp\/v2\/pages\/2279","targetHints":{"allow":["GET"]}}],"collection":[{"href":"https:\/\/hove-as.com\/pt-pt\/wp-json\/wp\/v2\/pages"}],"about":[{"href":"https:\/\/hove-as.com\/pt-pt\/wp-json\/wp\/v2\/types\/page"}],"author":[{"embeddable":true,"href":"https:\/\/hove-as.com\/pt-pt\/wp-json\/wp\/v2\/users\/1"}],"replies":[{"embeddable":true,"href":"https:\/\/hove-as.com\/pt-pt\/wp-json\/wp\/v2\/comments?post=2279"}],"version-history":[{"count":0,"href":"https:\/\/hove-as.com\/pt-pt\/wp-json\/wp\/v2\/pages\/2279\/revisions"}],"up":[{"embeddable":true,"href":"https:\/\/hove-as.com\/pt-pt\/wp-json\/wp\/v2\/pages\/2264"}],"wp:attachment":[{"href":"https:\/\/hove-as.com\/pt-pt\/wp-json\/wp\/v2\/media?parent=2279"}],"curies":[{"name":"wp","href":"https:\/\/api.w.org\/{rel}","templated":true}]}}