{"id":5891,"date":"2021-09-02T19:17:30","date_gmt":"2021-09-02T17:17:30","guid":{"rendered":"https:\/\/hove-as.com\/easy-grease\/easy-grease-urun-yazilimi-guncellemesi\/"},"modified":"2023-12-01T12:35:41","modified_gmt":"2023-12-01T11:35:41","slug":"easy-grease-urun-yazilimi-guncellemesi","status":"publish","type":"page","link":"https:\/\/hove-as.com\/tr\/destek\/easy-grease\/easy-grease-urun-yazilimi-guncellemesi\/","title":{"rendered":"Easy Grease \u00dcr\u00fcn Yaz\u0131l\u0131m\u0131 G\u00fcncellemesi"},"content":{"rendered":"\n<div class=\"wp-block-cover alignfull is-light is-style-hero\"><span aria-hidden=\"true\" class=\"wp-block-cover__background has-green-2-background-color has-background-dim-0 has-background-dim\"><\/span><img loading=\"lazy\" decoding=\"async\" width=\"1440\" height=\"718\" class=\"wp-block-cover__image-background wp-image-463\" alt=\"\" src=\"https:\/\/hove-as.com\/wp-content\/uploads\/2021\/09\/5.1-hero.jpg\" data-object-fit=\"cover\" srcset=\"https:\/\/hove-as.com\/wp-content\/uploads\/2021\/09\/5.1-hero.jpg 1440w, https:\/\/hove-as.com\/wp-content\/uploads\/2021\/09\/5.1-hero-300x150.jpg 300w, https:\/\/hove-as.com\/wp-content\/uploads\/2021\/09\/5.1-hero-1024x511.jpg 1024w, https:\/\/hove-as.com\/wp-content\/uploads\/2021\/09\/5.1-hero-768x383.jpg 768w\" sizes=\"auto, (max-width: 1440px) 100vw, 1440px\" \/><div class=\"wp-block-cover__inner-container is-layout-flow wp-block-cover-is-layout-flow\">\n<div class=\"wp-block-group alignwide\"><div class=\"wp-block-group__inner-container is-layout-flow wp-block-group-is-layout-flow\">\n<h1 class=\"wp-block-heading has-white-color has-text-color\">Easy Grease<\/h1>\n\n\n\n<p class=\"has-white-color has-text-color\">A\u00e7\u0131lan ancak pompalamayan bir Easy Grease i\u00e7in \u00fcr\u00fcn yaz\u0131l\u0131m\u0131 g\u00fcncellemesi gerekebilir.<\/p>\n\n\n\n<div class=\"wp-block-buttons is-style-download is-layout-flex wp-block-buttons-is-layout-flex\">\n<div class=\"wp-block-button is-style-outline is-style-outline--1\"><a class=\"wp-block-button__link has-white-color has-text-color wp-element-button\" href=\"https:\/\/hove-as.com\/wp-content\/uploads\/2021\/09\/Hove_Firmware-Update-Guide_Rev.-001.pdf\" target=\"_blank\" rel=\"noreferrer noopener\">\u00dcR\u00dcN YAZILIMI G\u00dcNCELLEME KILAVUZU<\/a><\/div>\n<\/div>\n<\/div><\/div>\n<\/div><\/div>\n\n\n\n<div class=\"wp-block-group alignfull has-blue-5-background-color has-background\"><div class=\"wp-block-group__inner-container is-layout-flow wp-block-group-is-layout-flow\">\n<div class=\"wp-block-columns alignwide is-layout-flex wp-container-core-columns-is-layout-9d6595d7 wp-block-columns-is-layout-flex\">\n<div class=\"wp-block-column has-tablet-text-align-left has-mobile-text-align-left is-layout-flow wp-block-column-is-layout-flow\" style=\"flex-basis:75%\">\n<div class=\"wp-block-group alignwide\"><div class=\"wp-block-group__inner-container is-layout-flow wp-block-group-is-layout-flow\">\n<h2 class=\"wp-block-heading has-blue-1-color has-text-color\">\u00dcr\u00fcn Yaz\u0131l\u0131m\u0131 G\u00fcncellemesi<\/h2>\n\n\n\n<p class=\"is-style-lead has-blue-1-color has-text-color\">Easy Grease pompan\u0131z\u0131n en son \u00fcr\u00fcn yaz\u0131l\u0131m\u0131 ile \u00e7al\u0131\u015ft\u0131\u011f\u0131ndan emin olun.<\/p>\n\n\n\n<p class=\"has-blue-1-color has-text-color\">A\u015fa\u011f\u0131daki videoda \u00fcr\u00fcn yaz\u0131l\u0131m\u0131n\u0131n nas\u0131l g\u00fcncellenece\u011fine ili\u015fkin talimatlar yer almaktad\u0131r.<\/p>\n\n\n\n<figure class=\"wp-block-embed is-type-video is-provider-youtube wp-block-embed-youtube wp-embed-aspect-16-9 wp-has-aspect-ratio\"><div class=\"wp-block-embed__wrapper\">\n<iframe loading=\"lazy\" title=\"Update your Easy Greaser\" width=\"750\" height=\"422\" src=\"https:\/\/www.youtube.com\/embed\/M-1Q0bxaU8o?feature=oembed\" frameborder=\"0\" allow=\"accelerometer; autoplay; clipboard-write; encrypted-media; gyroscope; picture-in-picture; web-share\" allowfullscreen><\/iframe>\n<\/div><\/figure>\n\n\n\n<div style=\"height:50px\" aria-hidden=\"true\" class=\"wp-block-spacer\"><\/div>\n\n\n\n<p class=\"has-blue-1-color has-text-color\">\u00dcr\u00fcn yaz\u0131l\u0131m\u0131 dosyas\u0131n\u0131 indirmek i\u00e7in a\u015fa\u011f\u0131daki d\u00fc\u011fmeye t\u0131klay\u0131n.<\/p>\n\n\n\n<div class=\"wp-block-columns is-style-gapless is-layout-flex wp-container-core-columns-is-layout-9d6595d7 wp-block-columns-is-layout-flex\">\n<div class=\"wp-block-column is-layout-flow wp-block-column-is-layout-flow\" style=\"flex-basis:50%\">\n<div class=\"wp-block-buttons is-style-download is-layout-flex wp-block-buttons-is-layout-flex\">\n<div class=\"wp-block-button is-style-outline is-style-outline--2\"><a class=\"wp-block-button__link has-blue-1-color has-text-color wp-element-button\" href=\"https:\/\/hove-as.com\/wp-content\/uploads\/2023\/05\/Firmware-2022-005.zip\" target=\"_blank\" rel=\"noreferrer noopener\">\u00dcR\u00dcN YAZILIMI DOSYASI<\/a><\/div>\n<\/div>\n<\/div>\n\n\n\n<div class=\"wp-block-column is-layout-flow wp-block-column-is-layout-flow\" style=\"flex-basis:50%\">\n<div class=\"wp-block-buttons is-style-download is-layout-flex wp-container-core-buttons-is-layout-a74382ec wp-block-buttons-is-layout-flex\">\n<div class=\"wp-block-button is-style-outline is-style-outline--3\"><a class=\"wp-block-button__link has-blue-1-color has-text-color wp-element-button\" href=\"https:\/\/hove-as.com\/wp-content\/uploads\/2023\/05\/Release-Notes-for-Hove-Controllers-Firmware-2022-005-2022-01-18.docx\" target=\"_blank\" rel=\"noreferrer noopener\">rELEASE NOTE<\/a><\/div>\n<\/div>\n<\/div>\n<\/div>\n<\/div><\/div>\n<\/div>\n\n\n\n<div class=\"wp-block-column is-layout-flow wp-block-column-is-layout-flow\" style=\"flex-basis:25%\"><\/div>\n<\/div>\n<\/div><\/div>\n\n\n\n<div class=\"wp-block-group alignfull has-blue-3-background-color has-background\" id=\"get-in-touch\"><div class=\"wp-block-group__inner-container is-layout-flow wp-block-group-is-layout-flow\">\n<div class=\"wp-block-group alignwide\"><div class=\"wp-block-group__inner-container is-layout-flow wp-block-group-is-layout-flow\">\n<div class=\"wp-block-columns is-layout-flex wp-container-core-columns-is-layout-9d6595d7 wp-block-columns-is-layout-flex\">\n<div class=\"wp-block-column is-layout-flow wp-block-column-is-layout-flow\" style=\"flex-basis:65%\">\n<h2 class=\"wp-block-heading has-blue-1-color has-text-color\" id=\"get-in-touch\">\u0130leti\u015fime Ge\u00e7in<\/h2>\n\n\n\n<p class=\"is-style-lead has-blue-1-color has-text-color\">Hove \u00fcr\u00fcnleri, teklifleri ve hizmetleri hakk\u0131nda herhangi bir sorunuz varsa veya Hove&#8217;un i\u015fletmenize nas\u0131l fayda sa\u011flayabilece\u011fi hakk\u0131nda daha fazla bilgi edinmek istiyorsan\u0131z l\u00fctfen bizimle ileti\u015fime ge\u00e7mekten \u00e7ekinmeyin. Yard\u0131m etmek i\u00e7in buraday\u0131z.<\/p>\n<\/div>\n\n\n\n<div class=\"wp-block-column is-layout-flow wp-block-column-is-layout-flow\"><\/div>\n<\/div>\n\n\n\n<div class=\"wpcf7 no-js\" id=\"wpcf7-f6018-o1\" lang=\"tr-TR\" dir=\"ltr\" data-wpcf7-id=\"6018\">\n<div class=\"screen-reader-response\"><p role=\"status\" aria-live=\"polite\" aria-atomic=\"true\"><\/p> <ul><\/ul><\/div>\n<form action=\"\/tr\/wp-json\/wp\/v2\/pages\/5891#wpcf7-f6018-o1\" method=\"post\" class=\"wpcf7-form init\" aria-label=\"\u0130leti\u015fim Formu\" novalidate=\"novalidate\" data-status=\"init\">\n<fieldset class=\"hidden-fields-container\"><input type=\"hidden\" name=\"_wpcf7\" value=\"6018\" \/><input type=\"hidden\" name=\"_wpcf7_version\" value=\"6.1.1\" \/><input type=\"hidden\" name=\"_wpcf7_locale\" value=\"tr_TR\" \/><input type=\"hidden\" name=\"_wpcf7_unit_tag\" value=\"wpcf7-f6018-o1\" \/><input type=\"hidden\" name=\"_wpcf7_container_post\" value=\"0\" \/><input type=\"hidden\" name=\"_wpcf7_posted_data_hash\" value=\"\" \/><input type=\"hidden\" name=\"_wpcf7cf_hidden_group_fields\" value=\"[]\" \/><input type=\"hidden\" name=\"_wpcf7cf_hidden_groups\" value=\"[]\" \/><input type=\"hidden\" name=\"_wpcf7cf_visible_groups\" value=\"[]\" \/><input type=\"hidden\" name=\"_wpcf7cf_repeaters\" value=\"[]\" \/><input type=\"hidden\" name=\"_wpcf7cf_steps\" value=\"{}\" \/><input type=\"hidden\" name=\"_wpcf7cf_options\" value=\"{&quot;form_id&quot;:6018,&quot;conditions&quot;:[],&quot;settings&quot;:{&quot;animation&quot;:&quot;yes&quot;,&quot;animation_intime&quot;:200,&quot;animation_outtime&quot;:200,&quot;conditions_ui&quot;:&quot;normal&quot;,&quot;notice_dismissed&quot;:false,&quot;notice_dismissed_update-cf7-5.7.3&quot;:true}}\" \/><input type=\"hidden\" name=\"_wpcf7_recaptcha_response\" value=\"\" \/>\n<\/fieldset>\n<div class=\"row\">\n\t<div class=\"col-md-4\">\n\t\t<p><span class=\"wpcf7-form-control-wrap\" data-name=\"your-name\"><input size=\"40\" maxlength=\"400\" class=\"wpcf7-form-control wpcf7-text wpcf7-validates-as-required\" aria-required=\"true\" aria-invalid=\"false\" placeholder=\"Name*\" value=\"\" type=\"text\" name=\"your-name\" \/><\/span><br \/>\n<span class=\"wpcf7-form-control-wrap\" data-name=\"your-job\"><input size=\"40\" maxlength=\"400\" class=\"wpcf7-form-control wpcf7-text\" aria-invalid=\"false\" placeholder=\"Job Title\" value=\"\" type=\"text\" name=\"your-job\" \/><\/span><br \/>\n<span id=\"wpcf7-69e37ee11b697-wrapper\" class=\"wpcf7-form-control-wrap website-wrap\" ><input type=\"hidden\" name=\"website-time-start\" value=\"1776516833\"><input type=\"hidden\" name=\"website-time-check\" value=\"7\"><label for=\"wpcf7-69e37ee11b697-field\" class=\"hp-message\">Please leave this field empty.<\/label><input id=\"wpcf7-69e37ee11b697-field\"  placeholder=\"http:\/\/example.com\"  class=\"wpcf7-form-control wpcf7-text\" type=\"text\" name=\"website\" value=\"\" size=\"40\" tabindex=\"-1\" autocomplete=\"new-password\" \/><\/span>\n\t\t<\/p>\n\t<\/div>\n\t<div class=\"col-md-4 pb-3\">\n\t\t<p><span class=\"wpcf7-form-control-wrap\" data-name=\"your-email\"><input size=\"40\" maxlength=\"400\" class=\"wpcf7-form-control wpcf7-email wpcf7-validates-as-required wpcf7-text wpcf7-validates-as-email\" aria-required=\"true\" aria-invalid=\"false\" placeholder=\"E-mail*\" value=\"\" type=\"email\" name=\"your-email\" \/><\/span><br \/>\n<span class=\"wpcf7-form-control-wrap\" data-name=\"region\"><select class=\"wpcf7-form-control wpcf7-select wpcf7-validates-as-required bg-white\" aria-required=\"true\" aria-invalid=\"false\" name=\"region\"><option value=\"\">&#8212;L\u00fctfen bir se\u00e7enek se\u00e7in&#8212;<\/option><option value=\"Avrupa\">Avrupa<\/option><option value=\"Asya\">Asya<\/option><option value=\"Orta Do\u011fu (ve T\u00fcrkiye)\">Orta Do\u011fu (ve T\u00fcrkiye)<\/option><option value=\"Kuzey Amerika ve Kanada\">Kuzey Amerika ve Kanada<\/option><option value=\"G\u00fcney Amerika\">G\u00fcney Amerika<\/option><\/select><\/span>\n\t\t<\/p>\n\t<\/div>\n\t<div class=\"col-md-4\">\n\t\t<p><span class=\"wpcf7-form-control-wrap\" data-name=\"your-message\"><textarea cols=\"40\" rows=\"4\" maxlength=\"2000\" class=\"wpcf7-form-control wpcf7-textarea wpcf7-validates-as-required\" aria-required=\"true\" aria-invalid=\"false\" placeholder=\"Message*\" name=\"your-message\"><\/textarea><\/span>\n\t\t<\/p>\n\t<\/div>\n<\/div>\n<div class=\"row\">\n\t<div class=\"col-md-4 pe-2\">\n\t\t<div class=\"wp-block-buttons\">\n\t\t\t<div class=\"wp-block-button is-style-outline\">\n\t\t\t\t<p><label class=\"wp-block-button__link has-text-color has-blue-1-color\"><input class=\"wpcf7-form-control wpcf7-submit has-spinner\" type=\"submit\" value=\"Submit\" \/><\/label>\n\t\t\t\t<\/p>\n\t\t\t<\/div>\n\t\t<\/div>\n\t<\/div>\n<\/div><div class=\"wpcf7-response-output\" aria-hidden=\"true\"><\/div>\n<\/form>\n<\/div>\n\n<\/div><\/div>\n<\/div><\/div>\n","protected":false},"excerpt":{"rendered":"<p>\u00dcr\u00fcn Yaz\u0131l\u0131m\u0131 G\u00fcncellemesi Easy Grease pompan\u0131z\u0131n en son \u00fcr\u00fcn yaz\u0131l\u0131m\u0131 ile \u00e7al\u0131\u015ft\u0131\u011f\u0131ndan emin olun. A\u015fa\u011f\u0131daki videoda \u00fcr\u00fcn yaz\u0131l\u0131m\u0131n\u0131n nas\u0131l g\u00fcncellenece\u011fine ili\u015fkin talimatlar yer almaktad\u0131r. \u00dcr\u00fcn yaz\u0131l\u0131m\u0131 dosyas\u0131n\u0131 indirmek i\u00e7in a\u015fa\u011f\u0131daki d\u00fc\u011fmeye t\u0131klay\u0131n.<\/p>\n","protected":false},"author":1,"featured_media":0,"parent":5889,"menu_order":19,"comment_status":"closed","ping_status":"closed","template":"","meta":{"_acf_changed":false,"_editorskit_title_hidden":false,"_editorskit_reading_time":0,"_editorskit_is_block_options_detached":false,"_editorskit_block_options_position":"{}","footnotes":""},"class_list":["post-5891","page","type-page","status-publish","hentry","entry"],"acf":{"color":"green-2"},"yoast_head":"<!-- This site is optimized with the Yoast SEO plugin v25.7 - https:\/\/yoast.com\/wordpress\/plugins\/seo\/ -->\n<title>Easy Grease \u00dcr\u00fcn Yaz\u0131l\u0131m\u0131 G\u00fcncellemesi - Hove A\/S<\/title>\n<meta name=\"robots\" content=\"index, follow, max-snippet:-1, max-image-preview:large, max-video-preview:-1\" \/>\n<link rel=\"canonical\" href=\"https:\/\/hove-as.com\/tr\/destek\/easy-grease\/easy-grease-urun-yazilimi-guncellemesi\/\" \/>\n<meta property=\"og:locale\" content=\"tr_TR\" \/>\n<meta property=\"og:type\" content=\"article\" \/>\n<meta property=\"og:title\" content=\"Easy Grease \u00dcr\u00fcn Yaz\u0131l\u0131m\u0131 G\u00fcncellemesi - Hove A\/S\" \/>\n<meta property=\"og:description\" content=\"\u00dcr\u00fcn Yaz\u0131l\u0131m\u0131 G\u00fcncellemesi Easy Grease pompan\u0131z\u0131n en son \u00fcr\u00fcn yaz\u0131l\u0131m\u0131 ile \u00e7al\u0131\u015ft\u0131\u011f\u0131ndan emin olun. A\u015fa\u011f\u0131daki videoda \u00fcr\u00fcn yaz\u0131l\u0131m\u0131n\u0131n nas\u0131l g\u00fcncellenece\u011fine ili\u015fkin talimatlar yer almaktad\u0131r. \u00dcr\u00fcn yaz\u0131l\u0131m\u0131 dosyas\u0131n\u0131 indirmek i\u00e7in a\u015fa\u011f\u0131daki d\u00fc\u011fmeye t\u0131klay\u0131n.\" \/>\n<meta property=\"og:url\" content=\"https:\/\/hove-as.com\/tr\/destek\/easy-grease\/easy-grease-urun-yazilimi-guncellemesi\/\" \/>\n<meta property=\"og:site_name\" content=\"Hove A\/S\" \/>\n<meta property=\"article:modified_time\" content=\"2023-12-01T11:35:41+00:00\" \/>\n<meta property=\"og:image\" content=\"https:\/\/hove-as.com\/wp-content\/uploads\/2021\/09\/5.1-hero.jpg\" \/>\n<meta name=\"twitter:card\" content=\"summary_large_image\" \/>\n<meta name=\"twitter:label1\" content=\"Tahmini okuma s\u00fcresi\" \/>\n\t<meta name=\"twitter:data1\" content=\"1 dakika\" \/>\n<script type=\"application\/ld+json\" class=\"yoast-schema-graph\">{\"@context\":\"https:\/\/schema.org\",\"@graph\":[{\"@type\":\"WebPage\",\"@id\":\"https:\/\/hove-as.com\/tr\/destek\/easy-grease\/easy-grease-urun-yazilimi-guncellemesi\/\",\"url\":\"https:\/\/hove-as.com\/tr\/destek\/easy-grease\/easy-grease-urun-yazilimi-guncellemesi\/\",\"name\":\"Easy Grease \u00dcr\u00fcn Yaz\u0131l\u0131m\u0131 G\u00fcncellemesi - Hove A\/S\",\"isPartOf\":{\"@id\":\"https:\/\/hove-as.com\/tr\/#website\"},\"primaryImageOfPage\":{\"@id\":\"https:\/\/hove-as.com\/tr\/destek\/easy-grease\/easy-grease-urun-yazilimi-guncellemesi\/#primaryimage\"},\"image\":{\"@id\":\"https:\/\/hove-as.com\/tr\/destek\/easy-grease\/easy-grease-urun-yazilimi-guncellemesi\/#primaryimage\"},\"thumbnailUrl\":\"https:\/\/hove-as.com\/wp-content\/uploads\/2021\/09\/5.1-hero.jpg\",\"datePublished\":\"2021-09-02T17:17:30+00:00\",\"dateModified\":\"2023-12-01T11:35:41+00:00\",\"breadcrumb\":{\"@id\":\"https:\/\/hove-as.com\/tr\/destek\/easy-grease\/easy-grease-urun-yazilimi-guncellemesi\/#breadcrumb\"},\"inLanguage\":\"tr\",\"potentialAction\":[{\"@type\":\"ReadAction\",\"target\":[\"https:\/\/hove-as.com\/tr\/destek\/easy-grease\/easy-grease-urun-yazilimi-guncellemesi\/\"]}]},{\"@type\":\"ImageObject\",\"inLanguage\":\"tr\",\"@id\":\"https:\/\/hove-as.com\/tr\/destek\/easy-grease\/easy-grease-urun-yazilimi-guncellemesi\/#primaryimage\",\"url\":\"https:\/\/hove-as.com\/wp-content\/uploads\/2021\/09\/5.1-hero.jpg\",\"contentUrl\":\"https:\/\/hove-as.com\/wp-content\/uploads\/2021\/09\/5.1-hero.jpg\"},{\"@type\":\"BreadcrumbList\",\"@id\":\"https:\/\/hove-as.com\/tr\/destek\/easy-grease\/easy-grease-urun-yazilimi-guncellemesi\/#breadcrumb\",\"itemListElement\":[{\"@type\":\"ListItem\",\"position\":1,\"name\":\"Home\",\"item\":\"https:\/\/hove-as.com\/tr\/\"},{\"@type\":\"ListItem\",\"position\":2,\"name\":\"Destek\",\"item\":\"https:\/\/hove-as.com\/tr\/service-support\/\"},{\"@type\":\"ListItem\",\"position\":3,\"name\":\"Easy Grease\",\"item\":\"https:\/\/hove-as.com\/tr\/service-support\/easy-grease\/\"},{\"@type\":\"ListItem\",\"position\":4,\"name\":\"Easy Grease \u00dcr\u00fcn Yaz\u0131l\u0131m\u0131 G\u00fcncellemesi\"}]},{\"@type\":\"WebSite\",\"@id\":\"https:\/\/hove-as.com\/tr\/#website\",\"url\":\"https:\/\/hove-as.com\/tr\/\",\"name\":\"Hove A\/S\",\"description\":\"\",\"potentialAction\":[{\"@type\":\"SearchAction\",\"target\":{\"@type\":\"EntryPoint\",\"urlTemplate\":\"https:\/\/hove-as.com\/tr\/?s={search_term_string}\"},\"query-input\":{\"@type\":\"PropertyValueSpecification\",\"valueRequired\":true,\"valueName\":\"search_term_string\"}}],\"inLanguage\":\"tr\"}]}<\/script>\n<!-- \/ Yoast SEO plugin. -->","yoast_head_json":{"title":"Easy Grease \u00dcr\u00fcn Yaz\u0131l\u0131m\u0131 G\u00fcncellemesi - Hove A\/S","robots":{"index":"index","follow":"follow","max-snippet":"max-snippet:-1","max-image-preview":"max-image-preview:large","max-video-preview":"max-video-preview:-1"},"canonical":"https:\/\/hove-as.com\/tr\/destek\/easy-grease\/easy-grease-urun-yazilimi-guncellemesi\/","og_locale":"tr_TR","og_type":"article","og_title":"Easy Grease \u00dcr\u00fcn Yaz\u0131l\u0131m\u0131 G\u00fcncellemesi - Hove A\/S","og_description":"\u00dcr\u00fcn Yaz\u0131l\u0131m\u0131 G\u00fcncellemesi Easy Grease pompan\u0131z\u0131n en son \u00fcr\u00fcn yaz\u0131l\u0131m\u0131 ile \u00e7al\u0131\u015ft\u0131\u011f\u0131ndan emin olun. A\u015fa\u011f\u0131daki videoda \u00fcr\u00fcn yaz\u0131l\u0131m\u0131n\u0131n nas\u0131l g\u00fcncellenece\u011fine ili\u015fkin talimatlar yer almaktad\u0131r. \u00dcr\u00fcn yaz\u0131l\u0131m\u0131 dosyas\u0131n\u0131 indirmek i\u00e7in a\u015fa\u011f\u0131daki d\u00fc\u011fmeye t\u0131klay\u0131n.","og_url":"https:\/\/hove-as.com\/tr\/destek\/easy-grease\/easy-grease-urun-yazilimi-guncellemesi\/","og_site_name":"Hove A\/S","article_modified_time":"2023-12-01T11:35:41+00:00","og_image":[{"url":"https:\/\/hove-as.com\/wp-content\/uploads\/2021\/09\/5.1-hero.jpg","type":"","width":"","height":""}],"twitter_card":"summary_large_image","twitter_misc":{"Tahmini okuma s\u00fcresi":"1 dakika"},"schema":{"@context":"https:\/\/schema.org","@graph":[{"@type":"WebPage","@id":"https:\/\/hove-as.com\/tr\/destek\/easy-grease\/easy-grease-urun-yazilimi-guncellemesi\/","url":"https:\/\/hove-as.com\/tr\/destek\/easy-grease\/easy-grease-urun-yazilimi-guncellemesi\/","name":"Easy Grease \u00dcr\u00fcn Yaz\u0131l\u0131m\u0131 G\u00fcncellemesi - Hove A\/S","isPartOf":{"@id":"https:\/\/hove-as.com\/tr\/#website"},"primaryImageOfPage":{"@id":"https:\/\/hove-as.com\/tr\/destek\/easy-grease\/easy-grease-urun-yazilimi-guncellemesi\/#primaryimage"},"image":{"@id":"https:\/\/hove-as.com\/tr\/destek\/easy-grease\/easy-grease-urun-yazilimi-guncellemesi\/#primaryimage"},"thumbnailUrl":"https:\/\/hove-as.com\/wp-content\/uploads\/2021\/09\/5.1-hero.jpg","datePublished":"2021-09-02T17:17:30+00:00","dateModified":"2023-12-01T11:35:41+00:00","breadcrumb":{"@id":"https:\/\/hove-as.com\/tr\/destek\/easy-grease\/easy-grease-urun-yazilimi-guncellemesi\/#breadcrumb"},"inLanguage":"tr","potentialAction":[{"@type":"ReadAction","target":["https:\/\/hove-as.com\/tr\/destek\/easy-grease\/easy-grease-urun-yazilimi-guncellemesi\/"]}]},{"@type":"ImageObject","inLanguage":"tr","@id":"https:\/\/hove-as.com\/tr\/destek\/easy-grease\/easy-grease-urun-yazilimi-guncellemesi\/#primaryimage","url":"https:\/\/hove-as.com\/wp-content\/uploads\/2021\/09\/5.1-hero.jpg","contentUrl":"https:\/\/hove-as.com\/wp-content\/uploads\/2021\/09\/5.1-hero.jpg"},{"@type":"BreadcrumbList","@id":"https:\/\/hove-as.com\/tr\/destek\/easy-grease\/easy-grease-urun-yazilimi-guncellemesi\/#breadcrumb","itemListElement":[{"@type":"ListItem","position":1,"name":"Home","item":"https:\/\/hove-as.com\/tr\/"},{"@type":"ListItem","position":2,"name":"Destek","item":"https:\/\/hove-as.com\/tr\/service-support\/"},{"@type":"ListItem","position":3,"name":"Easy Grease","item":"https:\/\/hove-as.com\/tr\/service-support\/easy-grease\/"},{"@type":"ListItem","position":4,"name":"Easy Grease \u00dcr\u00fcn Yaz\u0131l\u0131m\u0131 G\u00fcncellemesi"}]},{"@type":"WebSite","@id":"https:\/\/hove-as.com\/tr\/#website","url":"https:\/\/hove-as.com\/tr\/","name":"Hove A\/S","description":"","potentialAction":[{"@type":"SearchAction","target":{"@type":"EntryPoint","urlTemplate":"https:\/\/hove-as.com\/tr\/?s={search_term_string}"},"query-input":{"@type":"PropertyValueSpecification","valueRequired":true,"valueName":"search_term_string"}}],"inLanguage":"tr"}]}},"_links":{"self":[{"href":"https:\/\/hove-as.com\/tr\/wp-json\/wp\/v2\/pages\/5891","targetHints":{"allow":["GET"]}}],"collection":[{"href":"https:\/\/hove-as.com\/tr\/wp-json\/wp\/v2\/pages"}],"about":[{"href":"https:\/\/hove-as.com\/tr\/wp-json\/wp\/v2\/types\/page"}],"author":[{"embeddable":true,"href":"https:\/\/hove-as.com\/tr\/wp-json\/wp\/v2\/users\/1"}],"replies":[{"embeddable":true,"href":"https:\/\/hove-as.com\/tr\/wp-json\/wp\/v2\/comments?post=5891"}],"version-history":[{"count":0,"href":"https:\/\/hove-as.com\/tr\/wp-json\/wp\/v2\/pages\/5891\/revisions"}],"up":[{"embeddable":true,"href":"https:\/\/hove-as.com\/tr\/wp-json\/wp\/v2\/pages\/5889"}],"wp:attachment":[{"href":"https:\/\/hove-as.com\/tr\/wp-json\/wp\/v2\/media?parent=5891"}],"curies":[{"name":"wp","href":"https:\/\/api.w.org\/{rel}","templated":true}]}}