{"id":5904,"date":"2021-08-26T20:47:24","date_gmt":"2021-08-26T18:47:24","guid":{"rendered":"https:\/\/hove-as.com\/indirilenler\/"},"modified":"2023-07-28T14:22:21","modified_gmt":"2023-07-28T12:22:21","slug":"indirilenler","status":"publish","type":"page","link":"https:\/\/hove-as.com\/tr\/destek\/indirilenler\/","title":{"rendered":"\u0130ndirilenler"},"content":{"rendered":"\n<div class=\"wp-block-cover alignfull is-style-hero\"><span aria-hidden=\"true\" class=\"wp-block-cover__background has-red-1-background-color has-background-dim-0 has-background-dim\"><\/span><img loading=\"lazy\" decoding=\"async\" width=\"1438\" height=\"979\" class=\"wp-block-cover__image-background wp-image-523\" alt=\"\" src=\"https:\/\/hove-as.com\/wp-content\/uploads\/2021\/09\/5-hero-1.jpg\" data-object-fit=\"cover\" srcset=\"https:\/\/hove-as.com\/wp-content\/uploads\/2021\/09\/5-hero-1.jpg 1438w, https:\/\/hove-as.com\/wp-content\/uploads\/2021\/09\/5-hero-1-300x204.jpg 300w, https:\/\/hove-as.com\/wp-content\/uploads\/2021\/09\/5-hero-1-1024x697.jpg 1024w, https:\/\/hove-as.com\/wp-content\/uploads\/2021\/09\/5-hero-1-768x523.jpg 768w\" sizes=\"auto, (max-width: 1438px) 100vw, 1438px\" \/><div class=\"wp-block-cover__inner-container is-layout-flow wp-block-cover-is-layout-flow\">\n<div class=\"wp-block-group alignwide\"><div class=\"wp-block-group__inner-container is-layout-flow wp-block-group-is-layout-flow\">\n<h1 class=\"wp-block-heading\">\u0130ND\u0130R\u0130LEB\u0130L\u0130R MATERYALLER<\/h1>\n\n\n\n<p>Hove ve Beinlich \u00fcr\u00fcnleri i\u00e7in t\u00fcm malzemeleri ve \u00f6zellikleri burada bulabilirsiniz.<\/p>\n<\/div><\/div>\n<\/div><\/div>\n\n\n\n<div class=\"wp-block-group alignfull has-white-background-color has-background\"><div class=\"wp-block-group__inner-container is-layout-flow wp-block-group-is-layout-flow\">\n<div class=\"wp-block-group alignwide\"><div class=\"wp-block-group__inner-container is-layout-flow wp-block-group-is-layout-flow\">\n<h2 class=\"wp-block-heading has-blue-1-color has-text-color\">Hove Bro\u015f\u00fcrleri<\/h2>\n\n\n\n<h3 class=\"wp-block-heading has-blue-2-color has-text-color\"><span class=\"uppercase\"><strong>Hove \u015firket bro\u015f\u00fcr\u00fc<\/strong><\/span><\/h3>\n\n\n\n<div class=\"wp-block-columns alignfull is-style-gapless is-layout-flex wp-container-core-columns-is-layout-9d6595d7 wp-block-columns-is-layout-flex\">\n<div class=\"wp-block-column is-vertically-aligned-center is-layout-flow wp-block-column-is-layout-flow\" style=\"flex-basis:33.34%\">\n<div class=\"wp-block-buttons is-style-download is-layout-flex wp-block-buttons-is-layout-flex\">\n<div class=\"wp-block-button has-custom-width wp-block-button__width-75 is-style-outline is-style-outline--1\"><a class=\"wp-block-button__link has-blue-1-color has-text-color wp-element-button\" href=\"https:\/\/hove-as.com\/wp-content\/uploads\/2023\/03\/30200-HOVE-brochure-TUR-A4-k1.pdf\" target=\"_blank\" rel=\"noreferrer noopener\">\u0130ndir<\/a><\/div>\n<\/div>\n<\/div>\n<\/div>\n\n\n\n<h3 class=\"wp-block-heading has-blue-2-color has-text-color\"><span class=\"uppercase\"><strong>Hove smart lube bro\u015f\u00fcr\u00fc<\/strong><\/span><\/h3>\n<\/div><\/div>\n\n\n\n<div class=\"wp-block-columns alignwide is-style-gapless is-layout-flex wp-container-core-columns-is-layout-9d6595d7 wp-block-columns-is-layout-flex\">\n<div class=\"wp-block-column is-vertically-aligned-center is-layout-flow wp-block-column-is-layout-flow\" style=\"flex-basis:33.34%\">\n<div class=\"wp-block-buttons is-style-download is-layout-flex wp-block-buttons-is-layout-flex\">\n<div class=\"wp-block-button has-custom-width wp-block-button__width-75 is-style-outline is-style-outline--2\"><a class=\"wp-block-button__link has-blue-1-color has-text-color wp-element-button\" href=\"https:\/\/hove-as.com\/wp-content\/uploads\/2023\/03\/30200-HOVE-HSL-folder-TUR-A5-k1.pdf\" target=\"_blank\" rel=\"noreferrer noopener\">\u0130ndir<\/a><\/div>\n<\/div>\n<\/div>\n<\/div>\n\n\n\n<div style=\"height:40px\" aria-hidden=\"true\" class=\"wp-block-spacer\"><\/div>\n\n\n\n<h3 class=\"wp-block-heading alignwide has-blue-2-color has-text-color\"><span class=\"uppercase\"><strong>HOVE CARRY bro\u015f\u00fcr\u00fc<\/strong><\/span><\/h3>\n\n\n\n<div class=\"wp-block-columns alignwide is-style-gapless is-layout-flex wp-container-core-columns-is-layout-9d6595d7 wp-block-columns-is-layout-flex\">\n<div class=\"wp-block-column is-vertically-aligned-center is-layout-flow wp-block-column-is-layout-flow\" style=\"flex-basis:33.34%\">\n<div class=\"wp-block-buttons is-style-download is-layout-flex wp-block-buttons-is-layout-flex\">\n<div class=\"wp-block-button has-custom-width wp-block-button__width-75 is-style-outline is-style-outline--3\"><a class=\"wp-block-button__link has-blue-1-color has-text-color wp-element-button\" href=\"https:\/\/hove-as.com\/wp-content\/uploads\/2023\/03\/30200-HOVE-folder-A5-TUR-k1.pdf\" target=\"_blank\" rel=\"noreferrer noopener\">\u0130ndir<\/a><\/div>\n<\/div>\n<\/div>\n<\/div>\n<\/div><\/div>\n\n\n\n<div class=\"wp-block-group alignfull has-blue-5-background-color has-background\"><div class=\"wp-block-group__inner-container is-layout-flow wp-block-group-is-layout-flow\">\n<div class=\"wp-block-group alignwide\"><div class=\"wp-block-group__inner-container is-layout-flow wp-block-group-is-layout-flow\">\n<h2 class=\"wp-block-heading has-blue-1-color has-text-color\">Hove Teknik \u00fcr\u00fcn \u00f6zellikleri<\/h2>\n\n\n\n<h3 class=\"wp-block-heading has-blue-2-color has-text-color\"><span class=\"uppercase\"><strong>Hove ONE V1 &#8211; teknik \u00f6zellikler<\/strong><\/span><\/h3>\n\n\n\n<div class=\"wp-block-buttons is-style-download is-layout-flex wp-block-buttons-is-layout-flex\">\n<div class=\"wp-block-button is-style-outline is-style-outline--4\"><a class=\"wp-block-button__link has-blue-1-color has-text-color wp-element-button\" href=\"https:\/\/hove-as.com\/wp-content\/uploads\/2022\/11\/HoveONEv1-datasheet.pdf\" target=\"_blank\" rel=\"noreferrer noopener\">\u015eimdi indirin<\/a><\/div>\n<\/div>\n\n\n\n<h3 class=\"wp-block-heading has-blue-2-color has-text-color\"><span class=\"uppercase\"><strong>Hove Easy Grease V4 &#8211; teknik \u00f6zellikler<\/strong><\/span><\/h3>\n\n\n\n<div class=\"wp-block-buttons is-style-download is-layout-flex wp-block-buttons-is-layout-flex\">\n<div class=\"wp-block-button is-style-outline is-style-outline--5\"><a class=\"wp-block-button__link has-blue-1-color has-text-color wp-element-button\" href=\"https:\/\/hove-as.com\/wp-content\/uploads\/2022\/11\/HoveEGv4-datasheet.pdf\" target=\"_blank\" rel=\"noreferrer noopener\">\u015eimdi indirin<\/a><\/div>\n<\/div>\n\n\n\n<h3 class=\"wp-block-heading has-blue-2-color has-text-color\"><span class=\"uppercase\"><strong>Hove refiller V2 &#8211; teknik \u00f6zellikler<\/strong><\/span><\/h3>\n\n\n\n<div class=\"wp-block-buttons is-style-download is-layout-flex wp-block-buttons-is-layout-flex\">\n<div class=\"wp-block-button is-style-outline is-style-outline--6\"><a class=\"wp-block-button__link has-blue-1-color has-text-color wp-element-button\" href=\"https:\/\/hove-as.com\/wp-content\/uploads\/2022\/11\/HoveRefillerv2-datasheet.pdf\" target=\"_blank\" rel=\"noreferrer noopener\">\u015eimdi indirin<\/a><\/div>\n<\/div>\n\n\n\n<h3 class=\"wp-block-heading has-blue-2-color has-text-color\"><span class=\"uppercase\"><strong>Hove Easy Grease Carry &#8211; teknik \u00f6zellikler<\/strong><\/span><\/h3>\n\n\n\n<div class=\"wp-block-buttons is-style-download is-layout-flex wp-block-buttons-is-layout-flex\">\n<div class=\"wp-block-button is-style-outline is-style-outline--7\"><a class=\"wp-block-button__link has-blue-1-color has-text-color wp-element-button\" href=\"https:\/\/hove-as.com\/wp-content\/uploads\/2022\/11\/HoveCarry-datasheet-.pdf\" target=\"_blank\" rel=\"noreferrer noopener\">\u015eimdi indirin<\/a><\/div>\n<\/div>\n<\/div><\/div>\n<\/div><\/div>\n\n\n\n<div class=\"wp-block-group alignfull has-white-background-color has-background\"><div class=\"wp-block-group__inner-container is-layout-flow wp-block-group-is-layout-flow\">\n<div class=\"wp-block-group alignwide\"><div class=\"wp-block-group__inner-container is-layout-flow wp-block-group-is-layout-flow\">\n<h2 class=\"wp-block-heading has-blue-1-color has-text-color\">Beinlich Teknik \u00fcr\u00fcn \u00f6zellikleri<\/h2>\n\n\n\n<h3 class=\"wp-block-heading has-blue-2-color has-text-color\"><span class=\"uppercase\"><strong>Beinlich Pompalar\u0131 &#8211; Teknik \u00d6zellikler<\/strong><\/span><strong><\/strong><\/h3>\n\n\n\n<div class=\"wp-block-buttons is-style-download is-layout-flex wp-block-buttons-is-layout-flex\">\n<div class=\"wp-block-button is-style-outline is-style-outline--8\"><a class=\"wp-block-button__link has-blue-1-color has-text-color wp-element-button\" href=\"https:\/\/www.beinlich-pumps.com\/en\/downloads.html\" target=\"_blank\" rel=\"noreferrer noopener\">\u015eimdi indirin<\/a><\/div>\n<\/div>\n<\/div><\/div>\n<\/div><\/div>\n\n\n\n<div class=\"wp-block-group alignfull has-blue-5-background-color has-background\" id=\"firmware\"><div class=\"wp-block-group__inner-container is-layout-flow wp-block-group-is-layout-flow\">\n<div class=\"wp-block-group alignwide\"><div class=\"wp-block-group__inner-container is-layout-flow wp-block-group-is-layout-flow\">\n<h2 class=\"wp-block-heading has-blue-1-color has-text-color\">HOVE \u00dcR\u00dcNLERI\u0307 \u00dcR\u00dcN YAZILIMI<\/h2>\n\n\n\n<h3 class=\"wp-block-heading has-blue-2-color has-text-color\"><span class=\"uppercase\"><strong>\u00dcR\u00dcN YAZILIMI<\/strong><\/span><\/h3>\n\n\n\n<div class=\"wp-block-buttons is-style-download is-layout-flex wp-block-buttons-is-layout-flex\">\n<div class=\"wp-block-button is-style-outline is-style-outline--9\"><a class=\"wp-block-button__link has-blue-1-color has-text-color wp-element-button\" href=\"https:\/\/hove-as.com\/wp-content\/uploads\/2022\/06\/Hove_Firmware_2022-005.zip\" target=\"_blank\" rel=\"noreferrer noopener\">\u015eimdi indirin<\/a><\/div>\n<\/div>\n<\/div><\/div>\n<\/div><\/div>\n\n\n\n<div class=\"wp-block-group alignfull has-blue-3-background-color has-background\" id=\"get-in-touch\"><div class=\"wp-block-group__inner-container is-layout-flow wp-block-group-is-layout-flow\">\n<div class=\"wp-block-group alignwide\"><div class=\"wp-block-group__inner-container is-layout-flow wp-block-group-is-layout-flow\">\n<div class=\"wp-block-columns is-layout-flex wp-container-core-columns-is-layout-9d6595d7 wp-block-columns-is-layout-flex\">\n<div class=\"wp-block-column is-layout-flow wp-block-column-is-layout-flow\" style=\"flex-basis:65%\">\n<h2 class=\"wp-block-heading has-blue-1-color has-text-color\" id=\"get-in-touch\">\u0130leti\u015fime Ge\u00e7in<\/h2>\n\n\n\n<p class=\"is-style-lead has-blue-1-color has-text-color\">Hove \u00fcr\u00fcnleri, teklifleri ve hizmetleri hakk\u0131nda herhangi bir sorunuz varsa veya Hove&#8217;un i\u015fletmenize nas\u0131l fayda sa\u011flayabilece\u011fi hakk\u0131nda daha fazla bilgi edinmek istiyorsan\u0131z l\u00fctfen bizimle ileti\u015fime ge\u00e7mekten \u00e7ekinmeyin. Yard\u0131m etmek i\u00e7in buraday\u0131z.<\/p>\n<\/div>\n\n\n\n<div class=\"wp-block-column is-layout-flow wp-block-column-is-layout-flow\"><\/div>\n<\/div>\n\n\n\n<div class=\"wpcf7 no-js\" id=\"wpcf7-f6018-o1\" lang=\"tr-TR\" dir=\"ltr\" data-wpcf7-id=\"6018\">\n<div class=\"screen-reader-response\"><p role=\"status\" aria-live=\"polite\" aria-atomic=\"true\"><\/p> <ul><\/ul><\/div>\n<form action=\"\/tr\/wp-json\/wp\/v2\/pages\/5904#wpcf7-f6018-o1\" method=\"post\" class=\"wpcf7-form init\" aria-label=\"\u0130leti\u015fim Formu\" novalidate=\"novalidate\" data-status=\"init\">\n<fieldset class=\"hidden-fields-container\"><input type=\"hidden\" name=\"_wpcf7\" value=\"6018\" \/><input type=\"hidden\" name=\"_wpcf7_version\" value=\"6.1.1\" \/><input type=\"hidden\" name=\"_wpcf7_locale\" value=\"tr_TR\" \/><input type=\"hidden\" name=\"_wpcf7_unit_tag\" value=\"wpcf7-f6018-o1\" \/><input type=\"hidden\" name=\"_wpcf7_container_post\" value=\"0\" \/><input type=\"hidden\" name=\"_wpcf7_posted_data_hash\" value=\"\" \/><input type=\"hidden\" name=\"_wpcf7cf_hidden_group_fields\" value=\"[]\" \/><input type=\"hidden\" name=\"_wpcf7cf_hidden_groups\" value=\"[]\" \/><input type=\"hidden\" name=\"_wpcf7cf_visible_groups\" value=\"[]\" \/><input type=\"hidden\" name=\"_wpcf7cf_repeaters\" value=\"[]\" \/><input type=\"hidden\" name=\"_wpcf7cf_steps\" value=\"{}\" \/><input type=\"hidden\" name=\"_wpcf7cf_options\" value=\"{&quot;form_id&quot;:6018,&quot;conditions&quot;:[],&quot;settings&quot;:{&quot;animation&quot;:&quot;yes&quot;,&quot;animation_intime&quot;:200,&quot;animation_outtime&quot;:200,&quot;conditions_ui&quot;:&quot;normal&quot;,&quot;notice_dismissed&quot;:false,&quot;notice_dismissed_update-cf7-5.7.3&quot;:true}}\" \/><input type=\"hidden\" name=\"_wpcf7_recaptcha_response\" value=\"\" \/>\n<\/fieldset>\n<div class=\"row\">\n\t<div class=\"col-md-4\">\n\t\t<p><span class=\"wpcf7-form-control-wrap\" data-name=\"your-name\"><input size=\"40\" maxlength=\"400\" class=\"wpcf7-form-control wpcf7-text wpcf7-validates-as-required\" aria-required=\"true\" aria-invalid=\"false\" placeholder=\"Name*\" value=\"\" type=\"text\" name=\"your-name\" \/><\/span><br \/>\n<span class=\"wpcf7-form-control-wrap\" data-name=\"your-job\"><input size=\"40\" maxlength=\"400\" class=\"wpcf7-form-control wpcf7-text\" aria-invalid=\"false\" placeholder=\"Job Title\" value=\"\" type=\"text\" name=\"your-job\" \/><\/span><br \/>\n<span id=\"wpcf7-69d39fac70b7f-wrapper\" class=\"wpcf7-form-control-wrap website-wrap\" ><input type=\"hidden\" name=\"website-time-start\" value=\"1775476652\"><input type=\"hidden\" name=\"website-time-check\" value=\"7\"><label for=\"wpcf7-69d39fac70b7f-field\" class=\"hp-message\">Please leave this field empty.<\/label><input id=\"wpcf7-69d39fac70b7f-field\"  placeholder=\"http:\/\/example.com\"  class=\"wpcf7-form-control wpcf7-text\" type=\"text\" name=\"website\" value=\"\" size=\"40\" tabindex=\"-1\" autocomplete=\"new-password\" \/><\/span>\n\t\t<\/p>\n\t<\/div>\n\t<div class=\"col-md-4 pb-3\">\n\t\t<p><span class=\"wpcf7-form-control-wrap\" data-name=\"your-email\"><input size=\"40\" maxlength=\"400\" class=\"wpcf7-form-control wpcf7-email wpcf7-validates-as-required wpcf7-text wpcf7-validates-as-email\" aria-required=\"true\" aria-invalid=\"false\" placeholder=\"E-mail*\" value=\"\" type=\"email\" name=\"your-email\" \/><\/span><br \/>\n<span class=\"wpcf7-form-control-wrap\" data-name=\"region\"><select class=\"wpcf7-form-control wpcf7-select wpcf7-validates-as-required bg-white\" aria-required=\"true\" aria-invalid=\"false\" name=\"region\"><option value=\"\">&#8212;L\u00fctfen bir se\u00e7enek se\u00e7in&#8212;<\/option><option value=\"Avrupa\">Avrupa<\/option><option value=\"Asya\">Asya<\/option><option value=\"Orta Do\u011fu (ve T\u00fcrkiye)\">Orta Do\u011fu (ve T\u00fcrkiye)<\/option><option value=\"Kuzey Amerika ve Kanada\">Kuzey Amerika ve Kanada<\/option><option value=\"G\u00fcney Amerika\">G\u00fcney Amerika<\/option><\/select><\/span>\n\t\t<\/p>\n\t<\/div>\n\t<div class=\"col-md-4\">\n\t\t<p><span class=\"wpcf7-form-control-wrap\" data-name=\"your-message\"><textarea cols=\"40\" rows=\"4\" maxlength=\"2000\" class=\"wpcf7-form-control wpcf7-textarea wpcf7-validates-as-required\" aria-required=\"true\" aria-invalid=\"false\" placeholder=\"Message*\" name=\"your-message\"><\/textarea><\/span>\n\t\t<\/p>\n\t<\/div>\n<\/div>\n<div class=\"row\">\n\t<div class=\"col-md-4 pe-2\">\n\t\t<div class=\"wp-block-buttons\">\n\t\t\t<div class=\"wp-block-button is-style-outline\">\n\t\t\t\t<p><label class=\"wp-block-button__link has-text-color has-blue-1-color\"><input class=\"wpcf7-form-control wpcf7-submit has-spinner\" type=\"submit\" value=\"Submit\" \/><\/label>\n\t\t\t\t<\/p>\n\t\t\t<\/div>\n\t\t<\/div>\n\t<\/div>\n<\/div><div class=\"wpcf7-response-output\" aria-hidden=\"true\"><\/div>\n<\/form>\n<\/div>\n\n<\/div><\/div>\n<\/div><\/div>\n","protected":false},"excerpt":{"rendered":"<p>Hove Bro\u015f\u00fcrleri Hove \u015firket bro\u015f\u00fcr\u00fc Hove smart lube bro\u015f\u00fcr\u00fc HOVE CARRY bro\u015f\u00fcr\u00fc Hove Teknik \u00fcr\u00fcn \u00f6zellikleri Hove ONE V1 &#8211; teknik \u00f6zellikler Hove Easy Grease V4 &#8211; teknik \u00f6zellikler Hove refiller V2 &#8211; teknik \u00f6zellikler Hove Easy Grease Carry &#8211; teknik \u00f6zellikler Beinlich Teknik \u00fcr\u00fcn \u00f6zellikleri Beinlich Pompalar\u0131 &#8211; Teknik \u00d6zellikler HOVE \u00dcR\u00dcNLERI\u0307 \u00dcR\u00dcN YAZILIMI&hellip; <a class=\"more-link\" href=\"https:\/\/hove-as.com\/tr\/destek\/indirilenler\/\">Continue reading <span class=\"screen-reader-text\">\u0130ndirilenler<\/span><\/a><\/p>\n","protected":false},"author":1,"featured_media":0,"parent":5960,"menu_order":15,"comment_status":"closed","ping_status":"closed","template":"","meta":{"_acf_changed":false,"_editorskit_title_hidden":false,"_editorskit_reading_time":1,"_editorskit_is_block_options_detached":false,"_editorskit_block_options_position":"{}","footnotes":""},"class_list":["post-5904","page","type-page","status-publish","hentry","entry"],"acf":{"color":"blue-1"},"yoast_head":"<!-- This site is optimized with the Yoast SEO plugin v25.7 - https:\/\/yoast.com\/wordpress\/plugins\/seo\/ -->\n<title>\u0130ndirilenler - Hove A\/S<\/title>\n<meta name=\"robots\" content=\"index, follow, max-snippet:-1, max-image-preview:large, max-video-preview:-1\" \/>\n<link rel=\"canonical\" href=\"https:\/\/hove-as.com\/tr\/destek\/indirilenler\/\" \/>\n<meta property=\"og:locale\" content=\"tr_TR\" \/>\n<meta property=\"og:type\" content=\"article\" \/>\n<meta property=\"og:title\" content=\"\u0130ndirilenler - Hove A\/S\" \/>\n<meta property=\"og:description\" content=\"Hove Bro\u015f\u00fcrleri Hove \u015firket bro\u015f\u00fcr\u00fc Hove smart lube bro\u015f\u00fcr\u00fc HOVE CARRY bro\u015f\u00fcr\u00fc Hove Teknik \u00fcr\u00fcn \u00f6zellikleri Hove ONE V1 &#8211; teknik \u00f6zellikler Hove Easy Grease V4 &#8211; teknik \u00f6zellikler Hove refiller V2 &#8211; teknik \u00f6zellikler Hove Easy Grease Carry &#8211; teknik \u00f6zellikler Beinlich Teknik \u00fcr\u00fcn \u00f6zellikleri Beinlich Pompalar\u0131 &#8211; Teknik \u00d6zellikler HOVE \u00dcR\u00dcNLERI\u0307 \u00dcR\u00dcN YAZILIMI&hellip; Continue reading \u0130ndirilenler\" \/>\n<meta property=\"og:url\" content=\"https:\/\/hove-as.com\/tr\/destek\/indirilenler\/\" \/>\n<meta property=\"og:site_name\" content=\"Hove A\/S\" \/>\n<meta property=\"article:modified_time\" content=\"2023-07-28T12:22:21+00:00\" \/>\n<meta property=\"og:image\" content=\"https:\/\/hove-as.com\/wp-content\/uploads\/2021\/09\/5-hero-1.jpg\" \/>\n<meta name=\"twitter:card\" content=\"summary_large_image\" \/>\n<meta name=\"twitter:label1\" content=\"Tahmini okuma s\u00fcresi\" \/>\n\t<meta name=\"twitter:data1\" content=\"1 dakika\" \/>\n<script type=\"application\/ld+json\" class=\"yoast-schema-graph\">{\"@context\":\"https:\/\/schema.org\",\"@graph\":[{\"@type\":\"WebPage\",\"@id\":\"https:\/\/hove-as.com\/tr\/destek\/indirilenler\/\",\"url\":\"https:\/\/hove-as.com\/tr\/destek\/indirilenler\/\",\"name\":\"\u0130ndirilenler - Hove A\/S\",\"isPartOf\":{\"@id\":\"https:\/\/hove-as.com\/tr\/#website\"},\"primaryImageOfPage\":{\"@id\":\"https:\/\/hove-as.com\/tr\/destek\/indirilenler\/#primaryimage\"},\"image\":{\"@id\":\"https:\/\/hove-as.com\/tr\/destek\/indirilenler\/#primaryimage\"},\"thumbnailUrl\":\"https:\/\/hove-as.com\/wp-content\/uploads\/2021\/09\/5-hero-1.jpg\",\"datePublished\":\"2021-08-26T18:47:24+00:00\",\"dateModified\":\"2023-07-28T12:22:21+00:00\",\"breadcrumb\":{\"@id\":\"https:\/\/hove-as.com\/tr\/destek\/indirilenler\/#breadcrumb\"},\"inLanguage\":\"tr\",\"potentialAction\":[{\"@type\":\"ReadAction\",\"target\":[\"https:\/\/hove-as.com\/tr\/destek\/indirilenler\/\"]}]},{\"@type\":\"ImageObject\",\"inLanguage\":\"tr\",\"@id\":\"https:\/\/hove-as.com\/tr\/destek\/indirilenler\/#primaryimage\",\"url\":\"https:\/\/hove-as.com\/wp-content\/uploads\/2021\/09\/5-hero-1.jpg\",\"contentUrl\":\"https:\/\/hove-as.com\/wp-content\/uploads\/2021\/09\/5-hero-1.jpg\"},{\"@type\":\"BreadcrumbList\",\"@id\":\"https:\/\/hove-as.com\/tr\/destek\/indirilenler\/#breadcrumb\",\"itemListElement\":[{\"@type\":\"ListItem\",\"position\":1,\"name\":\"Home\",\"item\":\"https:\/\/hove-as.com\/tr\/\"},{\"@type\":\"ListItem\",\"position\":2,\"name\":\"Destek\",\"item\":\"https:\/\/hove-as.com\/tr\/service-support\/\"},{\"@type\":\"ListItem\",\"position\":3,\"name\":\"\u0130ndirilenler\"}]},{\"@type\":\"WebSite\",\"@id\":\"https:\/\/hove-as.com\/tr\/#website\",\"url\":\"https:\/\/hove-as.com\/tr\/\",\"name\":\"Hove A\/S\",\"description\":\"\",\"potentialAction\":[{\"@type\":\"SearchAction\",\"target\":{\"@type\":\"EntryPoint\",\"urlTemplate\":\"https:\/\/hove-as.com\/tr\/?s={search_term_string}\"},\"query-input\":{\"@type\":\"PropertyValueSpecification\",\"valueRequired\":true,\"valueName\":\"search_term_string\"}}],\"inLanguage\":\"tr\"}]}<\/script>\n<!-- \/ Yoast SEO plugin. -->","yoast_head_json":{"title":"\u0130ndirilenler - Hove A\/S","robots":{"index":"index","follow":"follow","max-snippet":"max-snippet:-1","max-image-preview":"max-image-preview:large","max-video-preview":"max-video-preview:-1"},"canonical":"https:\/\/hove-as.com\/tr\/destek\/indirilenler\/","og_locale":"tr_TR","og_type":"article","og_title":"\u0130ndirilenler - Hove A\/S","og_description":"Hove Bro\u015f\u00fcrleri Hove \u015firket bro\u015f\u00fcr\u00fc Hove smart lube bro\u015f\u00fcr\u00fc HOVE CARRY bro\u015f\u00fcr\u00fc Hove Teknik \u00fcr\u00fcn \u00f6zellikleri Hove ONE V1 &#8211; teknik \u00f6zellikler Hove Easy Grease V4 &#8211; teknik \u00f6zellikler Hove refiller V2 &#8211; teknik \u00f6zellikler Hove Easy Grease Carry &#8211; teknik \u00f6zellikler Beinlich Teknik \u00fcr\u00fcn \u00f6zellikleri Beinlich Pompalar\u0131 &#8211; Teknik \u00d6zellikler HOVE \u00dcR\u00dcNLERI\u0307 \u00dcR\u00dcN YAZILIMI&hellip; Continue reading \u0130ndirilenler","og_url":"https:\/\/hove-as.com\/tr\/destek\/indirilenler\/","og_site_name":"Hove A\/S","article_modified_time":"2023-07-28T12:22:21+00:00","og_image":[{"url":"https:\/\/hove-as.com\/wp-content\/uploads\/2021\/09\/5-hero-1.jpg","type":"","width":"","height":""}],"twitter_card":"summary_large_image","twitter_misc":{"Tahmini okuma s\u00fcresi":"1 dakika"},"schema":{"@context":"https:\/\/schema.org","@graph":[{"@type":"WebPage","@id":"https:\/\/hove-as.com\/tr\/destek\/indirilenler\/","url":"https:\/\/hove-as.com\/tr\/destek\/indirilenler\/","name":"\u0130ndirilenler - Hove A\/S","isPartOf":{"@id":"https:\/\/hove-as.com\/tr\/#website"},"primaryImageOfPage":{"@id":"https:\/\/hove-as.com\/tr\/destek\/indirilenler\/#primaryimage"},"image":{"@id":"https:\/\/hove-as.com\/tr\/destek\/indirilenler\/#primaryimage"},"thumbnailUrl":"https:\/\/hove-as.com\/wp-content\/uploads\/2021\/09\/5-hero-1.jpg","datePublished":"2021-08-26T18:47:24+00:00","dateModified":"2023-07-28T12:22:21+00:00","breadcrumb":{"@id":"https:\/\/hove-as.com\/tr\/destek\/indirilenler\/#breadcrumb"},"inLanguage":"tr","potentialAction":[{"@type":"ReadAction","target":["https:\/\/hove-as.com\/tr\/destek\/indirilenler\/"]}]},{"@type":"ImageObject","inLanguage":"tr","@id":"https:\/\/hove-as.com\/tr\/destek\/indirilenler\/#primaryimage","url":"https:\/\/hove-as.com\/wp-content\/uploads\/2021\/09\/5-hero-1.jpg","contentUrl":"https:\/\/hove-as.com\/wp-content\/uploads\/2021\/09\/5-hero-1.jpg"},{"@type":"BreadcrumbList","@id":"https:\/\/hove-as.com\/tr\/destek\/indirilenler\/#breadcrumb","itemListElement":[{"@type":"ListItem","position":1,"name":"Home","item":"https:\/\/hove-as.com\/tr\/"},{"@type":"ListItem","position":2,"name":"Destek","item":"https:\/\/hove-as.com\/tr\/service-support\/"},{"@type":"ListItem","position":3,"name":"\u0130ndirilenler"}]},{"@type":"WebSite","@id":"https:\/\/hove-as.com\/tr\/#website","url":"https:\/\/hove-as.com\/tr\/","name":"Hove A\/S","description":"","potentialAction":[{"@type":"SearchAction","target":{"@type":"EntryPoint","urlTemplate":"https:\/\/hove-as.com\/tr\/?s={search_term_string}"},"query-input":{"@type":"PropertyValueSpecification","valueRequired":true,"valueName":"search_term_string"}}],"inLanguage":"tr"}]}},"_links":{"self":[{"href":"https:\/\/hove-as.com\/tr\/wp-json\/wp\/v2\/pages\/5904","targetHints":{"allow":["GET"]}}],"collection":[{"href":"https:\/\/hove-as.com\/tr\/wp-json\/wp\/v2\/pages"}],"about":[{"href":"https:\/\/hove-as.com\/tr\/wp-json\/wp\/v2\/types\/page"}],"author":[{"embeddable":true,"href":"https:\/\/hove-as.com\/tr\/wp-json\/wp\/v2\/users\/1"}],"replies":[{"embeddable":true,"href":"https:\/\/hove-as.com\/tr\/wp-json\/wp\/v2\/comments?post=5904"}],"version-history":[{"count":0,"href":"https:\/\/hove-as.com\/tr\/wp-json\/wp\/v2\/pages\/5904\/revisions"}],"up":[{"embeddable":true,"href":"https:\/\/hove-as.com\/tr\/wp-json\/wp\/v2\/pages\/5960"}],"wp:attachment":[{"href":"https:\/\/hove-as.com\/tr\/wp-json\/wp\/v2\/media?parent=5904"}],"curies":[{"name":"wp","href":"https:\/\/api.w.org\/{rel}","templated":true}]}}