{"id":5908,"date":"2021-08-27T15:08:07","date_gmt":"2021-08-27T13:08:07","guid":{"rendered":"https:\/\/hove-as.com\/hove-poli%cc%87ti%cc%87kasi\/"},"modified":"2023-03-21T11:07:08","modified_gmt":"2023-03-21T10:07:08","slug":"hove-politikasi","status":"publish","type":"page","link":"https:\/\/hove-as.com\/tr\/hakkinda\/hove-politikasi\/","title":{"rendered":"Hove politikas\u0131"},"content":{"rendered":"\n<div class=\"wp-block-cover alignfull is-style-hero\"><span aria-hidden=\"true\" class=\"wp-block-cover__background has-blue-1-background-color has-background-dim-0 has-background-dim\"><\/span><img loading=\"lazy\" decoding=\"async\" width=\"1428\" height=\"979\" class=\"wp-block-cover__image-background wp-image-401\" alt=\"\" src=\"https:\/\/hove-as.com\/wp-content\/uploads\/2021\/09\/7-hero-e1630935596850.jpg\" data-object-fit=\"cover\" srcset=\"https:\/\/hove-as.com\/wp-content\/uploads\/2021\/09\/7-hero-e1630935596850.jpg 1428w, https:\/\/hove-as.com\/wp-content\/uploads\/2021\/09\/7-hero-e1630935596850-300x206.jpg 300w, https:\/\/hove-as.com\/wp-content\/uploads\/2021\/09\/7-hero-e1630935596850-1024x702.jpg 1024w, https:\/\/hove-as.com\/wp-content\/uploads\/2021\/09\/7-hero-e1630935596850-768x527.jpg 768w\" sizes=\"auto, (max-width: 1428px) 100vw, 1428px\" \/><div class=\"wp-block-cover__inner-container is-layout-flow wp-block-cover-is-layout-flow\">\n<div class=\"wp-block-group alignwide\"><div class=\"wp-block-group__inner-container is-layout-flow wp-block-group-is-layout-flow\">\n<h1 class=\"wp-block-heading\">HOVE POL\u0130T\u0130KASI<\/h1>\n\n\n\n<p>Hove&#8217;un web sitesini ve \u00e7evrim i\u00e7i hizmetlerini kullanmak veri politikam\u0131za tabidir.<\/p>\n\n\n\n<div class=\"wp-block-buttons is-style-arrow_right is-layout-flex wp-block-buttons-is-layout-flex\">\n<div class=\"wp-block-button is-style-outline is-style-outline--1\"><a class=\"wp-block-button__link has-white-color has-text-color wp-element-button\" href=\"https:\/\/hove-as.com\/tr\/urunler-ve-cozumler\/\">\u00c7\u00f6z\u00fcmlerimiz hakk\u0131nda daha fazlas\u0131na bak\u0131n<\/a><\/div>\n<\/div>\n<\/div><\/div>\n<\/div><\/div>\n\n\n\n<div class=\"wp-block-group alignfull has-white-background-color has-background\"><div class=\"wp-block-group__inner-container is-layout-flow wp-block-group-is-layout-flow\">\n<div class=\"wp-block-group alignwide\"><div class=\"wp-block-group__inner-container is-layout-flow wp-block-group-is-layout-flow\">\n<h2 class=\"has-blue-1-color has-text-color wp-block-heading\">Hove Politikalar\u0131<\/h2>\n\n\n\n<div style=\"height:25px\" aria-hidden=\"true\" class=\"wp-block-spacer\"><\/div>\n\n\n\n<h3 class=\"has-blue-2-color has-text-color wp-block-heading\"><strong>VER\u0130 POL\u0130T\u0130KASI<\/strong><\/h3>\n\n\n\n<div class=\"wp-block-buttons is-style-download is-layout-flex wp-block-buttons-is-layout-flex\">\n<div class=\"wp-block-button is-style-outline is-style-outline--2\"><a class=\"wp-block-button__link has-blue-1-color has-text-color wp-element-button\" href=\"https:\/\/hove-as.com\/wp-content\/uploads\/2022\/10\/Data-Policy.pdf\" target=\"_blank\" rel=\"noreferrer noopener\">\u015eimdi indirin<\/a><\/div>\n<\/div>\n\n\n\n<div style=\"height:15px\" aria-hidden=\"true\" class=\"wp-block-spacer\"><\/div>\n\n\n\n<h3 class=\"has-blue-2-color has-text-color wp-block-heading\" style=\"text-transform:uppercase\"><strong>Yolsuzlukla M\u00fccadele Politikas\u0131<\/strong><\/h3>\n\n\n\n<div class=\"wp-block-buttons is-style-download is-layout-flex wp-block-buttons-is-layout-flex\">\n<div class=\"wp-block-button is-style-outline is-style-outline--3\"><a class=\"wp-block-button__link has-blue-1-color has-text-color wp-element-button\" href=\"https:\/\/hove-as.com\/wp-content\/uploads\/2022\/10\/Anti-corruption-Policy.pdf\" target=\"_blank\" rel=\"noreferrer noopener\">\u015eimdi indirin<\/a><\/div>\n<\/div>\n<\/div><\/div>\n\n\n\n<h3 class=\"alignwide has-blue-2-color has-text-color wp-block-heading\" style=\"text-transform:uppercase\"><strong>\u00c7e\u015fitlilik ve Kapsay\u0131c\u0131l\u0131k Politikas\u0131<\/strong><\/h3>\n\n\n\n<div class=\"wp-block-buttons alignwide is-style-download is-content-justification-left is-layout-flex wp-container-core-buttons-is-layout-fdcfc74e wp-block-buttons-is-layout-flex\">\n<div class=\"wp-block-button is-style-outline is-style-outline--4\"><a class=\"wp-block-button__link has-blue-1-color has-text-color wp-element-button\" href=\"https:\/\/hove-as.com\/wp-content\/uploads\/2022\/10\/Diversity-and-Inclusion-Policy.pdf\" target=\"_blank\" rel=\"noreferrer noopener\">\u015eimdi indirin<\/a><\/div>\n<\/div>\n\n\n\n<div style=\"height:15px\" aria-hidden=\"true\" class=\"wp-block-spacer\"><\/div>\n\n\n\n<h3 class=\"alignwide has-blue-2-color has-text-color wp-block-heading\" style=\"text-transform:uppercase\"><strong>\u0130nsan ve \u0130\u015f\u00e7i Haklar\u0131 Politikas\u0131<\/strong><\/h3>\n\n\n\n<div class=\"wp-block-buttons alignwide is-style-download is-content-justification-left is-layout-flex wp-container-core-buttons-is-layout-fdcfc74e wp-block-buttons-is-layout-flex\">\n<div class=\"wp-block-button is-style-outline is-style-outline--5\"><a class=\"wp-block-button__link has-blue-1-color has-text-color wp-element-button\" href=\"https:\/\/hove-as.com\/wp-content\/uploads\/2022\/10\/Human-and-Labour-Rights-Policy.pdf\" target=\"_blank\" rel=\"noreferrer noopener\">\u015eimdi indirin<\/a><\/div>\n<\/div>\n\n\n\n<div style=\"height:15px\" aria-hidden=\"true\" class=\"wp-block-spacer\"><\/div>\n\n\n\n<h3 class=\"alignwide has-blue-2-color has-text-color wp-block-heading\" style=\"text-transform:uppercase\"><strong>Kalite, Sa\u011fl\u0131k, G\u00fcvenlik ve \u00c7evre Politikas\u0131<\/strong><\/h3>\n\n\n\n<div class=\"wp-block-buttons alignwide is-style-download is-content-justification-left is-layout-flex wp-container-core-buttons-is-layout-fdcfc74e wp-block-buttons-is-layout-flex\">\n<div class=\"wp-block-button is-style-outline is-style-outline--6\"><a class=\"wp-block-button__link has-blue-1-color has-text-color wp-element-button\" href=\"https:\/\/hove-as.com\/wp-content\/uploads\/2022\/10\/Quality-Health-Safety-and-Environmental-Policy.pdf\" target=\"_blank\" rel=\"noreferrer noopener\">\u015eimdi indirin<\/a><\/div>\n<\/div>\n\n\n\n<div style=\"height:15px\" aria-hidden=\"true\" class=\"wp-block-spacer\"><\/div>\n\n\n\n<h3 class=\"alignwide has-blue-2-color has-text-color wp-block-heading\" style=\"text-transform:uppercase\"><strong>TEDAR\u0130K\u00c7\u0130 DAVRANI\u015e KURALLARI<\/strong><\/h3>\n\n\n\n<div class=\"wp-block-buttons alignwide is-style-download is-content-justification-left is-layout-flex wp-container-core-buttons-is-layout-fdcfc74e wp-block-buttons-is-layout-flex\">\n<div class=\"wp-block-button is-style-outline is-style-outline--7\"><a class=\"wp-block-button__link has-blue-1-color has-text-color wp-element-button\" href=\"https:\/\/hove-as.com\/wp-content\/uploads\/2023\/02\/Supplier-Code-of-Conduct.pdf\" target=\"_blank\" rel=\"noreferrer noopener\">\u015eimdi indirin<\/a><\/div>\n<\/div>\n\n\n\n<div style=\"height:100px\" aria-hidden=\"true\" class=\"wp-block-spacer\"><\/div>\n<\/div><\/div>\n","protected":false},"excerpt":{"rendered":"<p>Hove Politikalar\u0131 VER\u0130 POL\u0130T\u0130KASI Yolsuzlukla M\u00fccadele Politikas\u0131 \u00c7e\u015fitlilik ve Kapsay\u0131c\u0131l\u0131k Politikas\u0131 \u0130nsan ve \u0130\u015f\u00e7i Haklar\u0131 Politikas\u0131 Kalite, Sa\u011fl\u0131k, G\u00fcvenlik ve \u00c7evre Politikas\u0131 TEDAR\u0130K\u00c7\u0130 DAVRANI\u015e KURALLARI<\/p>\n","protected":false},"author":1,"featured_media":0,"parent":5961,"menu_order":34,"comment_status":"closed","ping_status":"closed","template":"","meta":{"_acf_changed":false,"_editorskit_title_hidden":false,"_editorskit_reading_time":1,"_editorskit_is_block_options_detached":false,"_editorskit_block_options_position":"{}","footnotes":""},"class_list":["post-5908","page","type-page","status-publish","hentry","entry"],"acf":{"color":"blue-1"},"yoast_head":"<!-- This site is optimized with the Yoast SEO plugin v25.7 - https:\/\/yoast.com\/wordpress\/plugins\/seo\/ -->\n<title>Hove politikas\u0131 - Hove A\/S<\/title>\n<meta name=\"robots\" content=\"index, follow, max-snippet:-1, max-image-preview:large, max-video-preview:-1\" \/>\n<link rel=\"canonical\" href=\"https:\/\/hove-as.com\/tr\/hakkinda\/hove-politikasi\/\" \/>\n<meta property=\"og:locale\" content=\"tr_TR\" \/>\n<meta property=\"og:type\" content=\"article\" \/>\n<meta property=\"og:title\" content=\"Hove politikas\u0131 - Hove A\/S\" \/>\n<meta property=\"og:description\" content=\"Hove Politikalar\u0131 VER\u0130 POL\u0130T\u0130KASI Yolsuzlukla M\u00fccadele Politikas\u0131 \u00c7e\u015fitlilik ve Kapsay\u0131c\u0131l\u0131k Politikas\u0131 \u0130nsan ve \u0130\u015f\u00e7i Haklar\u0131 Politikas\u0131 Kalite, Sa\u011fl\u0131k, G\u00fcvenlik ve \u00c7evre Politikas\u0131 TEDAR\u0130K\u00c7\u0130 DAVRANI\u015e KURALLARI\" \/>\n<meta property=\"og:url\" content=\"https:\/\/hove-as.com\/tr\/hakkinda\/hove-politikasi\/\" \/>\n<meta property=\"og:site_name\" content=\"Hove A\/S\" \/>\n<meta property=\"article:modified_time\" content=\"2023-03-21T10:07:08+00:00\" \/>\n<meta property=\"og:image\" content=\"https:\/\/hove-as.com\/wp-content\/uploads\/2021\/09\/7-hero-e1630935596850.jpg\" \/>\n<meta name=\"twitter:card\" content=\"summary_large_image\" \/>\n<meta name=\"twitter:label1\" content=\"Tahmini okuma s\u00fcresi\" \/>\n\t<meta name=\"twitter:data1\" content=\"1 dakika\" \/>\n<script type=\"application\/ld+json\" class=\"yoast-schema-graph\">{\"@context\":\"https:\/\/schema.org\",\"@graph\":[{\"@type\":\"WebPage\",\"@id\":\"https:\/\/hove-as.com\/tr\/hakkinda\/hove-politikasi\/\",\"url\":\"https:\/\/hove-as.com\/tr\/hakkinda\/hove-politikasi\/\",\"name\":\"Hove politikas\u0131 - Hove A\/S\",\"isPartOf\":{\"@id\":\"https:\/\/hove-as.com\/tr\/#website\"},\"primaryImageOfPage\":{\"@id\":\"https:\/\/hove-as.com\/tr\/hakkinda\/hove-politikasi\/#primaryimage\"},\"image\":{\"@id\":\"https:\/\/hove-as.com\/tr\/hakkinda\/hove-politikasi\/#primaryimage\"},\"thumbnailUrl\":\"https:\/\/hove-as.com\/wp-content\/uploads\/2021\/09\/7-hero-e1630935596850.jpg\",\"datePublished\":\"2021-08-27T13:08:07+00:00\",\"dateModified\":\"2023-03-21T10:07:08+00:00\",\"breadcrumb\":{\"@id\":\"https:\/\/hove-as.com\/tr\/hakkinda\/hove-politikasi\/#breadcrumb\"},\"inLanguage\":\"tr\",\"potentialAction\":[{\"@type\":\"ReadAction\",\"target\":[\"https:\/\/hove-as.com\/tr\/hakkinda\/hove-politikasi\/\"]}]},{\"@type\":\"ImageObject\",\"inLanguage\":\"tr\",\"@id\":\"https:\/\/hove-as.com\/tr\/hakkinda\/hove-politikasi\/#primaryimage\",\"url\":\"https:\/\/hove-as.com\/wp-content\/uploads\/2021\/09\/7-hero-e1630935596850.jpg\",\"contentUrl\":\"https:\/\/hove-as.com\/wp-content\/uploads\/2021\/09\/7-hero-e1630935596850.jpg\"},{\"@type\":\"BreadcrumbList\",\"@id\":\"https:\/\/hove-as.com\/tr\/hakkinda\/hove-politikasi\/#breadcrumb\",\"itemListElement\":[{\"@type\":\"ListItem\",\"position\":1,\"name\":\"Home\",\"item\":\"https:\/\/hove-as.com\/tr\/\"},{\"@type\":\"ListItem\",\"position\":2,\"name\":\"Hakk\u0131nda\",\"item\":\"https:\/\/hove-as.com\/tr\/hakkinda\/\"},{\"@type\":\"ListItem\",\"position\":3,\"name\":\"Hove politikas\u0131\"}]},{\"@type\":\"WebSite\",\"@id\":\"https:\/\/hove-as.com\/tr\/#website\",\"url\":\"https:\/\/hove-as.com\/tr\/\",\"name\":\"Hove A\/S\",\"description\":\"\",\"potentialAction\":[{\"@type\":\"SearchAction\",\"target\":{\"@type\":\"EntryPoint\",\"urlTemplate\":\"https:\/\/hove-as.com\/tr\/?s={search_term_string}\"},\"query-input\":{\"@type\":\"PropertyValueSpecification\",\"valueRequired\":true,\"valueName\":\"search_term_string\"}}],\"inLanguage\":\"tr\"}]}<\/script>\n<!-- \/ Yoast SEO plugin. -->","yoast_head_json":{"title":"Hove politikas\u0131 - Hove A\/S","robots":{"index":"index","follow":"follow","max-snippet":"max-snippet:-1","max-image-preview":"max-image-preview:large","max-video-preview":"max-video-preview:-1"},"canonical":"https:\/\/hove-as.com\/tr\/hakkinda\/hove-politikasi\/","og_locale":"tr_TR","og_type":"article","og_title":"Hove politikas\u0131 - Hove A\/S","og_description":"Hove Politikalar\u0131 VER\u0130 POL\u0130T\u0130KASI Yolsuzlukla M\u00fccadele Politikas\u0131 \u00c7e\u015fitlilik ve Kapsay\u0131c\u0131l\u0131k Politikas\u0131 \u0130nsan ve \u0130\u015f\u00e7i Haklar\u0131 Politikas\u0131 Kalite, Sa\u011fl\u0131k, G\u00fcvenlik ve \u00c7evre Politikas\u0131 TEDAR\u0130K\u00c7\u0130 DAVRANI\u015e KURALLARI","og_url":"https:\/\/hove-as.com\/tr\/hakkinda\/hove-politikasi\/","og_site_name":"Hove A\/S","article_modified_time":"2023-03-21T10:07:08+00:00","og_image":[{"url":"https:\/\/hove-as.com\/wp-content\/uploads\/2021\/09\/7-hero-e1630935596850.jpg","type":"","width":"","height":""}],"twitter_card":"summary_large_image","twitter_misc":{"Tahmini okuma s\u00fcresi":"1 dakika"},"schema":{"@context":"https:\/\/schema.org","@graph":[{"@type":"WebPage","@id":"https:\/\/hove-as.com\/tr\/hakkinda\/hove-politikasi\/","url":"https:\/\/hove-as.com\/tr\/hakkinda\/hove-politikasi\/","name":"Hove politikas\u0131 - Hove A\/S","isPartOf":{"@id":"https:\/\/hove-as.com\/tr\/#website"},"primaryImageOfPage":{"@id":"https:\/\/hove-as.com\/tr\/hakkinda\/hove-politikasi\/#primaryimage"},"image":{"@id":"https:\/\/hove-as.com\/tr\/hakkinda\/hove-politikasi\/#primaryimage"},"thumbnailUrl":"https:\/\/hove-as.com\/wp-content\/uploads\/2021\/09\/7-hero-e1630935596850.jpg","datePublished":"2021-08-27T13:08:07+00:00","dateModified":"2023-03-21T10:07:08+00:00","breadcrumb":{"@id":"https:\/\/hove-as.com\/tr\/hakkinda\/hove-politikasi\/#breadcrumb"},"inLanguage":"tr","potentialAction":[{"@type":"ReadAction","target":["https:\/\/hove-as.com\/tr\/hakkinda\/hove-politikasi\/"]}]},{"@type":"ImageObject","inLanguage":"tr","@id":"https:\/\/hove-as.com\/tr\/hakkinda\/hove-politikasi\/#primaryimage","url":"https:\/\/hove-as.com\/wp-content\/uploads\/2021\/09\/7-hero-e1630935596850.jpg","contentUrl":"https:\/\/hove-as.com\/wp-content\/uploads\/2021\/09\/7-hero-e1630935596850.jpg"},{"@type":"BreadcrumbList","@id":"https:\/\/hove-as.com\/tr\/hakkinda\/hove-politikasi\/#breadcrumb","itemListElement":[{"@type":"ListItem","position":1,"name":"Home","item":"https:\/\/hove-as.com\/tr\/"},{"@type":"ListItem","position":2,"name":"Hakk\u0131nda","item":"https:\/\/hove-as.com\/tr\/hakkinda\/"},{"@type":"ListItem","position":3,"name":"Hove politikas\u0131"}]},{"@type":"WebSite","@id":"https:\/\/hove-as.com\/tr\/#website","url":"https:\/\/hove-as.com\/tr\/","name":"Hove A\/S","description":"","potentialAction":[{"@type":"SearchAction","target":{"@type":"EntryPoint","urlTemplate":"https:\/\/hove-as.com\/tr\/?s={search_term_string}"},"query-input":{"@type":"PropertyValueSpecification","valueRequired":true,"valueName":"search_term_string"}}],"inLanguage":"tr"}]}},"_links":{"self":[{"href":"https:\/\/hove-as.com\/tr\/wp-json\/wp\/v2\/pages\/5908","targetHints":{"allow":["GET"]}}],"collection":[{"href":"https:\/\/hove-as.com\/tr\/wp-json\/wp\/v2\/pages"}],"about":[{"href":"https:\/\/hove-as.com\/tr\/wp-json\/wp\/v2\/types\/page"}],"author":[{"embeddable":true,"href":"https:\/\/hove-as.com\/tr\/wp-json\/wp\/v2\/users\/1"}],"replies":[{"embeddable":true,"href":"https:\/\/hove-as.com\/tr\/wp-json\/wp\/v2\/comments?post=5908"}],"version-history":[{"count":0,"href":"https:\/\/hove-as.com\/tr\/wp-json\/wp\/v2\/pages\/5908\/revisions"}],"up":[{"embeddable":true,"href":"https:\/\/hove-as.com\/tr\/wp-json\/wp\/v2\/pages\/5961"}],"wp:attachment":[{"href":"https:\/\/hove-as.com\/tr\/wp-json\/wp\/v2\/media?parent=5908"}],"curies":[{"name":"wp","href":"https:\/\/api.w.org\/{rel}","templated":true}]}}